{"id":65397,"date":"2022-10-22T19:43:37","date_gmt":"2022-10-22T18:43:37","guid":{"rendered":"https:\/\/www.customeeple.com\/product\/clash-of-katanas-spa\/"},"modified":"2022-10-22T19:43:37","modified_gmt":"2022-10-22T18:43:37","slug":"clash-of-katanas-spa","status":"publish","type":"product","link":"https:\/\/www.customeeple.com\/es\/producto\/clash-of-katanas-spa\/","title":{"rendered":"Clash Of Katanas (SPA)"},"content":{"rendered":"<p>El poder del Shogunato est\u00e1 en ruinas y Jap\u00f3n ha ca\u00eddo en el caos del Sengoku Jidai (estados en guerra). Los Daimyos llevan a sus clanes a la batalla, luchando por convertirse en el pr\u00f3ximo Shogun, mientras los campesinos se rebelan. Pero esos son los problemas de los se\u00f1ores y los generales, \u00a1el tuyo es liderar a tus hombres y conseguir el honor y la gloria para tu casa!<\/p>\n<p>CLASH of Katanas te transportar\u00e1 a las guerras Sengoku Jidai del Jap\u00f3n del siglo XVI. Las reglas se centran en el periodo posterior a la introducci\u00f3n de las armas de fuego por parte de los comerciantes europeos y abarca la invasi\u00f3n japonesa de Corea, conocida como la Guerra de Imjin. Este suplemento nos permitir\u00e1 jugar con las siguientes facciones:<br \/>\n&#8211; Chosokabe<br \/>\n&#8211; Date<br \/>\n&#8211; Hojo<br \/>\n&#8211; Iga\/Koga<br \/>\n&#8211; Mori<br \/>\n&#8211; Otomo<br \/>\n&#8211; Shimazu<br \/>\n&#8211; Takeda<br \/>\n&#8211; Oca,Toyotomi, Tokugawa<br \/>\n&#8211; Uesugi<br \/>\n&#8211; Ikko Ikki<br \/>\n&#8211; Wako<br \/>\n&#8211; Joseon Koreans<br \/>\n&#8211; Ming Chinese<\/p>\n<p>CLASH of Katanas tambi\u00e9n incluye reglas para ciertas tropas especiales y nuevos escenarios que expanden los que ya aparecen en Clash of Spears.<br \/>\nRecuerda que es necesario tener el reglamento Clash of Spears para poder jugar a Clash of Katanas.<\/p>\n","protected":false},"excerpt":{"rendered":"<p>El poder del Shogunato est\u00e1 en ruinas y Jap\u00f3n ha ca\u00eddo en el caos del Sengoku Jidai (estados en guerra). Los Daimyos llevan a sus clanes a la batalla, luchando por convertirse en el pr\u00f3ximo Shogun, mientras los campesinos se rebelan. Pero esos son los problemas de los se\u00f1ores y los generales, \u00a1el tuyo es [&hellip;]<\/p>\n","protected":false},"featured_media":65389,"template":"","meta":{"_acf_changed":false},"product_brand":[],"product_cat":[1180,1623],"product_tag":[],"class_list":{"0":"post-65397","1":"product","2":"type-product","3":"status-publish","4":"has-post-thumbnail","6":"product_cat-retail-products-es","7":"product_cat-wargames-es-2","9":"first","10":"onbackorder","11":"sale","12":"taxable","13":"shipping-taxable","14":"purchasable","15":"product-type-simple"},"exclude_global_add_ons":[],"addons":[],"acf":[],"_links":{"self":[{"href":"https:\/\/www.customeeple.com\/es\/wp-json\/wp\/v2\/product\/65397","targetHints":{"allow":["GET"]}}],"collection":[{"href":"https:\/\/www.customeeple.com\/es\/wp-json\/wp\/v2\/product"}],"about":[{"href":"https:\/\/www.customeeple.com\/es\/wp-json\/wp\/v2\/types\/product"}],"wp:featuredmedia":[{"embeddable":true,"href":"https:\/\/www.customeeple.com\/es\/wp-json\/wp\/v2\/media\/65389"}],"wp:attachment":[{"href":"https:\/\/www.customeeple.com\/es\/wp-json\/wp\/v2\/media?parent=65397"}],"wp:term":[{"taxonomy":"product_brand","embeddable":true,"href":"https:\/\/www.customeeple.com\/es\/wp-json\/wp\/v2\/product_brand?post=65397"},{"taxonomy":"product_cat","embeddable":true,"href":"https:\/\/www.customeeple.com\/es\/wp-json\/wp\/v2\/product_cat?post=65397"},{"taxonomy":"product_tag","embeddable":true,"href":"https:\/\/www.customeeple.com\/es\/wp-json\/wp\/v2\/product_tag?post=65397"}],"curies":[{"name":"wp","href":"https:\/\/api.w.org\/{rel}","templated":true}]}}