{"id":65395,"date":"2022-10-22T19:43:47","date_gmt":"2022-10-22T18:43:47","guid":{"rendered":"https:\/\/www.customeeple.com\/product\/clash-of-spears-spa\/"},"modified":"2022-10-22T19:43:47","modified_gmt":"2022-10-22T18:43:47","slug":"clash-of-spears-spa","status":"publish","type":"product","link":"https:\/\/www.customeeple.com\/es\/producto\/clash-of-spears-spa\/","title":{"rendered":"Clash of Spears (SPA)"},"content":{"rendered":"<p>Clash of Spears permite jugar incursiones y escaramuzas en la antig\u00fcedad utilizando peque\u00f1as fuerzas de 30 o m\u00e1s figuras por bando. Este juego de ritmo r\u00e1pido exige una atenci\u00f3n constante por parte de todos los jugadores, ya que alternan el uso de sus comandantes para empujar las unidades a la batalla y reaccionar en el turno del rival. Sin embargo, ten cuidado de no llevar a tus soldados hasta el agotamiento y planifica cada movimiento, ya que los enemigos siempre est\u00e1n preparados para interrumpir tus acciones e intentar frustrar tus planes.<\/p>\n<p>Este libro incluye todas las reglas necesarias para jugar al juego, as\u00ed como cinco escenarios de que reflejan distintos tipos de enfrentamientos. El libro tambi\u00e9n incluye listas para que construyas fuerzas para las diferentes naciones en guerra entre los siglos IV y II a.C. en el Mediterr\u00e1neo Occidental: Romanos republicanos, cartagineses, galos, ligures, samnitas, etruscos, campanos, \u00edberos, celt\u00edberos, lusitanos, griegos sicilianos, griegos del sur de Italia, n\u00famidas y ej\u00e9rcitos p\u00edrricos.<\/p>\n","protected":false},"excerpt":{"rendered":"<p>Clash of Spears permite jugar incursiones y escaramuzas en la antig\u00fcedad utilizando peque\u00f1as fuerzas de 30 o m\u00e1s figuras por bando. Este juego de ritmo r\u00e1pido exige una atenci\u00f3n constante por parte de todos los jugadores, ya que alternan el uso de sus comandantes para empujar las unidades a la batalla y reaccionar en el [&hellip;]<\/p>\n","protected":false},"featured_media":65391,"template":"","meta":{"_acf_changed":false},"product_brand":[],"product_cat":[1180,1623],"product_tag":[],"class_list":{"0":"post-65395","1":"product","2":"type-product","3":"status-publish","4":"has-post-thumbnail","6":"product_cat-retail-products-es","7":"product_cat-wargames-es-2","9":"first","10":"onbackorder","11":"sale","12":"taxable","13":"shipping-taxable","14":"purchasable","15":"product-type-simple"},"exclude_global_add_ons":[],"addons":[],"acf":[],"_links":{"self":[{"href":"https:\/\/www.customeeple.com\/es\/wp-json\/wp\/v2\/product\/65395","targetHints":{"allow":["GET"]}}],"collection":[{"href":"https:\/\/www.customeeple.com\/es\/wp-json\/wp\/v2\/product"}],"about":[{"href":"https:\/\/www.customeeple.com\/es\/wp-json\/wp\/v2\/types\/product"}],"wp:featuredmedia":[{"embeddable":true,"href":"https:\/\/www.customeeple.com\/es\/wp-json\/wp\/v2\/media\/65391"}],"wp:attachment":[{"href":"https:\/\/www.customeeple.com\/es\/wp-json\/wp\/v2\/media?parent=65395"}],"wp:term":[{"taxonomy":"product_brand","embeddable":true,"href":"https:\/\/www.customeeple.com\/es\/wp-json\/wp\/v2\/product_brand?post=65395"},{"taxonomy":"product_cat","embeddable":true,"href":"https:\/\/www.customeeple.com\/es\/wp-json\/wp\/v2\/product_cat?post=65395"},{"taxonomy":"product_tag","embeddable":true,"href":"https:\/\/www.customeeple.com\/es\/wp-json\/wp\/v2\/product_tag?post=65395"}],"curies":[{"name":"wp","href":"https:\/\/api.w.org\/{rel}","templated":true}]}}