{"id":65394,"date":"2022-10-22T19:44:06","date_gmt":"2022-10-22T18:44:06","guid":{"rendered":"https:\/\/www.customeeple.com\/product\/saga-edad-de-la-magia\/"},"modified":"2022-10-22T19:44:06","modified_gmt":"2022-10-22T18:44:06","slug":"saga-edad-de-la-magia","status":"publish","type":"product","link":"https:\/\/www.customeeple.com\/es\/producto\/saga-edad-de-la-magia\/","title":{"rendered":"Saga Edad de la magia (SPA)"},"content":{"rendered":"<p>La fantas\u00eda es el crisol en el que se forjan los cuentos m\u00e1s heroicos. En estos mundos, un simple b\u00e1rbaro puede convertirse en rey, un antiguo hechicero puede unir razas enteras para oponerse a las sombras, y un ej\u00e9rcito de muertos puede levantarse &#8230;<\/p>\n<p>Dragones, hechiceros y paladines descienden a las mesas de juego de SAGA en la Era de la Magia.<\/p>\n<p>Crea una banda de guerra de una de las seis facciones, recluta nuevas unidades como Monstruos, Criaturas y M\u00e1quinas de guerra, y enfrenta a tus oponentes con la ayuda de poderosas hechiceras.<\/p>\n<p>La Edad de la Magia es un universo completo de SAGA que incluye:<\/p>\n<p>6 facciones arquet\u00edpicas del mundo de la fantas\u00eda para que puedas usar tus colecciones de figuras de fantas\u00eda para jugar a SAGA.<br \/>\nUnidades legendarias y bandas de guerra para cada facci\u00f3n que te permiten personalizar tus unidades.<br \/>\nNuevas reglas y equipos para representar las unidades m\u00e1s ic\u00f3nicas de estos mundos.<br \/>\nCompleta las reglas para la magia.<br \/>\nUn grimorio de m\u00e1s de treinta hechizos divididos en seis dominios de magia.<br \/>\nUna impresionante galer\u00eda de fotos de ej\u00e9rcitos y escenas de batalla para inspirar a los jugadores a construir sus propias bandas de guerra.<br \/>\nLa Edad de la Magia est\u00e1 dise\u00f1ada para dar a los jugadores todas las herramientas que necesitan para usar sus colecciones existentes de figuras de fantas\u00eda y para crear su propio universo de juegos.<\/p>\n<p>Suplemento en tapa dura de 108 p\u00e1ginas, m\u00e1s 6 tablas de batalla.<\/p>\n<p>Necesitar\u00e1s una copia del libro de reglas de SAGA para usar este suplemento<\/p>\n","protected":false},"excerpt":{"rendered":"<p>La fantas\u00eda es el crisol en el que se forjan los cuentos m\u00e1s heroicos. En estos mundos, un simple b\u00e1rbaro puede convertirse en rey, un antiguo hechicero puede unir razas enteras para oponerse a las sombras, y un ej\u00e9rcito de muertos puede levantarse &#8230; Dragones, hechiceros y paladines descienden a las mesas de juego de [&hellip;]<\/p>\n","protected":false},"featured_media":65387,"template":"","meta":{"_acf_changed":false},"product_brand":[],"product_cat":[1180,1623],"product_tag":[],"class_list":{"0":"post-65394","1":"product","2":"type-product","3":"status-publish","4":"has-post-thumbnail","6":"product_cat-retail-products-es","7":"product_cat-wargames-es-2","9":"first","10":"onbackorder","11":"sale","12":"taxable","13":"shipping-taxable","14":"purchasable","15":"product-type-simple"},"exclude_global_add_ons":[],"addons":[],"acf":[],"_links":{"self":[{"href":"https:\/\/www.customeeple.com\/es\/wp-json\/wp\/v2\/product\/65394","targetHints":{"allow":["GET"]}}],"collection":[{"href":"https:\/\/www.customeeple.com\/es\/wp-json\/wp\/v2\/product"}],"about":[{"href":"https:\/\/www.customeeple.com\/es\/wp-json\/wp\/v2\/types\/product"}],"wp:featuredmedia":[{"embeddable":true,"href":"https:\/\/www.customeeple.com\/es\/wp-json\/wp\/v2\/media\/65387"}],"wp:attachment":[{"href":"https:\/\/www.customeeple.com\/es\/wp-json\/wp\/v2\/media?parent=65394"}],"wp:term":[{"taxonomy":"product_brand","embeddable":true,"href":"https:\/\/www.customeeple.com\/es\/wp-json\/wp\/v2\/product_brand?post=65394"},{"taxonomy":"product_cat","embeddable":true,"href":"https:\/\/www.customeeple.com\/es\/wp-json\/wp\/v2\/product_cat?post=65394"},{"taxonomy":"product_tag","embeddable":true,"href":"https:\/\/www.customeeple.com\/es\/wp-json\/wp\/v2\/product_tag?post=65394"}],"curies":[{"name":"wp","href":"https:\/\/api.w.org\/{rel}","templated":true}]}}