{"id":6528,"date":"2013-12-30T19:50:48","date_gmt":"2013-12-30T18:50:48","guid":{"rendered":"http:\/\/www.customeeple.com\/product\/bases-especiales-para-infinity-1-unidad\/"},"modified":"2014-02-19T11:20:31","modified_gmt":"2014-02-19T10:20:31","slug":"bases-especiales-para-infinity-1-unidad","status":"publish","type":"product","link":"https:\/\/www.customeeple.com\/es\/producto\/bases-especiales-para-infinity-1-unidad\/","title":{"rendered":"Bases especiales para Infinity (1 unidad)"},"content":{"rendered":"<p>Nuestra bases especiales para <strong><a href=\"http:\/\/www.infinitythegame.com\/infinity\/en\"> Infinity<\/a><\/strong> est\u00e1n especialmente pensadas para ser usadas con las miniaturas que por su tama\u00f1o necesitan una base especial: <strong><\/strong><\/p>\n<ul>\n<li><strong><a href=\"http:\/\/www.infinitythegame.com\/infinity\/en\/2013\/miniatures\/iguana-squad\/\">Iguana<\/a><\/strong><\/li>\n<li><strong><a href=\"http:\/\/www.infinitythegame.com\/infinity\/es\/2012\/miniatures\/scarface\/\">Scarface\/<\/a><a href=\"http:\/\/www.infinitythegame.com\/infinity\/en\/2012\/miniatures\/armored-brigade-raicho\/\">Raicho<\/a><a href=\"http:\/\/www.infinitythegame.com\/infinity\/es\/2012\/miniatures\/scarface\/\">\/<\/a><a href=\"http:\/\/www.infinitythegame.com\/infinity\/es\/2013\/miniatures\/iguana-squad\/\">Iguana<\/a><\/strong><\/li>\n<li><strong> <a href=\"http:\/\/www.infinitythegame.com\/infinity\/en\/2011\/miniatures\/maruts\/\">Maruts<\/a><\/strong><\/li>\n<li><strong><a href=\"http:\/\/www.infinitythegame.com\/infinity\/es\/2011\/miniatures\/armbots-bulleteer\/\">Armbot<\/a><\/strong><\/li>\n<li><strong> <a href=\"http:\/\/www.infinitythegame.com\/infinity\/es\/2011\/miniatures\/o-yoroi-kidobutai\/\">Oyoroi<\/a> <\/strong><\/li>\n<li><strong><a href=\"http:\/\/www.infinitythegame.com\/infinity\/en\/2012\/miniatures\/yaopu-pangguling\/\">Remoto A<\/a>\u00a0(2 a\u00f1adidos)<\/strong><\/li>\n<li><strong><a href=\"http:\/\/www.infinitythegame.com\/infinity\/en\/2011\/miniatures\/salyut-zonds\/\">Remoto B<\/a>\u00a0(4 a\u00f1adidos<\/strong><\/li>\n<\/ul>\n<p>Todas nuestras bases est\u00e1n fabricadas en DM y tienen el tama\u00f1o apropiado para que encaje cada miniatura. El tama\u00f1o de todas las bases es oficial y han sido sido dise\u00f1adas en colaboraci\u00f3n con <strong><a href=\"http:\/\/www.corvusbelli.com\/\">Corvus Belli<\/a><\/strong>\u00a0 para ser usables en torneos oficiales de\u00a0<a href=\"http:\/\/infinitythegame.com\/\" target=\"_blank\"><strong>Infinity the game\u00a0<\/strong><\/a>. Las bases pueden ser lisas para que las decores a tu gusto o bien grabadas con una decoraci\u00f3n.<\/p>\n<p>&nbsp;<\/p>\n<div class=\"moreinfo\">\n<p><strong>Material:<\/strong> DM cortado y grabado<\/p>\n<p><strong>Espesor:<\/strong>\u00a03 mm<\/p>\n<p><strong>Tama\u00f1o:<\/strong> 40 mm m\u00e1s a\u00f1adidos<\/p>\n<p><strong>Cantidad: <\/strong>1 base<\/p>\n<p><strong>Uso:<\/strong> Como base para tus miniaturas de <strong><a href=\"http:\/\/www.infinitythegame.com\/infinity\/en\"> Infinity<\/a><\/strong><\/p>\n<\/div>\n<p>&nbsp;<\/p>\n","protected":false},"excerpt":{"rendered":"<p>Bases pensadas para miniaturas de <strong><a href=\"http:\/\/www.infinitythegame.com\/infinity\/en\">Infinity\u00a0 <\/a><\/strong>con tama\u00f1os especiales<\/p>\n","protected":false},"featured_media":7109,"template":"","meta":{"_acf_changed":false},"product_brand":[],"product_cat":[350,1370,291,1394,1372],"product_tag":[306],"class_list":{"0":"post-6528","1":"product","2":"type-product","3":"status-publish","4":"has-post-thumbnail","6":"product_cat-bases-es-infinity-es-2","7":"product_cat-customeeple-es","8":"product_cat-infinity-es-2","9":"product_cat-infinity-es","10":"product_cat-sci-fi-es","11":"product_tag-infinity-the-game-es-2","13":"first","14":"instock","15":"taxable","16":"shipping-taxable","17":"purchasable","18":"product-type-variable"},"exclude_global_add_ons":[],"addons":[],"acf":[],"_links":{"self":[{"href":"https:\/\/www.customeeple.com\/es\/wp-json\/wp\/v2\/product\/6528","targetHints":{"allow":["GET"]}}],"collection":[{"href":"https:\/\/www.customeeple.com\/es\/wp-json\/wp\/v2\/product"}],"about":[{"href":"https:\/\/www.customeeple.com\/es\/wp-json\/wp\/v2\/types\/product"}],"wp:featuredmedia":[{"embeddable":true,"href":"https:\/\/www.customeeple.com\/es\/wp-json\/wp\/v2\/media\/7109"}],"wp:attachment":[{"href":"https:\/\/www.customeeple.com\/es\/wp-json\/wp\/v2\/media?parent=6528"}],"wp:term":[{"taxonomy":"product_brand","embeddable":true,"href":"https:\/\/www.customeeple.com\/es\/wp-json\/wp\/v2\/product_brand?post=6528"},{"taxonomy":"product_cat","embeddable":true,"href":"https:\/\/www.customeeple.com\/es\/wp-json\/wp\/v2\/product_cat?post=6528"},{"taxonomy":"product_tag","embeddable":true,"href":"https:\/\/www.customeeple.com\/es\/wp-json\/wp\/v2\/product_tag?post=6528"}],"curies":[{"name":"wp","href":"https:\/\/api.w.org\/{rel}","templated":true}]}}