{"id":65173,"date":"2022-10-13T19:39:59","date_gmt":"2022-10-13T18:39:59","guid":{"rendered":"https:\/\/www.customeeple.com\/product\/uruk-hai-siege-assault-ballista\/"},"modified":"2024-07-12T00:00:01","modified_gmt":"2024-07-11T23:00:01","slug":"uruk-hai-siege-assault-ballista","status":"publish","type":"product","link":"https:\/\/www.customeeple.com\/es\/producto\/uruk-hai-siege-assault-ballista\/","title":{"rendered":"Uruk hai siege assault ballista"},"content":{"rendered":"<p>El ej\u00e9rcito Uruk-hai que asedi\u00f3 el Abismo de Helm no era una turba sin control, sino una hueste bien organizada con armas y maquinaria dise\u00f1adas por el propio Mago Blanco. Las Assault Ballista se llevaban sobre ruedas y disparaban grandes virotes, el doble de grandes que un hombre, por encima de las almenas, y llevaban fijadas gruesas cuerdas que permit\u00edan levantar sin esfuerzo escaleras de asedio. Por supuesto, una arma de tal potencia es igual de \u00fatil si se apunta al enemigo, donde el virote puede atravesar filas de guerreros o derribar a un Ent de un solo impacto.<\/p>\n<p>Esta caja contiene una Uruk-hai Siege Assault Ballista y tres Uruk-hai Crew, piezas de resina de gran detalle que se presentan en 19 componentes e incluyen tres peanas redondas de 25 mm.<\/p>\n<p><i>\u00a9 2020 New Line Productions, Inc. Todos los derechos reservados. El Se\u00f1or de los Anillos: La Comunidad del Anillo, El Se\u00f1or de los Anillos: Las Dos Torres, El Se\u00f1or de los Anillos: El Retorno del Rey y los nombres de los personajes, objetos, eventos y lugares que se mencionan en ellos son marcas registradas de The Saul Zaentz Company d\/b\/a Middle-earth Enterprises bajo licencia de New Line Productions, Inc.<br \/>\n\u00a9 Warner Bros. Entertainment Inc. Todos los derechos reservados. EL HOBBIT: UN VIAJE INESPERADO, EL HOBBIT: LA DESOLACI\u00d3N DE SMAUG, EL HOBBIT: LA BATALLA DE LOS CINCO EJ\u00c9RCITOS y los nombres de los personajes, objetos, eventos y lugares que se mencionan en ellos son marcas registradas de The Saul Zaentz Company d\/b\/a Middle-earth Enterprises bajo licencia de New Line Productions, Inc.\u00a0\u00a0\u00a0\u00a0\u00a0\u00a0\u00a0(s20)<\/i><\/p>\n","protected":false},"excerpt":{"rendered":"<p>El ej\u00e9rcito Uruk-hai que asedi\u00f3 el Abismo de Helm no era una turba sin control, sino una hueste bien organizada con armas y maquinaria dise\u00f1adas por el propio Mago Blanco. Las Assault Ballista se llevaban sobre ruedas y disparaban grandes virotes, el doble de grandes que un hombre, por encima de las almenas, y llevaban [&hellip;]<\/p>\n","protected":false},"featured_media":65165,"template":"","meta":{"_acf_changed":false},"product_brand":[],"product_cat":[1177,2081,1180,1623],"product_tag":[],"class_list":{"0":"post-65173","1":"product","2":"type-product","3":"status-publish","4":"has-post-thumbnail","6":"product_cat-games-workshop-es","7":"product_cat-middle-earth-battle-strategy-game-es","8":"product_cat-retail-products-es","9":"product_cat-wargames-es-2","11":"first","12":"onbackorder","13":"sale","14":"taxable","15":"shipping-taxable","16":"purchasable","17":"product-type-simple"},"exclude_global_add_ons":[],"addons":[],"acf":[],"_links":{"self":[{"href":"https:\/\/www.customeeple.com\/es\/wp-json\/wp\/v2\/product\/65173","targetHints":{"allow":["GET"]}}],"collection":[{"href":"https:\/\/www.customeeple.com\/es\/wp-json\/wp\/v2\/product"}],"about":[{"href":"https:\/\/www.customeeple.com\/es\/wp-json\/wp\/v2\/types\/product"}],"wp:featuredmedia":[{"embeddable":true,"href":"https:\/\/www.customeeple.com\/es\/wp-json\/wp\/v2\/media\/65165"}],"wp:attachment":[{"href":"https:\/\/www.customeeple.com\/es\/wp-json\/wp\/v2\/media?parent=65173"}],"wp:term":[{"taxonomy":"product_brand","embeddable":true,"href":"https:\/\/www.customeeple.com\/es\/wp-json\/wp\/v2\/product_brand?post=65173"},{"taxonomy":"product_cat","embeddable":true,"href":"https:\/\/www.customeeple.com\/es\/wp-json\/wp\/v2\/product_cat?post=65173"},{"taxonomy":"product_tag","embeddable":true,"href":"https:\/\/www.customeeple.com\/es\/wp-json\/wp\/v2\/product_tag?post=65173"}],"curies":[{"name":"wp","href":"https:\/\/api.w.org\/{rel}","templated":true}]}}