{"id":65141,"date":"2022-10-15T12:41:34","date_gmt":"2022-10-15T11:41:35","guid":{"rendered":"https:\/\/www.customeeple.com\/?post_type=product&#038;p=65141"},"modified":"2022-10-15T12:53:12","modified_gmt":"2022-10-15T11:53:12","slug":"m3e-beyond-time","status":"publish","type":"product","link":"https:\/\/www.customeeple.com\/es\/producto\/m3e-beyond-time\/","title":{"rendered":"M3E Beyond Time"},"content":{"rendered":"<p>Los modelos Malifaux son miniaturas a escala &#8216;heroica&#8217; de 32 mm hechas de pl\u00e1stico de alta calidad. Requerir\u00e1 algo de preparaci\u00f3n y montaje.<\/p>\n<p><strong>Facci\u00f3n:<\/strong> <strong>Outcast<\/strong><\/p>\n<p><strong>Palabra clave:<\/strong> <strong>Obliteration<\/strong><\/p>\n<p>Contenido:<\/p>\n<p>Aionus<br \/>\nTalos<\/p>\n","protected":false},"excerpt":{"rendered":"<p>Malifaux Box Set.<\/p>\n","protected":false},"featured_media":65143,"template":"","meta":{"_acf_changed":false},"product_brand":[],"product_cat":[1671,1201,1209,1180],"product_tag":[1652],"class_list":{"0":"post-65141","1":"product","2":"type-product","3":"status-publish","4":"has-post-thumbnail","6":"product_cat-malifaux-es-3","7":"product_cat-miniatures","8":"product_cat-outcast-es","9":"product_cat-retail-products-es","10":"product_tag-malifaux-es-2","12":"first","13":"onbackorder","14":"sale","15":"taxable","16":"shipping-taxable","17":"purchasable","18":"product-type-simple"},"exclude_global_add_ons":[],"addons":[],"acf":[],"_links":{"self":[{"href":"https:\/\/www.customeeple.com\/es\/wp-json\/wp\/v2\/product\/65141","targetHints":{"allow":["GET"]}}],"collection":[{"href":"https:\/\/www.customeeple.com\/es\/wp-json\/wp\/v2\/product"}],"about":[{"href":"https:\/\/www.customeeple.com\/es\/wp-json\/wp\/v2\/types\/product"}],"wp:featuredmedia":[{"embeddable":true,"href":"https:\/\/www.customeeple.com\/es\/wp-json\/wp\/v2\/media\/65143"}],"wp:attachment":[{"href":"https:\/\/www.customeeple.com\/es\/wp-json\/wp\/v2\/media?parent=65141"}],"wp:term":[{"taxonomy":"product_brand","embeddable":true,"href":"https:\/\/www.customeeple.com\/es\/wp-json\/wp\/v2\/product_brand?post=65141"},{"taxonomy":"product_cat","embeddable":true,"href":"https:\/\/www.customeeple.com\/es\/wp-json\/wp\/v2\/product_cat?post=65141"},{"taxonomy":"product_tag","embeddable":true,"href":"https:\/\/www.customeeple.com\/es\/wp-json\/wp\/v2\/product_tag?post=65141"}],"curies":[{"name":"wp","href":"https:\/\/api.w.org\/{rel}","templated":true}]}}