{"id":65129,"date":"2022-10-06T20:25:22","date_gmt":"2022-10-06T19:25:22","guid":{"rendered":"https:\/\/www.customeeple.com\/product\/el-juego-de-cartas-de-aventuras-de-pathfinder\/"},"modified":"2022-10-06T20:25:22","modified_gmt":"2022-10-06T19:25:22","slug":"el-juego-de-cartas-de-aventuras-de-pathfinder","status":"publish","type":"product","link":"https:\/\/www.customeeple.com\/es\/producto\/el-juego-de-cartas-de-aventuras-de-pathfinder\/","title":{"rendered":"El juego de cartas de aventuras de Pathfinder"},"content":{"rendered":"<p><i>\u00a1La aventura comienza aqu\u00ed!<\/i><\/p>\n<p><i>La torre de Belhaim se ha derrumbado, su mago ha desaparecido y los k\u00f3bolds susurran el nombre de una n\u00e9mesis drac\u00f3nica que lleva muerto mucho tiempo. Y no es m\u00e1s que vuestro primer d\u00eda en la ciudad\u2026<\/i><\/p>\n<p>Este completo juego cooperativo de estrategia enfrenta de 1 a 4 jugadores contra monstruos, peligros y trampas, a medida que os convert\u00eds en los h\u00e9roes de Belhaim. Como los nuevos campeones del pueblo, os encontrar\u00e9is con un interminable mundo de aventuras aguard\u00e1ndoos. Elegid la clase de vuestros personajes: cread un mazo de equipo, magia y aliados; y explorad localizaciones letales mientras viaj\u00e1is a trav\u00e9s de una emocionante historia de fantas\u00eda. A medida que vuestras aventuras avance, vuestros personajes a\u00f1adir\u00e1n equipo extraordinario y magia asombrosa a sus mazos conforme vayan adquiriendo incre\u00edbles poderes\u2026 poderes que necesitar\u00e1n para hacer frente a amenazas cada vez m\u00e1s peligrosas.<\/p>\n<p>Este juego incluye el libro de historias y las cartas para la Senda de aventuras\u00a0<i>La exigencia del drag\u00f3n<\/i>, as\u00ed como una base modular para escenarios infinitos que os permitir\u00e1 controlar la dificultad y la velocidad del juego.<\/p>\n<p>La versi\u00f3n b\u00e1sica del Juego de cartas de aventuras\u00a0<i>Pathfinder<\/i>\u00a0incluye:<\/p>\n<ul>\n<li>440 cartas con una amplia gama de armas poderosas, conjuros m\u00e1gicos, armaduras protectoras, objetos vers\u00e1tiles, aliados \u00fatiles y bendiciones divinas que os ayudar\u00e1n a enfrentaros a una hueste de monstruos crueles, barreras peligrosas, azotes viles y peligros amenazadores.<\/li>\n<li>12 peones de personaje, que representan las clases de personaje ic\u00f3nicas de\u00a0<i>Pathfinder<\/i>, desde la cl\u00e1sica cl\u00e9riga humana Kyra, hasta el nuevo alquimista goblin Fumbus.<\/li>\n<li>6 peanas<\/li>\n<li>Un juego completo de 5 dados poli\u00e9dricos<\/li>\n<li>63 fichas de colores para marcar azotes y objetivos secundarios<\/li>\n<li>24 separadores para organizar las cartas<\/li>\n<li>1 gu\u00eda de inicio r\u00e1pido de 4 p\u00e1ginas<\/li>\n<li>1 reglamento de 32 p\u00e1ginas<\/li>\n<li>1 libro de historias de 24 p\u00e1ginas que presenta\u00a0<i>La exigencia del drag\u00f3n<\/i><\/li>\n<\/ul>\n","protected":false},"excerpt":{"rendered":"<p>\u00a1La aventura comienza aqu\u00ed! La torre de Belhaim se ha derrumbado, su mago ha desaparecido y los k\u00f3bolds susurran el nombre de una n\u00e9mesis drac\u00f3nica que lleva muerto mucho tiempo. Y no es m\u00e1s que vuestro primer d\u00eda en la ciudad\u2026 Este completo juego cooperativo de estrategia enfrenta de 1 a 4 jugadores contra monstruos, [&hellip;]<\/p>\n","protected":false},"featured_media":65122,"template":"","meta":{"_acf_changed":false},"product_brand":[],"product_cat":[2003,2344,1557,1653,1180],"product_tag":[],"class_list":{"0":"post-65129","1":"product","2":"type-product","3":"status-publish","4":"has-post-thumbnail","6":"product_cat-cooperative-es","7":"product_cat-devir-es","8":"product_cat-card-game-es","9":"product_cat-boardgames","10":"product_cat-retail-products-es","12":"first","13":"outofstock","14":"sale","15":"taxable","16":"shipping-taxable","17":"purchasable","18":"product-type-simple"},"exclude_global_add_ons":[],"addons":[],"acf":[],"_links":{"self":[{"href":"https:\/\/www.customeeple.com\/es\/wp-json\/wp\/v2\/product\/65129","targetHints":{"allow":["GET"]}}],"collection":[{"href":"https:\/\/www.customeeple.com\/es\/wp-json\/wp\/v2\/product"}],"about":[{"href":"https:\/\/www.customeeple.com\/es\/wp-json\/wp\/v2\/types\/product"}],"wp:featuredmedia":[{"embeddable":true,"href":"https:\/\/www.customeeple.com\/es\/wp-json\/wp\/v2\/media\/65122"}],"wp:attachment":[{"href":"https:\/\/www.customeeple.com\/es\/wp-json\/wp\/v2\/media?parent=65129"}],"wp:term":[{"taxonomy":"product_brand","embeddable":true,"href":"https:\/\/www.customeeple.com\/es\/wp-json\/wp\/v2\/product_brand?post=65129"},{"taxonomy":"product_cat","embeddable":true,"href":"https:\/\/www.customeeple.com\/es\/wp-json\/wp\/v2\/product_cat?post=65129"},{"taxonomy":"product_tag","embeddable":true,"href":"https:\/\/www.customeeple.com\/es\/wp-json\/wp\/v2\/product_tag?post=65129"}],"curies":[{"name":"wp","href":"https:\/\/api.w.org\/{rel}","templated":true}]}}