{"id":65119,"date":"2022-10-03T13:45:06","date_gmt":"2022-10-03T12:45:06","guid":{"rendered":"https:\/\/www.customeeple.com\/product\/el-abejorro-tramposo\/"},"modified":"2022-10-03T13:45:06","modified_gmt":"2022-10-03T12:45:06","slug":"el-abejorro-tramposo","status":"publish","type":"product","link":"https:\/\/www.customeeple.com\/es\/producto\/el-abejorro-tramposo\/","title":{"rendered":"El abejorro tramposo"},"content":{"rendered":"<p>Normalmente, en los juegos no se permite hacer trampas. Pero, en este juego&#8230; \u00a1S\u00ed! Se trata de ser el primer jugador en deshacerse de todas las cartas y, para ello, tendr\u00e9is que ser ingeniosos a la hora de descartarlas y muy h\u00e1biles haciendo trampas.<\/p>\n<p><a href=\"https:\/\/devir.es\/como-jugar-a-abejorro-tramposo\">El abejorro tramposo<\/a>\u00a0es un juego de rapidez y<a href=\"https:\/\/devir.es\/devirpedia\/maquiavelico\">\u00a0trampas<\/a>\u00a0para 3-5 jugadores, en el que tendr\u00e1s que deshacerte de todas las cartas de tu mano para ganar. Empieza la partida sacando la carta de polen y coloc\u00e1ndola al alcance de todos los jugadores; a continuaci\u00f3n, pon una carta de langosta entre cada dos jugadores y saca la carta del gusano guardi\u00e1n. Baraja el resto de las cartas y rep\u00e1rtelas a todos los jugadores. Colocas el resto de cartas boca abajo en una pila en medio de la mesa, dando la vuelta a una de ellas. Ahora est\u00e1 todo listo para comenzar la partida.<\/p>\n<p>Siguiendo el orden de turno, cada jugador tiene que jugar una carta que debe mostrar una flor que tenga, como m\u00ednimo, uno de los colores de la flor de la carta superior de la pila de descarte. No importa qu\u00e9 parte de la flor muestre el mismo color. Siempre hay dos posibles colores que puedes jugar, por ejemplo: sobre una flor azul y roja, solo se puede jugar una flor que muestre el color azul, el rojo o ambos colores. Hay cartas normales de flores y cartas de acci\u00f3n. Entre cada jugador y su vecino, deber\u00eda haber colocada una carta de langosta. En cualquier momento durante la partida, los jugadores pueden intentar robar las langostas de los jugadores sentados a su lado.<\/p>\n<p>Cuando alguien roba una langosta al vecino, si este se da cuenta, puede reclamarla siempre que a\u00fan no se haya jugado ninguna otra carta en la pila de descarte (de hecho, si la siguiente carta jugada es una carta del propio ladr\u00f3n, el robo debe permanecer oculto una carta m\u00e1s para considerar que ha tenido \u00e9xito). Cuando alguien juega una carta de abeja polinizadora, este jugador debe decir: \u00a1Polinizaci\u00f3n!, coger la carta de polen, e intentar tocar otro jugador con ella. Si lo consigue, el jugador que ha sido tocado con el polen debe robar dos cartas del mazo. Otra carta de acci\u00f3n son las avispas, en las que hay que fijarse bien: si la avispa no tiene aguij\u00f3n, todos los jugadores menos el que ha jugado la carta han que golpear la carta lo m\u00e1s r\u00e1pido posible, y el \u00faltimo en hacerlo recibe una carta de todos los dem\u00e1s jugadores. \u00a1Pero cuidado! Si es una avispa que tiene aguij\u00f3n, el primer jugador que se confunde y la golpea recibe una carta de los dem\u00e1s jugadores (y si est\u00e1is todos muy atentos y nadie la golpea, el juego sigue).<\/p>\n<p>Otras cartas son las telara\u00f1as y las ara\u00f1as. La telara\u00f1a se puede jugar sobre cualquier carta (independientemente de los colores). Luego, el siguiente jugador tendr\u00e1 que jugar una carta que muestre una ara\u00f1a; si no tiene ninguna, deber\u00e1 robar una carta del mazo y el turno pasar\u00e1 al siguiente jugador, que tambi\u00e9n tendr\u00e1 que jugar una ara\u00f1a&#8230; y as\u00ed hasta que alguien juegue una ara\u00f1a. La ultima carta de acci\u00f3n posible es la mariposa. Cuando un jugador juegue esta carta, este jugador puede entregar una carta de su mano a cualquier otro jugador. Encima de las acciones locas, hay que hacer \u00a1TRAMPAS! Hay una carta que no se puede jugar en la pila:\u00a0<a href=\"https:\/\/devir.es\/como-jugar-a-abejorro-tramposo\">el abejorro tramposo.<\/a>\u00a0Aprovechando el caos de las cartas de acci\u00f3n, los jugadores deber\u00edan intentar deshacer de los abejorros tramposos que tengan en la mano. Hay que ser muy sigiloso porque uno de los jugadores es el \u00a1gusano guardi\u00e1n! El gusano guardi\u00e1n vigila para pillar a los dem\u00e1s jugadores haciendo trampas y cuando pilla uno, dice \u00ab\u00a1Te pille!\u00bb Si ese jugador estaba haciendo trampas, tiene que recoger las cartas de su trampa y se convierte en el gusano guardi\u00e1n. Para una experiencia de juego fren\u00e9tico y con muchas risas, juega la polilla tramposa para por fin poder hacer trampas \u00a1siguiendo las reglas del juego!<\/p>\n<p>Si est\u00e1s listo para un juego que te va a retar con acciones locas y\u00a0<a href=\"https:\/\/devir.es\/devirpedia\/maquiavelico\">trampas\u00a0<\/a>sigilosas, tienes que probar El abejorro tramposo. Este juego es ligeramente m\u00e1s complejo de<a href=\"https:\/\/devir.es\/polilla-tramposa\">\u00a0La polilla tramposa,<\/a>\u00a0e incluye cartas de acci\u00f3n a\u00fan m\u00e1s alocadas. Es ideal para jugar con<a href=\"https:\/\/devir.es\/devirpedia\/familiar\">\u00a0la familia,<\/a>\u00a0sobre todo con ni\u00f1os mayores. Para una partida r\u00e1pida con much\u00edsimas risitas aprende a jugar en Devir TV.<\/p>\n","protected":false},"excerpt":{"rendered":"<p>Normalmente, en los juegos no se permite hacer trampas. Pero, en este juego&#8230; \u00a1S\u00ed! Se trata de ser el primer jugador en deshacerse de todas las cartas y, para ello, tendr\u00e9is que ser ingeniosos a la hora de descartarlas y muy h\u00e1biles haciendo trampas. El abejorro tramposo\u00a0es un juego de rapidez y\u00a0trampas\u00a0para 3-5 jugadores, en [&hellip;]<\/p>\n","protected":false},"featured_media":65105,"template":"","meta":{"_acf_changed":false},"product_brand":[],"product_cat":[2344,2004,1557,1653,1180],"product_tag":[],"class_list":{"0":"post-65119","1":"product","2":"type-product","3":"status-publish","4":"has-post-thumbnail","6":"product_cat-devir-es","7":"product_cat-party-game-es","8":"product_cat-card-game-es","9":"product_cat-boardgames","10":"product_cat-retail-products-es","12":"first","13":"onbackorder","14":"sale","15":"taxable","16":"shipping-taxable","17":"purchasable","18":"product-type-simple"},"exclude_global_add_ons":[],"addons":[],"acf":[],"_links":{"self":[{"href":"https:\/\/www.customeeple.com\/es\/wp-json\/wp\/v2\/product\/65119","targetHints":{"allow":["GET"]}}],"collection":[{"href":"https:\/\/www.customeeple.com\/es\/wp-json\/wp\/v2\/product"}],"about":[{"href":"https:\/\/www.customeeple.com\/es\/wp-json\/wp\/v2\/types\/product"}],"wp:featuredmedia":[{"embeddable":true,"href":"https:\/\/www.customeeple.com\/es\/wp-json\/wp\/v2\/media\/65105"}],"wp:attachment":[{"href":"https:\/\/www.customeeple.com\/es\/wp-json\/wp\/v2\/media?parent=65119"}],"wp:term":[{"taxonomy":"product_brand","embeddable":true,"href":"https:\/\/www.customeeple.com\/es\/wp-json\/wp\/v2\/product_brand?post=65119"},{"taxonomy":"product_cat","embeddable":true,"href":"https:\/\/www.customeeple.com\/es\/wp-json\/wp\/v2\/product_cat?post=65119"},{"taxonomy":"product_tag","embeddable":true,"href":"https:\/\/www.customeeple.com\/es\/wp-json\/wp\/v2\/product_tag?post=65119"}],"curies":[{"name":"wp","href":"https:\/\/api.w.org\/{rel}","templated":true}]}}