{"id":65118,"date":"2022-10-06T20:21:02","date_gmt":"2022-10-06T19:21:02","guid":{"rendered":"https:\/\/www.customeeple.com\/product\/exit-la-mansion-siniestra\/"},"modified":"2022-10-06T20:21:02","modified_gmt":"2022-10-06T19:21:02","slug":"exit-la-mansion-siniestra","status":"publish","type":"product","link":"https:\/\/www.customeeple.com\/es\/producto\/exit-la-mansion-siniestra\/","title":{"rendered":"Exit: La Mansi\u00f3n Siniestra"},"content":{"rendered":"<p><strong>NIVEL: AVANZADO<\/strong><\/p>\n<p>Exit: La mansi\u00f3n siniestra es el und\u00e9cimo t\u00edtulo de la\u00a0<a href=\"https:\/\/devir.es\/devirpedia\/exit\">serie Exit,<\/a>\u00a0dise\u00f1ado por los autores alemanes\u00a0<a href=\"https:\/\/devir.es\/devirpedia\/markus-e-inka-brand\">Inka y Markus Brand<\/a>\u00a0en el a\u00f1o 2018 y est\u00e1 ambientado en una extra\u00f1a mansi\u00f3n en la que los jugadores se ven atrapados por un viejo enemigo. \u00bfLograr\u00e9is escapar?<\/p>\n<p>En este t\u00edtulo de la<a href=\"https:\/\/devir.es\/trailer-exit\">\u00a0serie Exit,<\/a>\u00a0los jugadores se encuentran en una extra\u00f1a mansi\u00f3n cuando las puertas de la misma se cierran dej\u00e1ndoles atrapados en su interior. Para lograr salir tendr\u00e1n que resolver todos los enigmas del juego. Poco a poco, los jugadores se dar\u00e1n cuenta de que han sido encerrados por el mismo peculiar personaje que ya hab\u00edan tenido que soportar en el primer t\u00edtulo de la serie:\u00a0<a href=\"https:\/\/devir.es\/exit-la-caba-a-abandonada\">La caba\u00f1a abandonada.<\/a>\u00a0Sin embargo, se trata de un juego totalmente independiente que puede jugarse incluso sin haber probado ning\u00fan otro juego de la serie.<\/p>\n<p>Exit: La mansi\u00f3n siniestra es el und\u00e9cimo t\u00edtulo de la\u00a0<a href=\"https:\/\/devir.es\/como-jugar-a-exit\">serie Exit\u00a0<\/a>y en \u00e9l los jugadores deben escapar de una extra\u00f1a casa en la que han sido encerrados por un viejo enemigo \u00bfSer\u00e1n capaces de encontrar la salida?<\/p>\n","protected":false},"excerpt":{"rendered":"<p>NIVEL: AVANZADO Exit: La mansi\u00f3n siniestra es el und\u00e9cimo t\u00edtulo de la\u00a0serie Exit,\u00a0dise\u00f1ado por los autores alemanes\u00a0Inka y Markus Brand\u00a0en el a\u00f1o 2018 y est\u00e1 ambientado en una extra\u00f1a mansi\u00f3n en la que los jugadores se ven atrapados por un viejo enemigo. \u00bfLograr\u00e9is escapar? En este t\u00edtulo de la\u00a0serie Exit,\u00a0los jugadores se encuentran en una [&hellip;]<\/p>\n","protected":false},"featured_media":65107,"template":"","meta":{"_acf_changed":false},"product_brand":[],"product_cat":[2003,2344,1653,1180],"product_tag":[],"class_list":{"0":"post-65118","1":"product","2":"type-product","3":"status-publish","4":"has-post-thumbnail","6":"product_cat-cooperative-es","7":"product_cat-devir-es","8":"product_cat-boardgames","9":"product_cat-retail-products-es","11":"first","12":"instock","13":"sale","14":"taxable","15":"shipping-taxable","16":"purchasable","17":"product-type-simple"},"exclude_global_add_ons":[],"addons":[],"acf":[],"_links":{"self":[{"href":"https:\/\/www.customeeple.com\/es\/wp-json\/wp\/v2\/product\/65118","targetHints":{"allow":["GET"]}}],"collection":[{"href":"https:\/\/www.customeeple.com\/es\/wp-json\/wp\/v2\/product"}],"about":[{"href":"https:\/\/www.customeeple.com\/es\/wp-json\/wp\/v2\/types\/product"}],"wp:featuredmedia":[{"embeddable":true,"href":"https:\/\/www.customeeple.com\/es\/wp-json\/wp\/v2\/media\/65107"}],"wp:attachment":[{"href":"https:\/\/www.customeeple.com\/es\/wp-json\/wp\/v2\/media?parent=65118"}],"wp:term":[{"taxonomy":"product_brand","embeddable":true,"href":"https:\/\/www.customeeple.com\/es\/wp-json\/wp\/v2\/product_brand?post=65118"},{"taxonomy":"product_cat","embeddable":true,"href":"https:\/\/www.customeeple.com\/es\/wp-json\/wp\/v2\/product_cat?post=65118"},{"taxonomy":"product_tag","embeddable":true,"href":"https:\/\/www.customeeple.com\/es\/wp-json\/wp\/v2\/product_tag?post=65118"}],"curies":[{"name":"wp","href":"https:\/\/api.w.org\/{rel}","templated":true}]}}