{"id":65117,"date":"2022-10-06T20:25:39","date_gmt":"2022-10-06T19:25:39","guid":{"rendered":"https:\/\/www.customeeple.com\/product\/senda-de-luz-y-sombra\/"},"modified":"2022-10-06T20:25:39","modified_gmt":"2022-10-06T19:25:39","slug":"senda-de-luz-y-sombra","status":"publish","type":"product","link":"https:\/\/www.customeeple.com\/es\/producto\/senda-de-luz-y-sombra\/","title":{"rendered":"SENDA DE LUZ Y SOMBRA"},"content":{"rendered":"<p>Toma las riendas de tu naci\u00f3n, env\u00eda las tropas a la batalla, unifica las provincias y los antiguos reinos y restaura la gloria que brillaba en el pasado. Tus decisiones cuentan: \u00bfSer\u00e1s un l\u00edder carism\u00e1tico y misericordioso? \u00bfO preferir\u00e1s ser cruel y temido? Senda de luz y sombra es un juego de construcci\u00f3n de imperios dise\u00f1ado por Travis R. Chance, Nick Little y Jonathan Gilmour, con ilustraciones de Beth Sobel. Permite partidas de 2 a 4 jugadores, a partir de 14 a\u00f1os, de unos 90 minutos de duraci\u00f3n.<\/p>\n<p>El tablero central muestra un gran mapa dividido en 12 provincias, que los jugadores podr\u00e1n conquistar. Cada provincia pertenece a uno de los 4 reinos, bas\u00e1ndose en su tipo de terreno: en el bosque tienen su morada las naciones forestales; en los cerros, el imperio de los clanes de Monta\u00f1a; en las llanuras residen los ciudadanos del valle sagrado y los r\u00edos est\u00e1n controlados por la soberan\u00eda fluvial. Adem\u00e1s de los s\u00fabditos de cada reino, encontramos 5 facciones que nos permitir\u00e1n mejorar nuestra mano de cartas: los Comunes, los Se\u00f1alados, las Hordas de Zurd, los Se\u00f1ores Gremiales Halax y los Numerai. Cada una de estas facciones est\u00e1 especializada en aspectos concretos, como el combate o la construcci\u00f3n, y servir\u00e1 para enfocar la estrategia que queramos tomar durante la partida. A trav\u00e9s de mec\u00e1nicas de construcci\u00f3n de mazos, control de \u00e1reas y mayor\u00edas y gesti\u00f3n de mano, los jugadores deber\u00e1n acumular m\u00e1s influencia que sus rivales si quieren ganar la partida.<\/p>\n<p>Senda de luz y sombra se desarrolla a lo largo de 3 fases (o a\u00f1os, en el juego), cada una de las cuales tiene 4 rondas. Al final de cada fase, los jugadores punt\u00faan influencia por el estado de su naci\u00f3n. En sus turnos, los jugadores podr\u00e1n mover a su l\u00edder a trav\u00e9s del mapa y hacer un gran n\u00famero de acciones. \u00a1La gran cantidad de cartas y opciones de mejora que nos brinda el juego har\u00e1n que nunca dos partidas sean iguales!<\/p>\n<p>Las cartas de nuestra mano representan la diversidad de gentes de nuestra naci\u00f3n, tanto de los diferentes reinos como de las distintas facciones. Con sus valores de combate, defensa y trabajo, podremos luchar, conseguir nuevos aliados o mejorar estructuras, que desbloquean poderes \u00fatiles a lo largo de la partida. Sin embargo, ejercer el liderazgo conlleva tomar decisiones dif\u00edciles. Seg\u00fan como tratemos a nuestra poblaci\u00f3n ganaremos puntos de piedad o crueldad, cosa que se ir\u00e1 reflejando en un marcador de moralidad. En funci\u00f3n de nuestro alineamiento podremos desbloquear nuevas capacidades que pueden ser determinantes a lo largo de la partida.<\/p>\n<p>Toda acci\u00f3n tiene consecuencias en Senda de luz y sombra, no solo en nuestra mano de cartas. Si los jugadores conquistan provincias es muy posible que durante el combate causen da\u00f1os a las estructuras y que su valor en puntos de influencia cada vez sea menor. Habr\u00e1 que pensar muy bien si vale la pena llevar a nuestros soldados al campo de batalla para plantar el estandarte sobre un mont\u00f3n de escombros y ceniza.<\/p>\n<p>Desarrolla poderosas tecnolog\u00edas, forja alianzas provechosas y sitia las fortalezas rivales para alzarte con la mayor influencia del tablero. Senda de luz y sombra no puede faltar en las estanter\u00edas de los amantes de los juegos de civilizaciones. Todos aquellos que busquen un buen reto y disfruten al tener un mont\u00f3n de elecciones a su alcance para planear y llevar a cabo diferentes estrategias lo encontrar\u00e1n en este t\u00edtulo. \u00a1Expande tu influencia y \u00e1lzate con la\u00a0victoria!<\/p>\n","protected":false},"excerpt":{"rendered":"<p>Toma las riendas de tu naci\u00f3n, env\u00eda las tropas a la batalla, unifica las provincias y los antiguos reinos y restaura la gloria que brillaba en el pasado. Tus decisiones cuentan: \u00bfSer\u00e1s un l\u00edder carism\u00e1tico y misericordioso? \u00bfO preferir\u00e1s ser cruel y temido? Senda de luz y sombra es un juego de construcci\u00f3n de imperios [&hellip;]<\/p>\n","protected":false},"featured_media":65109,"template":"","meta":{"_acf_changed":false},"product_brand":[],"product_cat":[2344,1557,1653,1180],"product_tag":[],"class_list":{"0":"post-65117","1":"product","2":"type-product","3":"status-publish","4":"has-post-thumbnail","6":"product_cat-devir-es","7":"product_cat-card-game-es","8":"product_cat-boardgames","9":"product_cat-retail-products-es","11":"first","12":"onbackorder","13":"sale","14":"taxable","15":"shipping-taxable","16":"purchasable","17":"product-type-simple"},"exclude_global_add_ons":[],"addons":[],"acf":[],"_links":{"self":[{"href":"https:\/\/www.customeeple.com\/es\/wp-json\/wp\/v2\/product\/65117","targetHints":{"allow":["GET"]}}],"collection":[{"href":"https:\/\/www.customeeple.com\/es\/wp-json\/wp\/v2\/product"}],"about":[{"href":"https:\/\/www.customeeple.com\/es\/wp-json\/wp\/v2\/types\/product"}],"wp:featuredmedia":[{"embeddable":true,"href":"https:\/\/www.customeeple.com\/es\/wp-json\/wp\/v2\/media\/65109"}],"wp:attachment":[{"href":"https:\/\/www.customeeple.com\/es\/wp-json\/wp\/v2\/media?parent=65117"}],"wp:term":[{"taxonomy":"product_brand","embeddable":true,"href":"https:\/\/www.customeeple.com\/es\/wp-json\/wp\/v2\/product_brand?post=65117"},{"taxonomy":"product_cat","embeddable":true,"href":"https:\/\/www.customeeple.com\/es\/wp-json\/wp\/v2\/product_cat?post=65117"},{"taxonomy":"product_tag","embeddable":true,"href":"https:\/\/www.customeeple.com\/es\/wp-json\/wp\/v2\/product_tag?post=65117"}],"curies":[{"name":"wp","href":"https:\/\/api.w.org\/{rel}","templated":true}]}}