{"id":65115,"date":"2022-10-03T13:43:32","date_gmt":"2022-10-03T12:43:32","guid":{"rendered":"https:\/\/www.customeeple.com\/product\/stone-age-junior\/"},"modified":"2022-10-03T13:43:32","modified_gmt":"2022-10-03T12:43:32","slug":"stone-age-junior","status":"publish","type":"product","link":"https:\/\/www.customeeple.com\/es\/producto\/stone-age-junior\/","title":{"rendered":"Stone Age Junior (ESP)"},"content":{"rendered":"<p>Premiado con el Kinderspiel des Jahres en 2016, llega la versi\u00f3n infantil de uno de los juegos m\u00e1s exitosos de Devir, <a href=\"https:\/\/devir.es\/stone-age\"><i>Stone Age<\/i><\/a>, creada por\u00a0<a href=\"https:\/\/devir.es\/entrevista-a-marco-teubner\">Marc Teubner<\/a>, autor de\u00a0<a href=\"https:\/\/devir.es\/carcassonne-junior\"><i>Carcassonne Junior<\/i>.<\/a>\u00a0En la Edad de Piedra los humanos ten\u00edan una forma de vida muy distinta. Consigue recursos, construye poblados y averigua con las historias de Bubo y Leta c\u00f3mo viv\u00edan las personas y descubre como era su d\u00eda a d\u00eda.<\/p>\n","protected":false},"excerpt":{"rendered":"<p>Premiado con el Kinderspiel des Jahres en 2016, llega la versi\u00f3n infantil de uno de los juegos m\u00e1s exitosos de Devir, Stone Age, creada por\u00a0Marc Teubner, autor de\u00a0Carcassonne Junior.\u00a0En la Edad de Piedra los humanos ten\u00edan una forma de vida muy distinta. Consigue recursos, construye poblados y averigua con las historias de Bubo y Leta [&hellip;]<\/p>\n","protected":false},"featured_media":65103,"template":"","meta":{"_acf_changed":false},"product_brand":[],"product_cat":[2344,1564,1653,1180],"product_tag":[],"class_list":{"0":"post-65115","1":"product","2":"type-product","3":"status-publish","4":"has-post-thumbnail","6":"product_cat-devir-es","7":"product_cat-childrens-es","8":"product_cat-boardgames","9":"product_cat-retail-products-es","11":"first","12":"onbackorder","13":"sale","14":"taxable","15":"shipping-taxable","16":"purchasable","17":"product-type-simple"},"exclude_global_add_ons":[],"addons":[],"acf":[],"_links":{"self":[{"href":"https:\/\/www.customeeple.com\/es\/wp-json\/wp\/v2\/product\/65115","targetHints":{"allow":["GET"]}}],"collection":[{"href":"https:\/\/www.customeeple.com\/es\/wp-json\/wp\/v2\/product"}],"about":[{"href":"https:\/\/www.customeeple.com\/es\/wp-json\/wp\/v2\/types\/product"}],"wp:featuredmedia":[{"embeddable":true,"href":"https:\/\/www.customeeple.com\/es\/wp-json\/wp\/v2\/media\/65103"}],"wp:attachment":[{"href":"https:\/\/www.customeeple.com\/es\/wp-json\/wp\/v2\/media?parent=65115"}],"wp:term":[{"taxonomy":"product_brand","embeddable":true,"href":"https:\/\/www.customeeple.com\/es\/wp-json\/wp\/v2\/product_brand?post=65115"},{"taxonomy":"product_cat","embeddable":true,"href":"https:\/\/www.customeeple.com\/es\/wp-json\/wp\/v2\/product_cat?post=65115"},{"taxonomy":"product_tag","embeddable":true,"href":"https:\/\/www.customeeple.com\/es\/wp-json\/wp\/v2\/product_tag?post=65115"}],"curies":[{"name":"wp","href":"https:\/\/api.w.org\/{rel}","templated":true}]}}