{"id":65114,"date":"2022-10-06T20:21:11","date_gmt":"2022-10-06T19:21:11","guid":{"rendered":"https:\/\/www.customeeple.com\/product\/exit-el-museo-misterioso\/"},"modified":"2022-10-06T20:21:11","modified_gmt":"2022-10-06T19:21:11","slug":"exit-el-museo-misterioso","status":"publish","type":"product","link":"https:\/\/www.customeeple.com\/es\/producto\/exit-el-museo-misterioso\/","title":{"rendered":"Exit: El Museo Misterioso"},"content":{"rendered":"<p><strong>NIVEL: PRINCIPIANTE<\/strong><\/p>\n<p>Exit: El museo misterioso es el d\u00e9cimo juego de la\u00a0<a href=\"https:\/\/devir.es\/devirpedia\/exit\">serie Exit,<\/a>\u00a0creado por<a href=\"https:\/\/devir.es\/devirpedia\/markus-e-inka-brand\">\u00a0Inka y Markus Brand,\u00a0<\/a>y se trata del segundo con la dificultad a nivel de principiantes. Es un juego del a\u00f1o 2018 que ofrece un desaf\u00edo de entre 45 y 90 minutos de duraci\u00f3n.<\/p>\n<p>Es el d\u00e9cimo juego de la\u00a0<a href=\"https:\/\/devir.es\/trailer-exit\">serie Exit<\/a>\u00a0y est\u00e1 ambientado en un extra\u00f1o museo que har\u00e1 emprender a los jugadores un alucinante viaje a bordo de una extra\u00f1a m\u00e1quina del tiempo. Al ser de nivel principiante, los enigmas de este t\u00edtulo se resuelven por orden de aparici\u00f3n y los jugadores tendr\u00e1n siempre todo el material necesario para resolver el enigma en el que se encuentren en ese momento. La dificultad de los enigmas en s\u00ed mismos no es especialmente sencilla, pero el hecho de resolverlos de uno en uno simplifica bastante los procesos de resoluci\u00f3n.<\/p>\n<p><a href=\"https:\/\/devir.es\/descubre-todos-los-exit-escape-room-de-mesa\">Exit:<\/a>\u00a0El museo misterioso se desarrolla en un extra\u00f1o museo y con una compleja m\u00e1quina del tiempo. \u00a1Bienvenido a una aventura incre\u00edble!<\/p>\n","protected":false},"excerpt":{"rendered":"<p>NIVEL: PRINCIPIANTE Exit: El museo misterioso es el d\u00e9cimo juego de la\u00a0serie Exit,\u00a0creado por\u00a0Inka y Markus Brand,\u00a0y se trata del segundo con la dificultad a nivel de principiantes. Es un juego del a\u00f1o 2018 que ofrece un desaf\u00edo de entre 45 y 90 minutos de duraci\u00f3n. Es el d\u00e9cimo juego de la\u00a0serie Exit\u00a0y est\u00e1 ambientado [&hellip;]<\/p>\n","protected":false},"featured_media":65111,"template":"","meta":{"_acf_changed":false},"product_brand":[],"product_cat":[2003,2344,1653,1180],"product_tag":[],"class_list":{"0":"post-65114","1":"product","2":"type-product","3":"status-publish","4":"has-post-thumbnail","6":"product_cat-cooperative-es","7":"product_cat-devir-es","8":"product_cat-boardgames","9":"product_cat-retail-products-es","11":"first","12":"onbackorder","13":"sale","14":"taxable","15":"shipping-taxable","16":"purchasable","17":"product-type-simple"},"exclude_global_add_ons":[],"addons":[],"acf":[],"_links":{"self":[{"href":"https:\/\/www.customeeple.com\/es\/wp-json\/wp\/v2\/product\/65114","targetHints":{"allow":["GET"]}}],"collection":[{"href":"https:\/\/www.customeeple.com\/es\/wp-json\/wp\/v2\/product"}],"about":[{"href":"https:\/\/www.customeeple.com\/es\/wp-json\/wp\/v2\/types\/product"}],"wp:featuredmedia":[{"embeddable":true,"href":"https:\/\/www.customeeple.com\/es\/wp-json\/wp\/v2\/media\/65111"}],"wp:attachment":[{"href":"https:\/\/www.customeeple.com\/es\/wp-json\/wp\/v2\/media?parent=65114"}],"wp:term":[{"taxonomy":"product_brand","embeddable":true,"href":"https:\/\/www.customeeple.com\/es\/wp-json\/wp\/v2\/product_brand?post=65114"},{"taxonomy":"product_cat","embeddable":true,"href":"https:\/\/www.customeeple.com\/es\/wp-json\/wp\/v2\/product_cat?post=65114"},{"taxonomy":"product_tag","embeddable":true,"href":"https:\/\/www.customeeple.com\/es\/wp-json\/wp\/v2\/product_tag?post=65114"}],"curies":[{"name":"wp","href":"https:\/\/api.w.org\/{rel}","templated":true}]}}