{"id":65100,"date":"2022-10-03T13:42:12","date_gmt":"2022-10-03T12:42:12","guid":{"rendered":"https:\/\/www.customeeple.com\/product\/leo\/"},"modified":"2022-10-03T13:42:12","modified_gmt":"2022-10-03T12:42:12","slug":"leo","status":"publish","type":"product","link":"https:\/\/www.customeeple.com\/es\/producto\/leo\/","title":{"rendered":"Leo (ESP)"},"content":{"rendered":"<p>\u00a1Por fin hay un juego<a href=\"https:\/\/devir.es\/devirpedia\/cooperativo\">\u00a0cooperativo<\/a>\u00a0para<a href=\"https:\/\/devir.es\/catalogo\/juegos-de-mesa\/infantil\">\u00a0los m\u00e1s peque\u00f1os<\/a>!\u00a0<a href=\"https:\/\/devir.es\/como-jugar-a-leo\">En este juego infantil\u00a0<\/a>trabajamos todo juntos para llevar a Leo a la peluquer\u00eda antes que crezca demasiado su melena. No es una tarea f\u00e1cil, porque Leo se distrae mucho por el camino y le gusta charlar con los animales que se va encontrando.<\/p>\n<p>Para preparar la partida de\u00a0<a href=\"https:\/\/devir.es\/como-jugar-a-leo\">Leo,<\/a>\u00a0los jugadores tienen que barajar y colocar las losetas boca abajo, creando un camino que no tiene bifurcaciones. Tienen cinco d\u00edas para llevar Leo al barbero Bubu, que se encuentra al final del camino. Leo empieza en la ficha de inicio, en su cama. Hay que despertarle y comenzar a moverse para llegar al barbero. En tu turno, tienes que jugar una de las\u00a0<a href=\"https:\/\/devir.es\/devirpedia\/gestion-de-mano\">cartas de tu mano<\/a>\u00a0y mover a\u00a0<a href=\"https:\/\/devir.es\/como-jugar-a-leo\">Leo\u00a0<\/a>el numero indicado. Cuando llegas a la loseta del camino del n\u00famero que jugaste, hay que dar la vuelta a esta loseta. Si la loseta y la carta no coinciden con el color, hay que avanzar la manecilla del despertador tantas horas como el numero que aparece en el s\u00edmbolo de reloj de la ficha de camino.<\/p>\n<p>Cada ma\u00f1ana, la manecilla est\u00e1 colocada a las 8 de la ma\u00f1ana, pero cuando la manecilla llega a las 8 de la tarde, hay que devolver a Leo a su cama e intentarlo el d\u00eda siguiente. Cada noche crece un poquito m\u00e1s la melena de Leo. Hay que barajar todas las cartas de movimiento y repartirlas otra vez. Ahora sabemos d\u00f3nde est\u00e1n algunas losetas, y hay que intentar recordarlas para jugar las cartas que coinciden, de modo que Leo no se distraiga y llegue a la peluquer\u00eda de Bubu antes que cierre. Si Leo llega al la peluquer\u00eda antes de cinco d\u00edas, hemos ganado. Si no logramos a llevar Leo antes de las 8 del quinto d\u00eda, hemos perdido y hay que intentarlo en una nueva partida. Este juego tambi\u00e9n incluye reglas por si las partidas est\u00e1n siendo demasiado dif\u00edciles o demasiado f\u00e1ciles, as\u00ed se puede adaptar al nivel de dificultad que prefieren los jugadores. Leo es una manera fant\u00e1stica de introducir los jugadores m\u00e1s peque\u00f1os al concepto de un<a href=\"https:\/\/devir.es\/devirpedia\/cooperativo\">\u00a0juego cooperativo.<\/a>\u00a0Hay que animar a que todos los jugadores se comuniquen entre ellos y discutan el mejor camino hacia la victoria. La combinaci\u00f3n de\u00a0<a href=\"https:\/\/devir.es\/devirpedia\/gestion-de-mano\">gesti\u00f3n de la man<\/a>o (jugando las cartas en el mejor momento) y \u00abmemory\u00bb crea una experiencia de juego muy agradable tanto para los peques como para los mayores. Todos los jugadores est\u00e1n comprometidos hasta el final de la partida y cada acci\u00f3n es importante para que todos puedan ganar.<\/p>\n<p>Hay que llegar a la peluquer\u00eda antes de las 8, o Leo tendr\u00e1 una melena demasiado larga. Antes de que terminen los 5 d\u00edas, todos los jugadores intentan llevar a Leo por el camino, recordando d\u00f3nde est\u00e1n losetas de colores variados para poder jugar cartas del mismo color. \u00a1Trabajar juntos es lo m\u00e1s importante en este juego infantil!<a href=\"https:\/\/devir.es\/como-jugar-a-leo\">\u00a0Aprende a jugar en Devir TV.<\/a><\/p>\n","protected":false},"excerpt":{"rendered":"<p>\u00a1Por fin hay un juego\u00a0cooperativo\u00a0para\u00a0los m\u00e1s peque\u00f1os!\u00a0En este juego infantil\u00a0trabajamos todo juntos para llevar a Leo a la peluquer\u00eda antes que crezca demasiado su melena. No es una tarea f\u00e1cil, porque Leo se distrae mucho por el camino y le gusta charlar con los animales que se va encontrando. Para preparar la partida de\u00a0Leo,\u00a0los jugadores [&hellip;]<\/p>\n","protected":false},"featured_media":65097,"template":"","meta":{"_acf_changed":false},"product_brand":[],"product_cat":[2003,2344,1564,1653,1180],"product_tag":[],"class_list":{"0":"post-65100","1":"product","2":"type-product","3":"status-publish","4":"has-post-thumbnail","6":"product_cat-cooperative-es","7":"product_cat-devir-es","8":"product_cat-childrens-es","9":"product_cat-boardgames","10":"product_cat-retail-products-es","12":"first","13":"onbackorder","14":"sale","15":"taxable","16":"shipping-taxable","17":"purchasable","18":"product-type-simple"},"exclude_global_add_ons":[],"addons":[],"acf":[],"_links":{"self":[{"href":"https:\/\/www.customeeple.com\/es\/wp-json\/wp\/v2\/product\/65100","targetHints":{"allow":["GET"]}}],"collection":[{"href":"https:\/\/www.customeeple.com\/es\/wp-json\/wp\/v2\/product"}],"about":[{"href":"https:\/\/www.customeeple.com\/es\/wp-json\/wp\/v2\/types\/product"}],"wp:featuredmedia":[{"embeddable":true,"href":"https:\/\/www.customeeple.com\/es\/wp-json\/wp\/v2\/media\/65097"}],"wp:attachment":[{"href":"https:\/\/www.customeeple.com\/es\/wp-json\/wp\/v2\/media?parent=65100"}],"wp:term":[{"taxonomy":"product_brand","embeddable":true,"href":"https:\/\/www.customeeple.com\/es\/wp-json\/wp\/v2\/product_brand?post=65100"},{"taxonomy":"product_cat","embeddable":true,"href":"https:\/\/www.customeeple.com\/es\/wp-json\/wp\/v2\/product_cat?post=65100"},{"taxonomy":"product_tag","embeddable":true,"href":"https:\/\/www.customeeple.com\/es\/wp-json\/wp\/v2\/product_tag?post=65100"}],"curies":[{"name":"wp","href":"https:\/\/api.w.org\/{rel}","templated":true}]}}