{"id":65025,"date":"2022-10-07T11:15:02","date_gmt":"2022-10-07T10:15:04","guid":{"rendered":"https:\/\/www.customeeple.com\/?post_type=product&#038;p=65025"},"modified":"2023-05-11T13:43:17","modified_gmt":"2023-05-11T12:43:17","slug":"bandeja-compatible-con-ark-nova-2021","status":"publish","type":"product","link":"https:\/\/www.customeeple.com\/es\/producto\/bandeja-compatible-con-ark-nova-2021\/","title":{"rendered":"Bandeja compatible con Ark Nova (2021)"},"content":{"rendered":"<p>Una bandeja organizadora de metacrilato transparente con una cama de MDF para tener ordenadas las piezas de tus juegos. F\u00edjate que esta bandeja tiene espacios para ayudar a que las piezas\u00a0\u00a0no se muevan de su sitio.<\/p>\n<p>\u00a1Mant\u00e9n tus piezas a salvo de los ocasionales golpes en la mesa!<\/p>\n<p>La bandeja encaja bien en los tapetes de los jugadore del juego Ark Nova, pero el juego tiene 16 mapas y nuestro dise\u00f1o se ajustar\u00e1 a la configuraci\u00f3n est\u00e1ndar del mapa. Los mapas 3 y 7 tienen 3 espacios violetas y 4 espacios amarillos, por lo que estar\u00e1n un poco desalineados. Siempre existe algo de variaci\u00f3n al hacer produccion en serie con lo que el encaje puede variar ligeramente.<\/p>\n<p>Puedes comprar el metacrilado de 2 o 3 mm.<\/p>\n<p><strong>Material: <\/strong>DM y metacrilato<\/p>\n<div class=\"moreinfo\">\n<p dir=\"ltr\"><strong>Espesor:<\/strong> 2,5 mm<\/p>\n<p dir=\"ltr\"><strong>Tama\u00f1o:<\/strong> 28,2 x 17,7 cm<\/p>\n<p dir=\"ltr\"><strong>Cantidad:<\/strong> 1 Overlay<\/p>\n<p>\u00a0<a href=\"https:\/\/boardgamegeek.com\/boardgame\/342942\/ark-nova\"><strong>Ark Nova <\/strong><\/a>es un juego publicado por <strong><a class=\"ng-binding\" title=\"Feuerland Spiele\" href=\"https:\/\/boardgamegeek.com\/boardgamepublisher\/22380\/feuerland-spiele\">Feuerland Spiele<\/a><\/strong><a href=\"https:\/\/www.cmon.com\/\">.<\/a>\u00a0<strong>Customeeple<\/strong>\u00a0no mantiene ninguna relaci\u00f3n con esta compa\u00f1\u00eda y este producto no esta apoyado por ellos de ninguna forma.<\/p>\n<\/div>\n","protected":false},"excerpt":{"rendered":"<p>Una bandeja para <a href=\"https:\/\/boardgamegeek.com\/boardgame\/342942\/ark-nova\"><strong>Ark Nova<\/strong><\/a><\/p>\n","protected":false},"featured_media":65029,"template":"","meta":{"_acf_changed":false},"product_brand":[],"product_cat":[191,1370,1397],"product_tag":[1442],"class_list":{"0":"post-65025","1":"product","2":"type-product","3":"status-publish","4":"has-post-thumbnail","6":"product_cat-accesorios","7":"product_cat-customeeple-es","8":"product_cat-overlay-es","9":"product_tag-overlay-es","10":"pa_mat-2metatrans","11":"pa_mat-metacrilato-transparente","13":"first","14":"instock","15":"taxable","16":"shipping-taxable","17":"purchasable","18":"product-type-variable"},"exclude_global_add_ons":[],"addons":[],"acf":[],"_links":{"self":[{"href":"https:\/\/www.customeeple.com\/es\/wp-json\/wp\/v2\/product\/65025","targetHints":{"allow":["GET"]}}],"collection":[{"href":"https:\/\/www.customeeple.com\/es\/wp-json\/wp\/v2\/product"}],"about":[{"href":"https:\/\/www.customeeple.com\/es\/wp-json\/wp\/v2\/types\/product"}],"wp:featuredmedia":[{"embeddable":true,"href":"https:\/\/www.customeeple.com\/es\/wp-json\/wp\/v2\/media\/65029"}],"wp:attachment":[{"href":"https:\/\/www.customeeple.com\/es\/wp-json\/wp\/v2\/media?parent=65025"}],"wp:term":[{"taxonomy":"product_brand","embeddable":true,"href":"https:\/\/www.customeeple.com\/es\/wp-json\/wp\/v2\/product_brand?post=65025"},{"taxonomy":"product_cat","embeddable":true,"href":"https:\/\/www.customeeple.com\/es\/wp-json\/wp\/v2\/product_cat?post=65025"},{"taxonomy":"product_tag","embeddable":true,"href":"https:\/\/www.customeeple.com\/es\/wp-json\/wp\/v2\/product_tag?post=65025"}],"curies":[{"name":"wp","href":"https:\/\/api.w.org\/{rel}","templated":true}]}}