{"id":64966,"date":"2022-09-28T12:59:24","date_gmt":"2022-09-28T11:59:24","guid":{"rendered":"https:\/\/www.customeeple.com\/product\/imperial-knights-lnight-questoris\/"},"modified":"2024-07-12T00:00:01","modified_gmt":"2024-07-11T23:00:01","slug":"imperial-knights-lnight-questoris","status":"publish","type":"product","link":"https:\/\/www.customeeple.com\/es\/producto\/imperial-knights-lnight-questoris\/","title":{"rendered":"Imperial Knights Caballero Questoris"},"content":{"rendered":"<p>El Caballero Questoris es la variedad m\u00e1s destacada deArmadura de Caballero en los campos de batalla de la Herej\u00eda de Horus, avanzando junto a las Legiones Astartes, Taghmata Omnissiah y en los grandes ej\u00e9rcitos de las Casas de los Caballeros. Tal fue su popularidad entre los nobles descendientes de los Questoris, que las Casas se reconfiguraron de innumerables maneras con opciones de armas y aumentos de casco, y se les dieron nombres como Palad\u00edn, Errante, Guardi\u00e1n, Gallardo y Cruzado para reflejar sus tradiciones, linaje y estilos de lucha.<\/p>\n<p>Con este kit de pl\u00e1stico multicomponente puedes montar un poderoso Caballero Questoris, una imponente m\u00e1quina de guerra armada con colosales armas dise\u00f1adas para arrasar con la infanter\u00eda, los veh\u00edculos y los Caballeros enemigos. El kit se puede montar con una gran variedad de combinaciones de armas: incluye una espada sierra segadora montada en el brazo, un guantelete atronador, un ca\u00f1\u00f3n de batalla de fuego r\u00e1pido, un ca\u00f1\u00f3n gatling vengador, un ca\u00f1\u00f3n t\u00e9rmico y un impulsor l\u00e1ser. El casco presenta su elecci\u00f3n de ametralladora pesada, multil\u00e1ser o ca\u00f1\u00f3n de fusi\u00f3n, y su caparaz\u00f3n se puede montar con un ca\u00f1\u00f3n autom\u00e1tico icarus de doble enlace opcional, una c\u00e1psula de misiles Ironstorm o una c\u00e1psula de cohetes Stormspear. Tambi\u00e9n hay una gran cantidad de opciones cosm\u00e9ticas para personalizar esta m\u00e1quina de guerra, que incluyen placas basculantes, iconos de caparaz\u00f3n, estandartes y placas frontales. Con este kit tambi\u00e9n puedes montar un V\u00e1stago dom\u00e9stico a pie, y el propio Caballero se puede montar con un caparaz\u00f3n abierto que muestra al V\u00e1stago pilotando su corcel mec\u00e1nico.<\/p>\n<p>Este kit consta de 250 piezas de pl\u00e1stico y se suministra con una peana ovalada Citadel de 170 x 109 mm y una peana redonda Citadel de 25 mm, as\u00ed como una hoja de calcoman\u00edas de la Era de la Oscuridad para Caballero Questoris que contiene 386 marcas e iconos opcionales para las Casas de los Caballeros de la Herej\u00eda de Horus. Esta miniatura se suministra sin pintar y requiere montaje; recomendamos usar Pegamento para pl\u00e1stico Citadel y pinturas Citadel.<\/p>\n","protected":false},"excerpt":{"rendered":"<p>El Caballero Questoris es la variedad m\u00e1s destacada deArmadura de Caballero en los campos de batalla de la Herej\u00eda de Horus, avanzando junto a las Legiones Astartes, Taghmata Omnissiah y en los grandes ej\u00e9rcitos de las Casas de los Caballeros. Tal fue su popularidad entre los nobles descendientes de los Questoris, que las Casas se [&hellip;]<\/p>\n","protected":false},"featured_media":84300,"template":"","meta":{"_acf_changed":false},"product_brand":[],"product_cat":[1177,1180,1623,1229],"product_tag":[],"class_list":{"0":"post-64966","1":"product","2":"type-product","3":"status-publish","4":"has-post-thumbnail","6":"product_cat-games-workshop-es","7":"product_cat-retail-products-es","8":"product_cat-wargames-es-2","9":"product_cat-warhammer-40k-es","11":"first","12":"onbackorder","13":"sale","14":"taxable","15":"shipping-taxable","16":"purchasable","17":"product-type-simple"},"exclude_global_add_ons":[],"addons":[],"acf":[],"_links":{"self":[{"href":"https:\/\/www.customeeple.com\/es\/wp-json\/wp\/v2\/product\/64966","targetHints":{"allow":["GET"]}}],"collection":[{"href":"https:\/\/www.customeeple.com\/es\/wp-json\/wp\/v2\/product"}],"about":[{"href":"https:\/\/www.customeeple.com\/es\/wp-json\/wp\/v2\/types\/product"}],"wp:featuredmedia":[{"embeddable":true,"href":"https:\/\/www.customeeple.com\/es\/wp-json\/wp\/v2\/media\/84300"}],"wp:attachment":[{"href":"https:\/\/www.customeeple.com\/es\/wp-json\/wp\/v2\/media?parent=64966"}],"wp:term":[{"taxonomy":"product_brand","embeddable":true,"href":"https:\/\/www.customeeple.com\/es\/wp-json\/wp\/v2\/product_brand?post=64966"},{"taxonomy":"product_cat","embeddable":true,"href":"https:\/\/www.customeeple.com\/es\/wp-json\/wp\/v2\/product_cat?post=64966"},{"taxonomy":"product_tag","embeddable":true,"href":"https:\/\/www.customeeple.com\/es\/wp-json\/wp\/v2\/product_tag?post=64966"}],"curies":[{"name":"wp","href":"https:\/\/api.w.org\/{rel}","templated":true}]}}