{"id":64964,"date":"2022-09-28T12:58:52","date_gmt":"2022-09-28T11:58:52","guid":{"rendered":"https:\/\/www.customeeple.com\/product\/space-marines-primaris-librarian\/"},"modified":"2023-11-23T00:00:22","modified_gmt":"2023-11-22T23:00:22","slug":"space-marines-primaris-librarian","status":"publish","type":"product","link":"https:\/\/www.customeeple.com\/es\/producto\/space-marines-primaris-librarian\/","title":{"rendered":"Space Marines: Primaris Librarian"},"content":{"rendered":"<p>Con los ojos brillando y los pu\u00f1os cargados de energ\u00eda, los Librarians de los Space Marines se adentran en la batalla para destruir a sus enemigos. Algunos lanzan descargas de energ\u00eda warp que hacen papilla a sus enemigos, mientras otros alteran el flujo del mism\u00edsimo tiempo o revitalizan a sus hermanos con un dinamismo incre\u00edble. Sin importar c\u00f3mo elijan luchar, todos los Librarians son poderosos ps\u00edquicos, y aprovechan su potente mutaci\u00f3n para defender a la Humanidad.<\/p>\n<p>Este kit de pl\u00e1stico multicomponente contiene todo lo que necesitas para montar un Primaris Librarian. Ataviado con una servoarmadura Mark X, lleva multitud de elaborados accesorios, desde su ornamentado h\u00e1bito hasta el detallado cableado que conecta con su capucha ps\u00edquica. Viene armado con una espada ps\u00edquica en la mano derecha, y cuenta con una pistola b\u00f3lter enfundada as\u00ed como una variedad de abalorios interesantes: un tomo asegurado con candado en su cinto (que quiz\u00e1 contiene secretos que pueden sacudir la galaxia&#8230;), varias llaves de gran tama\u00f1o, sellos de pureza en su capa y mochila y un broche con el \u00e1guila Imperial.<\/p>\n<p>El Librarian viene con dos opciones de cabeza: una con casco y una capucha ps\u00edquica y otra descubierta, con las terminales de la capucha ps\u00edquica claramente visibles. Su hombrera derecha y la hebilla de su cintur\u00f3n exhiben cabezas de carnero, la insignia de los Libraruis, y la hombrera izquierda es lisa y est\u00e1 en blanco, para que puedas aplicar f\u00e1cilmente la insignia de Cap\u00edtulo de tu elecci\u00f3n.<\/p>\n<p>El Primaris Librarian consta de 20 piezas, e incluye una peana redonda Citadel de 40 mm. El kit tambi\u00e9n cuenta con una Hoja de calcoman\u00edas de personajes de los Ultramarines que contiene iconograf\u00eda de Captain, Chaplain, Librarian y Lieutenant.<\/p>\n","protected":false},"excerpt":{"rendered":"<p>Con los ojos brillando y los pu\u00f1os cargados de energ\u00eda, los Librarians de los Space Marines se adentran en la batalla para destruir a sus enemigos. Algunos lanzan descargas de energ\u00eda warp que hacen papilla a sus enemigos, mientras otros alteran el flujo del mism\u00edsimo tiempo o revitalizan a sus hermanos con un dinamismo incre\u00edble. [&hellip;]<\/p>\n","protected":false},"featured_media":64887,"template":"","meta":{"_acf_changed":false},"product_brand":[],"product_cat":[1177,1180,1623,1229],"product_tag":[],"class_list":{"0":"post-64964","1":"product","2":"type-product","3":"status-publish","4":"has-post-thumbnail","6":"product_cat-games-workshop-es","7":"product_cat-retail-products-es","8":"product_cat-wargames-es-2","9":"product_cat-warhammer-40k-es","11":"first","12":"onbackorder","13":"sale","14":"taxable","15":"shipping-taxable","16":"purchasable","17":"product-type-simple"},"exclude_global_add_ons":[],"addons":[],"acf":[],"_links":{"self":[{"href":"https:\/\/www.customeeple.com\/es\/wp-json\/wp\/v2\/product\/64964","targetHints":{"allow":["GET"]}}],"collection":[{"href":"https:\/\/www.customeeple.com\/es\/wp-json\/wp\/v2\/product"}],"about":[{"href":"https:\/\/www.customeeple.com\/es\/wp-json\/wp\/v2\/types\/product"}],"wp:featuredmedia":[{"embeddable":true,"href":"https:\/\/www.customeeple.com\/es\/wp-json\/wp\/v2\/media\/64887"}],"wp:attachment":[{"href":"https:\/\/www.customeeple.com\/es\/wp-json\/wp\/v2\/media?parent=64964"}],"wp:term":[{"taxonomy":"product_brand","embeddable":true,"href":"https:\/\/www.customeeple.com\/es\/wp-json\/wp\/v2\/product_brand?post=64964"},{"taxonomy":"product_cat","embeddable":true,"href":"https:\/\/www.customeeple.com\/es\/wp-json\/wp\/v2\/product_cat?post=64964"},{"taxonomy":"product_tag","embeddable":true,"href":"https:\/\/www.customeeple.com\/es\/wp-json\/wp\/v2\/product_tag?post=64964"}],"curies":[{"name":"wp","href":"https:\/\/api.w.org\/{rel}","templated":true}]}}