{"id":64963,"date":"2022-09-28T12:58:35","date_gmt":"2022-09-28T11:58:35","guid":{"rendered":"https:\/\/www.customeeple.com\/product\/genestealer-cults-combat-patrol\/"},"modified":"2023-11-23T00:00:21","modified_gmt":"2023-11-22T23:00:21","slug":"genestealer-cults-combat-patrol","status":"publish","type":"product","link":"https:\/\/www.customeeple.com\/es\/producto\/genestealer-cults-combat-patrol\/","title":{"rendered":"Patrulla: Cultos Genestealers"},"content":{"rendered":"<p>Los Cultos Genestealer surgen de las sombras en una marea de ac\u00f3litos adoradores de los xenos, empleando emboscadas y subterfugios para superar a sus enemigos. Totalmente tocados por la mancha gen\u00e9tica tir\u00e1nida, los h\u00edbridos ne\u00f3fitos del culto y los h\u00edbridos ac\u00f3litos m\u00e1s mutados se alzan contra sus opresores, armados con una variedad de equipo industrial reutilizado, desde potentes l\u00e1seres mineros hasta maquinaria pesada como trituradoras de rocas. Guiados por la insidiosa presencia ps\u00edquica de un Magus, los deformes Aberrantes salen de las sombras para reforzar a los suyos, blandiendo mazos aplastantes con un efecto mortal.<\/p>\n<p>\u00a1Haz que llegue el tan esperado d\u00eda de la ascensi\u00f3n con la Patrulla: Cultos Genestealer. Esta caja te proporciona todas las unidades que necesitas para empezar tu colecci\u00f3n o reforzar un ej\u00e9rcito ya existente. Los contenidos de este set han sido elegidos espec\u00edficamente para proporcionarte una fuerza de Cultos Genestealer ideal para partidas de tama\u00f1o Patrulla (miniaturas para un nivel de potencia aporximado de 25), que pueden montarse de diversas maneras, y adem\u00e1s te ahorrar\u00e1s dinero en comparaci\u00f3n con la compra de sus contenidos por separado.<\/p>\n<p><strong>Este set incluye las siguientes miniaturas de pl\u00e1stico multicomponente:<\/strong><br \/>\n&#8211; 1 Magus<br \/>\n&#8211; 1 Goliath Triturarrocas, que tambi\u00e9n puedes montar como un construido como un Cami\u00f3n Goliath<br \/>\n&#8211; 5 Aberrantes<br \/>\n&#8211; 5 H\u00edbridos Ac\u00f3litos, que tambi\u00e9n puedes montar como Metamorfos H\u00edbridos<br \/>\n&#8211; 20 H\u00edbridos Ne\u00f3fitos<\/p>\n<p>Todas las miniaturas se suministran con sus bases correspondientes.<\/p>\n<p>Estas miniaturas se suministran sin pintar y requieren montaje. Recomendamos utilizar pegamento para pl\u00e1stico Citadel y pinturas Citadel.<\/p>\n","protected":false},"excerpt":{"rendered":"<p>Los Cultos Genestealer surgen de las sombras en una marea de ac\u00f3litos adoradores de los xenos, empleando emboscadas y subterfugios para superar a sus enemigos. Totalmente tocados por la mancha gen\u00e9tica tir\u00e1nida, los h\u00edbridos ne\u00f3fitos del culto y los h\u00edbridos ac\u00f3litos m\u00e1s mutados se alzan contra sus opresores, armados con una variedad de equipo industrial [&hellip;]<\/p>\n","protected":false},"featured_media":84341,"template":"","meta":{"_acf_changed":false},"product_brand":[],"product_cat":[1177,1180,1623,1229],"product_tag":[],"class_list":{"0":"post-64963","1":"product","2":"type-product","3":"status-publish","4":"has-post-thumbnail","6":"product_cat-games-workshop-es","7":"product_cat-retail-products-es","8":"product_cat-wargames-es-2","9":"product_cat-warhammer-40k-es","11":"first","12":"onbackorder","13":"sale","14":"taxable","15":"shipping-taxable","16":"purchasable","17":"product-type-simple"},"exclude_global_add_ons":[],"addons":[],"acf":[],"_links":{"self":[{"href":"https:\/\/www.customeeple.com\/es\/wp-json\/wp\/v2\/product\/64963","targetHints":{"allow":["GET"]}}],"collection":[{"href":"https:\/\/www.customeeple.com\/es\/wp-json\/wp\/v2\/product"}],"about":[{"href":"https:\/\/www.customeeple.com\/es\/wp-json\/wp\/v2\/types\/product"}],"wp:featuredmedia":[{"embeddable":true,"href":"https:\/\/www.customeeple.com\/es\/wp-json\/wp\/v2\/media\/84341"}],"wp:attachment":[{"href":"https:\/\/www.customeeple.com\/es\/wp-json\/wp\/v2\/media?parent=64963"}],"wp:term":[{"taxonomy":"product_brand","embeddable":true,"href":"https:\/\/www.customeeple.com\/es\/wp-json\/wp\/v2\/product_brand?post=64963"},{"taxonomy":"product_cat","embeddable":true,"href":"https:\/\/www.customeeple.com\/es\/wp-json\/wp\/v2\/product_cat?post=64963"},{"taxonomy":"product_tag","embeddable":true,"href":"https:\/\/www.customeeple.com\/es\/wp-json\/wp\/v2\/product_tag?post=64963"}],"curies":[{"name":"wp","href":"https:\/\/api.w.org\/{rel}","templated":true}]}}