{"id":64960,"date":"2022-09-30T16:38:17","date_gmt":"2022-09-30T15:38:17","guid":{"rendered":"https:\/\/www.customeeple.com\/product\/gsw-miniatures-carry-case\/"},"modified":"2022-09-30T16:38:17","modified_gmt":"2022-09-30T15:38:17","slug":"gsw-miniatures-carry-case","status":"publish","type":"product","link":"https:\/\/www.customeeple.com\/es\/producto\/gsw-miniatures-carry-case\/","title":{"rendered":"GSW: Maletin de transporte con espuma precortada"},"content":{"rendered":"<p><strong>Maletin de transporte con espuma precortada<\/strong><\/p>\n<p><span class=\"tlid-translation translation\" lang=\"es\" xml:lang=\"es\"><span title=\"\">El malet\u00edn protector de transporte ligero pero resistente de GSW para figuras con una espuma vers\u00e1til, precortada para hacer huecos f\u00e1cilmente y crear el tama\u00f1o adecuado para las figuras.<\/span><\/p>\n<p><span title=\"\">Compuesto por cuatro espumas en total, dos cojines peque\u00f1os de 8 mm de grosor que act\u00faan como base y cubierta, y dos espumas m\u00e1s grandes de 25 mm de grosor.<\/span>\u00a0<span title=\"\">Estos se pueden usar por separado para tener figuras de 25 mm acostadas, o se pueden pegar con el adhesivo incluido y hacer una espuma de 50 mm de grosor donde colocar figuras de pie totalmente protegidas.<\/span><\/p>\n<p><span title=\"\">Tambi\u00e9n viene con un bolsillo de velcro extra\u00edble para m\u00e1s opciones de almacenamiento.<\/span><\/span><\/p>\n","protected":false},"excerpt":{"rendered":"<p>Maletin de transporte con espuma precortada El malet\u00edn protector de transporte ligero pero resistente de GSW para figuras con una espuma vers\u00e1til, precortada para hacer huecos f\u00e1cilmente y crear el tama\u00f1o adecuado para las figuras. Compuesto por cuatro espumas en total, dos cojines peque\u00f1os de 8 mm de grosor que act\u00faan como base y cubierta, [&hellip;]<\/p>\n","protected":false},"featured_media":64955,"template":"","meta":{"_acf_changed":false},"product_brand":[],"product_cat":[1405,1555,1401,1180,1623],"product_tag":[],"class_list":{"0":"post-64960","1":"product","2":"type-product","3":"status-publish","4":"has-post-thumbnail","6":"product_cat-herramientas","7":"product_cat-miniature-games-es","8":"product_cat-pintura-y-modelismo","9":"product_cat-retail-products-es","10":"product_cat-wargames-es-2","12":"first","13":"instock","14":"sale","15":"taxable","16":"shipping-taxable","17":"purchasable","18":"product-type-simple"},"exclude_global_add_ons":[],"addons":[],"acf":[],"_links":{"self":[{"href":"https:\/\/www.customeeple.com\/es\/wp-json\/wp\/v2\/product\/64960","targetHints":{"allow":["GET"]}}],"collection":[{"href":"https:\/\/www.customeeple.com\/es\/wp-json\/wp\/v2\/product"}],"about":[{"href":"https:\/\/www.customeeple.com\/es\/wp-json\/wp\/v2\/types\/product"}],"wp:featuredmedia":[{"embeddable":true,"href":"https:\/\/www.customeeple.com\/es\/wp-json\/wp\/v2\/media\/64955"}],"wp:attachment":[{"href":"https:\/\/www.customeeple.com\/es\/wp-json\/wp\/v2\/media?parent=64960"}],"wp:term":[{"taxonomy":"product_brand","embeddable":true,"href":"https:\/\/www.customeeple.com\/es\/wp-json\/wp\/v2\/product_brand?post=64960"},{"taxonomy":"product_cat","embeddable":true,"href":"https:\/\/www.customeeple.com\/es\/wp-json\/wp\/v2\/product_cat?post=64960"},{"taxonomy":"product_tag","embeddable":true,"href":"https:\/\/www.customeeple.com\/es\/wp-json\/wp\/v2\/product_tag?post=64960"}],"curies":[{"name":"wp","href":"https:\/\/api.w.org\/{rel}","templated":true}]}}