{"id":64899,"date":"2022-09-28T12:56:00","date_gmt":"2022-09-28T11:56:00","guid":{"rendered":"https:\/\/www.customeeple.com\/product\/warhammer-40k-paints-tool-set-2\/"},"modified":"2022-09-28T12:56:00","modified_gmt":"2022-09-28T11:56:00","slug":"warhammer-40k-paints-tool-set-2","status":"publish","type":"product","link":"https:\/\/www.customeeple.com\/es\/producto\/warhammer-40k-paints-tool-set-2\/","title":{"rendered":"Juego de pinturas y herramientas Warhammer 40,000"},"content":{"rendered":"<p>Montar y pintar miniaturas es una manera divertida y apasionante de involucrarte en el hobby, que adem\u00e1s es m\u00e1s gratificante cuanto m\u00e1s practicas. Para empezar necesitar\u00e1s unas cuantas herramientas y un juego de pinturas. Esta caja incluye los elementos b\u00e1sicos que ser\u00e1n los cimientos de tu caja de herramientas para el hobby.<\/p>\n<p>Empieza con unas c\u00f3modas tenacillas para extraer a las miniaturas del marco, un quita rebabas para pulirlas antes de pintar y un pincel de iniciaci\u00f3n que es del tama\u00f1o perfecto para cubrir los elementos b\u00e1sicos.<\/p>\n<p>Encontrar\u00e1s nada menos que 13 pinturas en botes de 12 ml, entre ellas los colores esenciales para pintar tus Marines Espaciales pertenecientes al Cap\u00edtulo de Ultramarines y a los Necrones de la dinast\u00eda Szarekhan, as\u00ed como pinturas t\u00e9cnicas para decorar las peanas y para crear el efecto de halo verde de los Necrones.<\/p>\n<p><strong>&#8211; Runelord Brass<br \/>\n&#8211; Retributor Armour<br \/>\n&#8211; Runefang Steel<br \/>\n&#8211; Leadbelcher<br \/>\n&#8211; Abaddon Black<br \/>\n&#8211; Corax White<br \/>\n&#8211; Macragge Blue<br \/>\n&#8211; Averland Sunset<br \/>\n&#8211; Mephiston Red<br \/>\n&#8211; Bugman\u2019s Glow<br \/>\n&#8211; Agrax Earthshade<br \/>\n&#8211; Astrogranite<br \/>\n&#8211; Tesseract Glow<\/strong><\/p>\n<p>Esta caja adem\u00e1s incluye las siguientes herramientas:<\/p>\n<p><strong>&#8211; Pincel Citadel de iniciaci\u00f3n<br \/>\n&#8211; Tenacillas Citadel de iniciaci\u00f3n<br \/>\n&#8211; Quita rebabas<\/strong><\/p>\n","protected":false},"excerpt":{"rendered":"<p>Montar y pintar miniaturas es una manera divertida y apasionante de involucrarte en el hobby, que adem\u00e1s es m\u00e1s gratificante cuanto m\u00e1s practicas. Para empezar necesitar\u00e1s unas cuantas herramientas y un juego de pinturas. Esta caja incluye los elementos b\u00e1sicos que ser\u00e1n los cimientos de tu caja de herramientas para el hobby. Empieza con unas [&hellip;]<\/p>\n","protected":false},"featured_media":64873,"template":"","meta":{"_acf_changed":false},"product_brand":[],"product_cat":[1401,1180],"product_tag":[],"class_list":{"0":"post-64899","1":"product","2":"type-product","3":"status-publish","4":"has-post-thumbnail","6":"product_cat-pintura-y-modelismo","7":"product_cat-retail-products-es","9":"first","10":"onbackorder","11":"sale","12":"taxable","13":"shipping-taxable","14":"purchasable","15":"product-type-simple"},"exclude_global_add_ons":[],"addons":[],"acf":[],"_links":{"self":[{"href":"https:\/\/www.customeeple.com\/es\/wp-json\/wp\/v2\/product\/64899","targetHints":{"allow":["GET"]}}],"collection":[{"href":"https:\/\/www.customeeple.com\/es\/wp-json\/wp\/v2\/product"}],"about":[{"href":"https:\/\/www.customeeple.com\/es\/wp-json\/wp\/v2\/types\/product"}],"wp:featuredmedia":[{"embeddable":true,"href":"https:\/\/www.customeeple.com\/es\/wp-json\/wp\/v2\/media\/64873"}],"wp:attachment":[{"href":"https:\/\/www.customeeple.com\/es\/wp-json\/wp\/v2\/media?parent=64899"}],"wp:term":[{"taxonomy":"product_brand","embeddable":true,"href":"https:\/\/www.customeeple.com\/es\/wp-json\/wp\/v2\/product_brand?post=64899"},{"taxonomy":"product_cat","embeddable":true,"href":"https:\/\/www.customeeple.com\/es\/wp-json\/wp\/v2\/product_cat?post=64899"},{"taxonomy":"product_tag","embeddable":true,"href":"https:\/\/www.customeeple.com\/es\/wp-json\/wp\/v2\/product_tag?post=64899"}],"curies":[{"name":"wp","href":"https:\/\/api.w.org\/{rel}","templated":true}]}}