{"id":64898,"date":"2022-09-28T12:55:00","date_gmt":"2022-09-28T11:55:00","guid":{"rendered":"https:\/\/www.customeeple.com\/product\/primaris-redemptor-dreadnought\/"},"modified":"2024-07-12T00:00:01","modified_gmt":"2024-07-11T23:00:01","slug":"primaris-redemptor-dreadnought","status":"publish","type":"product","link":"https:\/\/www.customeeple.com\/es\/producto\/primaris-redemptor-dreadnought\/","title":{"rendered":"Primaris Redemptor Dreadnought"},"content":{"rendered":"<p>Los Redemptor Dreadnoughts son gigantescas m\u00e1quinas de guerra que aplastan huesos y revientan cr\u00e1neos mientras se abren paso a trav\u00e9s de las filas enemigas. M\u00e1s altos, corpulentos y astutamente dise\u00f1ados que los Dreadnoughts de dise\u00f1o tradicional, estos goliats est\u00e1n alimentados por reactores hiperdensos y sofisticados paquetes de fibras. Pueden acelerar de un paso ruidoso a una marcha de grandes zancadas que hacen temblar el suelo, atravesando lluvias de fuego sin inmutarse. El dise\u00f1o de los v\u00ednculos neuronales del Redemptor es tan milagroso que su habitante, a pesar de estar sepultado en el sarc\u00f3fago dentro del pecho del Dreadnought, puede ejercer control con una destreza y velocidad sorprendentes.<\/p>\n<p>Este kit de pl\u00e1stico multicomponente contiene las piezas necesarias para montar un Primaris Redemptor Dreadnought. Con el doble de altura que los ya imponentes Primaris Space Marines, y m\u00e1s alto y corpulento que el Dreadnought normal, esta miniatura tiene un aspecto excepcionalmente agresivo que se corresponde con su gran potencia en la mesa de juego. Artilla un ca\u00f1\u00f3n gatling o un incinerador de plasma como opciones para la mano derecha, y un pu\u00f1o de Redemptor con lanzallamas pesado o ca\u00f1\u00f3n gatling como armas de apoyo para la izquierda, 2 lanzagranadas fragtormenta o b\u00f3lters tormenta montados en el pecho, y una bater\u00eda de cohetes \u00cdcaro en el armaz\u00f3n como defensa antia\u00e9rea.<\/p>\n<p>La armadura pesada del pecho (repleta de superficies lisas y l\u00edneas rectas, perfecta para a\u00f1adir calcoman\u00edas y detalles) del Redemptor Dreadnought puede modelarse para que se abra pivotando y muestre el sarc\u00f3fago sepultado en su interior. El aficionado m\u00e1s osado puede quitar tambi\u00e9n los pernos de la cintura, los brazos y las piernas de la miniatura, lo que aporta una mayor variedad de opciones de poses.<\/p>\n<p>El Primaris Redemptor Dreadnought se compone de 109 piezas, e incluye una peana redonda Citadel de 90 mm y una hoja de calcoman\u00edas.<\/p>\n","protected":false},"excerpt":{"rendered":"<p>Los Redemptor Dreadnoughts son gigantescas m\u00e1quinas de guerra que aplastan huesos y revientan cr\u00e1neos mientras se abren paso a trav\u00e9s de las filas enemigas. M\u00e1s altos, corpulentos y astutamente dise\u00f1ados que los Dreadnoughts de dise\u00f1o tradicional, estos goliats est\u00e1n alimentados por reactores hiperdensos y sofisticados paquetes de fibras. Pueden acelerar de un paso ruidoso a [&hellip;]<\/p>\n","protected":false},"featured_media":64891,"template":"","meta":{"_acf_changed":false},"product_brand":[],"product_cat":[1177,1180,1623,1229],"product_tag":[],"class_list":{"0":"post-64898","1":"product","2":"type-product","3":"status-publish","4":"has-post-thumbnail","6":"product_cat-games-workshop-es","7":"product_cat-retail-products-es","8":"product_cat-wargames-es-2","9":"product_cat-warhammer-40k-es","11":"first","12":"onbackorder","13":"sale","14":"taxable","15":"shipping-taxable","16":"purchasable","17":"product-type-simple"},"exclude_global_add_ons":[],"addons":[],"acf":[],"_links":{"self":[{"href":"https:\/\/www.customeeple.com\/es\/wp-json\/wp\/v2\/product\/64898","targetHints":{"allow":["GET"]}}],"collection":[{"href":"https:\/\/www.customeeple.com\/es\/wp-json\/wp\/v2\/product"}],"about":[{"href":"https:\/\/www.customeeple.com\/es\/wp-json\/wp\/v2\/types\/product"}],"wp:featuredmedia":[{"embeddable":true,"href":"https:\/\/www.customeeple.com\/es\/wp-json\/wp\/v2\/media\/64891"}],"wp:attachment":[{"href":"https:\/\/www.customeeple.com\/es\/wp-json\/wp\/v2\/media?parent=64898"}],"wp:term":[{"taxonomy":"product_brand","embeddable":true,"href":"https:\/\/www.customeeple.com\/es\/wp-json\/wp\/v2\/product_brand?post=64898"},{"taxonomy":"product_cat","embeddable":true,"href":"https:\/\/www.customeeple.com\/es\/wp-json\/wp\/v2\/product_cat?post=64898"},{"taxonomy":"product_tag","embeddable":true,"href":"https:\/\/www.customeeple.com\/es\/wp-json\/wp\/v2\/product_tag?post=64898"}],"curies":[{"name":"wp","href":"https:\/\/api.w.org\/{rel}","templated":true}]}}