{"id":64897,"date":"2022-09-28T12:54:24","date_gmt":"2022-09-28T11:54:24","guid":{"rendered":"https:\/\/www.customeeple.com\/product\/mortarion\/"},"modified":"2024-07-13T00:00:22","modified_gmt":"2024-07-12T23:00:22","slug":"mortarion","status":"publish","type":"product","link":"https:\/\/www.customeeple.com\/es\/producto\/mortarion\/","title":{"rendered":"Mortarion, Daemon Primarch of Nurgle"},"content":{"rendered":"<p>Mortarion, Se\u00f1or de la Death Guard, lleva diez mil a\u00f1os aplastando a sus enemigos en el campo de batalla. Envuelto en parloteantes par\u00e1sitos daem\u00f3nicos, moscas zumbonas y nocivos vapores pestilentes, Mortarion llega volando al combate con sus alas enormes, unas alas cuyo batir estruendoso llena al enemigo de un temor lacerante, al tiempo que el hedor de la muerte se extiende a lo largo y ancho de sus l\u00edneas. Soportar siquiera la presencia del Se\u00f1or de la Muerte es letal, pues sus oponentes tosen y caen tendidos al suelo antes de sucumbir a la mir\u00edada de enfermedades letales que flotan en el ambiente que lo rodea.<\/p>\n<p>Este kit de pl\u00e1stico multicomponente contiene las piezas necesarias para montar a Mortarion, Primarca Daemon de Nurgle. Se trata de una gigantesca\u2026 miniatura (aqu\u00ed la palabra \u201cminiatura\u201d se queda corta), ya que se impone al resto de la Death Guard \u00a1e incluso proporciona a los Bloodthirsters motivos para levantar la vista! Va cubierto por una servoarmadura barroca llamada Armadura barbarana, cubierta de mugre y herrumbre, con cr\u00e1neos, pinchos y el simbolismo de Nurgle en todos sus protuberantes componentes. La t\u00fanica descompuesta, las cadenas y una capucha que le cuelgan de la armadura cubren parcialmente la red de tuber\u00edas que alimentan su sistema respiratorio. No es arriesgado afirmar que el respirador no le proporciona aire precisamente fresco, sino m\u00e1s bien esporas y enfermedades viles. Va armado con dos armas malignas: Silencio, una enorme guada\u00f1a cuya hoja, tan herrumbrosa como afilada, se compone de una desapacible sierra manchada con la sangre de mundos, capaz incluso de atravesar a un Reaver Titan como si fuera de papel; y Linterna, una antigua pistola de energ\u00eda. Hay dos opciones de modelado para estas armas: una muestra ambas a los costados de Mortarion; la otra contempla una postura m\u00e1s agresiva.<\/p>\n<p>Mortarion tiene alas ajadas de gran envergadura, repletas de agujeros, rasgu\u00f1os y manchas que representan el horror y el deterioro de las hordas de Nurgle. Hablando de las hordas de Nurgle, este kit incluye un sinf\u00edn de piezas adicionales: 2 Nurgling Drones con bombas de f\u00f3sfex cuelgan de cadenas de la armadura de Mortarion, y hay otros tres en la peana: 1 lleva un icono del Chaos, otro columpia un incensario y el tercero lleva un contenedor repleto de sustancias horribles en las que no vamos a ahondar. La peana est\u00e1 repleta de rocas a las que corrompe la sola presencia inmunda del Primarca Daemon.<\/p>\n<p>Mortarion, Daemon Primarch de Nurgle, contiene 78 piezas e incluye una peana redonda Citadel de 100 mm.<\/p>\n","protected":false},"excerpt":{"rendered":"<p>Mortarion, Se\u00f1or de la Death Guard, lleva diez mil a\u00f1os aplastando a sus enemigos en el campo de batalla. Envuelto en parloteantes par\u00e1sitos daem\u00f3nicos, moscas zumbonas y nocivos vapores pestilentes, Mortarion llega volando al combate con sus alas enormes, unas alas cuyo batir estruendoso llena al enemigo de un temor lacerante, al tiempo que el [&hellip;]<\/p>\n","protected":false},"featured_media":64871,"template":"","meta":{"_acf_changed":false},"product_brand":[],"product_cat":[1177,1180,1623,1229],"product_tag":[],"class_list":{"0":"post-64897","1":"product","2":"type-product","3":"status-publish","4":"has-post-thumbnail","6":"product_cat-games-workshop-es","7":"product_cat-retail-products-es","8":"product_cat-wargames-es-2","9":"product_cat-warhammer-40k-es","11":"first","12":"onbackorder","13":"sale","14":"taxable","15":"shipping-taxable","16":"purchasable","17":"product-type-simple"},"exclude_global_add_ons":[],"addons":[],"acf":[],"_links":{"self":[{"href":"https:\/\/www.customeeple.com\/es\/wp-json\/wp\/v2\/product\/64897","targetHints":{"allow":["GET"]}}],"collection":[{"href":"https:\/\/www.customeeple.com\/es\/wp-json\/wp\/v2\/product"}],"about":[{"href":"https:\/\/www.customeeple.com\/es\/wp-json\/wp\/v2\/types\/product"}],"wp:featuredmedia":[{"embeddable":true,"href":"https:\/\/www.customeeple.com\/es\/wp-json\/wp\/v2\/media\/64871"}],"wp:attachment":[{"href":"https:\/\/www.customeeple.com\/es\/wp-json\/wp\/v2\/media?parent=64897"}],"wp:term":[{"taxonomy":"product_brand","embeddable":true,"href":"https:\/\/www.customeeple.com\/es\/wp-json\/wp\/v2\/product_brand?post=64897"},{"taxonomy":"product_cat","embeddable":true,"href":"https:\/\/www.customeeple.com\/es\/wp-json\/wp\/v2\/product_cat?post=64897"},{"taxonomy":"product_tag","embeddable":true,"href":"https:\/\/www.customeeple.com\/es\/wp-json\/wp\/v2\/product_tag?post=64897"}],"curies":[{"name":"wp","href":"https:\/\/api.w.org\/{rel}","templated":true}]}}