{"id":64896,"date":"2022-09-28T12:53:53","date_gmt":"2022-09-28T11:53:53","guid":{"rendered":"https:\/\/www.customeeple.com\/product\/acolyte-hybrids\/"},"modified":"2026-03-26T11:55:06","modified_gmt":"2026-03-26T10:55:06","slug":"acolyte-hybrids","status":"publish","type":"product","link":"https:\/\/www.customeeple.com\/es\/producto\/acolyte-hybrids\/","title":{"rendered":"Acolyte Hybrids"},"content":{"rendered":"<p>Ba\u00f1\u00e1ndose en la extra\u00f1a gloria del patr\u00f3n que les infect\u00f3, los Acolyte Hybrids sisean en la oscuridad. Cuando llega el momento de deshacerse de los ropajes ra\u00eddos que usan como disfraz de su fealdad, los Acolyte Hybrids se arrastran hasta la superficie y la luz, con sus rostros grotescos deformados en alegr\u00eda subhumana. Muestran una mezcla extra\u00f1a de las especies de las que provienen: la velocidad de un Purestrain Genestealer mezclada con la astucia humana es una combinaci\u00f3n potente. Estos h\u00edbridos disparan r\u00e1fagas de pistola autom\u00e1tica antes de caer sobre sus enemigos en un derroche de garras, armas de combate cuerpo a cuerpo y gritos de alabanza a sus amos.<\/p>\n<p>Este kit de pl\u00e1stico multicomponente contiene todos los componentes necesarios para montar 5 Acolyte Hybrids armados con pistolas autom\u00e1ticas, armas cuerpo a cuerpo, cargas de demolici\u00f3n y garras aceradas. Se incluyen lanzallamas de mano, sierras pesadas de roca, un taladro pesado de roca (con mochila), una cizalla pesada de roca y opciones para un Acolyte Leader: esta miniatura puede usar una de las 2 cabezas especiales y se puede armar con una espada \u00f3sea o un l\u00e1tigo org\u00e1nico.<\/p>\n<p>Este kit se puede usar opcionalmente para montar 5 Hybrid Metamorphs. Se suministra con 5 peanas redondas Citadel de 32mm.<\/p>\n","protected":false},"excerpt":{"rendered":"<p>Ba\u00f1\u00e1ndose en la extra\u00f1a gloria del patr\u00f3n que les infect\u00f3, los Acolyte Hybrids sisean en la oscuridad. Cuando llega el momento de deshacerse de los ropajes ra\u00eddos que usan como disfraz de su fealdad, los Acolyte Hybrids se arrastran hasta la superficie y la luz, con sus rostros grotescos deformados en alegr\u00eda subhumana. Muestran una [&hellip;]<\/p>\n","protected":false},"featured_media":70861,"template":"","meta":{"_acf_changed":false},"product_brand":[],"product_cat":[1177,1180,1623,1229],"product_tag":[],"class_list":{"0":"post-64896","1":"product","2":"type-product","3":"status-publish","4":"has-post-thumbnail","6":"product_cat-games-workshop-es","7":"product_cat-retail-products-es","8":"product_cat-wargames-es-2","9":"product_cat-warhammer-40k-es","11":"first","12":"onbackorder","13":"sale","14":"taxable","15":"shipping-taxable","16":"purchasable","17":"product-type-simple"},"exclude_global_add_ons":[],"addons":[],"acf":[],"_links":{"self":[{"href":"https:\/\/www.customeeple.com\/es\/wp-json\/wp\/v2\/product\/64896","targetHints":{"allow":["GET"]}}],"collection":[{"href":"https:\/\/www.customeeple.com\/es\/wp-json\/wp\/v2\/product"}],"about":[{"href":"https:\/\/www.customeeple.com\/es\/wp-json\/wp\/v2\/types\/product"}],"wp:featuredmedia":[{"embeddable":true,"href":"https:\/\/www.customeeple.com\/es\/wp-json\/wp\/v2\/media\/70861"}],"wp:attachment":[{"href":"https:\/\/www.customeeple.com\/es\/wp-json\/wp\/v2\/media?parent=64896"}],"wp:term":[{"taxonomy":"product_brand","embeddable":true,"href":"https:\/\/www.customeeple.com\/es\/wp-json\/wp\/v2\/product_brand?post=64896"},{"taxonomy":"product_cat","embeddable":true,"href":"https:\/\/www.customeeple.com\/es\/wp-json\/wp\/v2\/product_cat?post=64896"},{"taxonomy":"product_tag","embeddable":true,"href":"https:\/\/www.customeeple.com\/es\/wp-json\/wp\/v2\/product_tag?post=64896"}],"curies":[{"name":"wp","href":"https:\/\/api.w.org\/{rel}","templated":true}]}}