{"id":64895,"date":"2022-09-28T12:53:34","date_gmt":"2022-09-28T11:53:34","guid":{"rendered":"https:\/\/www.customeeple.com\/product\/maletin-de-batalla-para-miniaturas\/"},"modified":"2022-09-28T12:53:34","modified_gmt":"2022-09-28T11:53:34","slug":"maletin-de-batalla-para-miniaturas","status":"publish","type":"product","link":"https:\/\/www.customeeple.com\/es\/producto\/maletin-de-batalla-para-miniaturas\/","title":{"rendered":"Malet\u00edn de Batalla para miniaturas Citadel"},"content":{"rendered":"<p>Los maletines para miniaturas Citadel son el modo perfecto de transportar y proteger tus miniaturas Citadel. Equipado con un set de nuestros revolucionarios canales de espuma, el Malet\u00edn de Batalla para miniaturas Citadel ha sido espec\u00edficamente dise\u00f1ado para acomodar casi cualquiera de nuestras miniaturas sin importar su forma o tama\u00f1o, de manera r\u00e1pida y f\u00e1cil sin necesidad de cortar y dar forma a la espuma para hacerlas caber.<\/p>\n<p>Llenar y vaciar el malet\u00edn te resultar\u00e1 de lo m\u00e1s f\u00e1cil, y cualquier miniatura, por partes muy puntiagudas que tenga, quedar\u00e1 perfectamente protegida entre los canales de espuma, como si para ello te hubieras pasado horas cortando la espuma a medida. As\u00ed dispondr\u00e1s de m\u00e1s tiempo libre para concentrarte en jugar partidas, pintar o simplemente dsplegar tu colecci\u00f3n de miniaturas. Los canales de espuma aprovechan el espacio con la mayor eficiencia posible, de modo que puedas almacenar m\u00e1s miniaturas y de manera m\u00e1s segura que con ning\u00fan otro malet\u00edn. \u00c9chale un vistazo a las im\u00e1genes o al v\u00eddeo de la derecha para hacerte una idea de hasta qu\u00e9 punto estos maletines pueden mejorar tu experiencia en el hobby. Te preguntar\u00e1s c\u00f3mo hab\u00edas podido vivir todo este tiempo sin ellos. No te preocupes. Esos tiempos oscuros forman ya parte del pasado.<\/p>\n<p>Sabemos que quieres la mejor protecci\u00f3n para tus miniaturas, y por ello la espuma que contiene este malet\u00edn es ligeramente m\u00e1s voluminosa que el propio malet\u00edn, de modo que cuando lo cierres se comprimir\u00e1 en torno a las miniaturas para asegurar que apenas se muevan. Adem\u00e1s, el malet\u00edn tiene cierres de nylon duro, que no se romper\u00e1n aunque se te caiga al suelo. A fin de hacerlo a\u00fan m\u00e1s robusto, una bisagra de metal recorre toda su parte trasera, reforzando los cierres y d\u00e1ndole estabilidad. Tambi\u00e9n sabemos que almacenar tus maletines de manera c\u00f3moda es otra consideraci\u00f3n importante, y por ello los hemos dise\u00f1ado de modo que puedan apilarse f\u00e1cilmente.<\/p>\n<p>Nos hemos esforzado mucho investigando para lograr hacer estos maletines lo m\u00e1s c\u00f3modos posible de transportar, con asas de dise\u00f1o ergon\u00f3mico que te proporcionan un agarre s\u00f3lido y un mecanismo que traba la tapa una vez abierta, para evitar que ocurra ning\u00fan terrible accidente que pueda aplastar tus miniaturas en la mesa de juego.<\/p>\n","protected":false},"excerpt":{"rendered":"<p>Los maletines para miniaturas Citadel son el modo perfecto de transportar y proteger tus miniaturas Citadel. Equipado con un set de nuestros revolucionarios canales de espuma, el Malet\u00edn de Batalla para miniaturas Citadel ha sido espec\u00edficamente dise\u00f1ado para acomodar casi cualquiera de nuestras miniaturas sin importar su forma o tama\u00f1o, de manera r\u00e1pida y f\u00e1cil [&hellip;]<\/p>\n","protected":false},"featured_media":64885,"template":"","meta":{"_acf_changed":false},"product_brand":[],"product_cat":[1401,1180],"product_tag":[],"class_list":{"0":"post-64895","1":"product","2":"type-product","3":"status-publish","4":"has-post-thumbnail","6":"product_cat-pintura-y-modelismo","7":"product_cat-retail-products-es","9":"first","10":"instock","11":"sale","12":"taxable","13":"shipping-taxable","14":"purchasable","15":"product-type-simple"},"exclude_global_add_ons":[],"addons":[],"acf":[],"_links":{"self":[{"href":"https:\/\/www.customeeple.com\/es\/wp-json\/wp\/v2\/product\/64895","targetHints":{"allow":["GET"]}}],"collection":[{"href":"https:\/\/www.customeeple.com\/es\/wp-json\/wp\/v2\/product"}],"about":[{"href":"https:\/\/www.customeeple.com\/es\/wp-json\/wp\/v2\/types\/product"}],"wp:featuredmedia":[{"embeddable":true,"href":"https:\/\/www.customeeple.com\/es\/wp-json\/wp\/v2\/media\/64885"}],"wp:attachment":[{"href":"https:\/\/www.customeeple.com\/es\/wp-json\/wp\/v2\/media?parent=64895"}],"wp:term":[{"taxonomy":"product_brand","embeddable":true,"href":"https:\/\/www.customeeple.com\/es\/wp-json\/wp\/v2\/product_brand?post=64895"},{"taxonomy":"product_cat","embeddable":true,"href":"https:\/\/www.customeeple.com\/es\/wp-json\/wp\/v2\/product_cat?post=64895"},{"taxonomy":"product_tag","embeddable":true,"href":"https:\/\/www.customeeple.com\/es\/wp-json\/wp\/v2\/product_tag?post=64895"}],"curies":[{"name":"wp","href":"https:\/\/api.w.org\/{rel}","templated":true}]}}