{"id":64894,"date":"2022-09-28T12:51:53","date_gmt":"2022-09-28T11:51:53","guid":{"rendered":"https:\/\/www.customeeple.com\/product\/space-marines-paint-set\/"},"modified":"2022-09-28T12:51:53","modified_gmt":"2022-09-28T11:51:53","slug":"space-marines-paint-set","status":"publish","type":"product","link":"https:\/\/www.customeeple.com\/es\/producto\/space-marines-paint-set\/","title":{"rendered":"Set Marines Espaciales: Intercesores de Asalto + pinturas"},"content":{"rendered":"<p>Los Intercesores de Asalto, m\u00e1quinas de guerra sin par, se lanzan al fragor de la batalla de cabeza ajusticiando a sus enemigos con pistolas b\u00f3lter y espadas sierra.<\/p>\n<p>Esta caja es perfecta para empezar tu nueva colecci\u00f3n de Marines Espaciales. Incluye tres Intercesores de Asalto en tres posiciones distintas, las pinturas que necesitar\u00e1s para prepararlos para la batalla y un pincel. Estas miniaturas son de montaje f\u00e1cil, as\u00ed que solo necesitar\u00e1s tenacillas, \u00a1desp\u00eddete del pegamento!<\/p>\n<p>Cada guerrero viene armado con una pistola b\u00f3lter pesada y una espada sierra Astartes y est\u00e1 en posici\u00f3n de ataque en pleno movimiento. Una de las miniaturas est\u00e1 a punto de lanzar una granada frag a su enemigo; su armadura y los detalles que la acompa\u00f1an combinan con los otros Intercesores de Asalto de la gama, lo que te permite a\u00f1adirlos a tu fuerza ya existente sin que destaquen.<\/p>\n<p>Las seis pinturas proporcionadas vienen en botes de 12 ml, e incluyen los colores esenciales para pintar a los Intercesores como Ultramarines, as\u00ed como una pintura t\u00e9cnica para crear darle textura a las peanas:<br \/>\n<strong>&#8211; Macragge Blue<br \/>\n&#8211; Balthasar Gold<br \/>\n&#8211; Corax White<br \/>\n&#8211; Abaddon Black<br \/>\n&#8211; Agrax Earthshade<br \/>\n&#8211; Astrogranite<\/strong><\/p>\n<p>El set tambi\u00e9n incluye un pincel Citadel para principiantes, para que puedes pintar desde el primer momento.<\/p>\n","protected":false},"excerpt":{"rendered":"<p>Los Intercesores de Asalto, m\u00e1quinas de guerra sin par, se lanzan al fragor de la batalla de cabeza ajusticiando a sus enemigos con pistolas b\u00f3lter y espadas sierra. Esta caja es perfecta para empezar tu nueva colecci\u00f3n de Marines Espaciales. Incluye tres Intercesores de Asalto en tres posiciones distintas, las pinturas que necesitar\u00e1s para prepararlos [&hellip;]<\/p>\n","protected":false},"featured_media":64875,"template":"","meta":{"_acf_changed":false},"product_brand":[],"product_cat":[1401,1267,1180],"product_tag":[],"class_list":{"0":"post-64894","1":"product","2":"type-product","3":"status-publish","4":"has-post-thumbnail","6":"product_cat-pintura-y-modelismo","7":"product_cat-paints-es","8":"product_cat-retail-products-es","10":"first","11":"onbackorder","12":"sale","13":"taxable","14":"shipping-taxable","15":"purchasable","16":"product-type-simple"},"exclude_global_add_ons":[],"addons":[],"acf":[],"_links":{"self":[{"href":"https:\/\/www.customeeple.com\/es\/wp-json\/wp\/v2\/product\/64894","targetHints":{"allow":["GET"]}}],"collection":[{"href":"https:\/\/www.customeeple.com\/es\/wp-json\/wp\/v2\/product"}],"about":[{"href":"https:\/\/www.customeeple.com\/es\/wp-json\/wp\/v2\/types\/product"}],"wp:featuredmedia":[{"embeddable":true,"href":"https:\/\/www.customeeple.com\/es\/wp-json\/wp\/v2\/media\/64875"}],"wp:attachment":[{"href":"https:\/\/www.customeeple.com\/es\/wp-json\/wp\/v2\/media?parent=64894"}],"wp:term":[{"taxonomy":"product_brand","embeddable":true,"href":"https:\/\/www.customeeple.com\/es\/wp-json\/wp\/v2\/product_brand?post=64894"},{"taxonomy":"product_cat","embeddable":true,"href":"https:\/\/www.customeeple.com\/es\/wp-json\/wp\/v2\/product_cat?post=64894"},{"taxonomy":"product_tag","embeddable":true,"href":"https:\/\/www.customeeple.com\/es\/wp-json\/wp\/v2\/product_tag?post=64894"}],"curies":[{"name":"wp","href":"https:\/\/api.w.org\/{rel}","templated":true}]}}