{"id":64883,"date":"2022-09-21T19:32:06","date_gmt":"2022-09-21T18:32:06","guid":{"rendered":"https:\/\/www.customeeple.com\/product\/mesbg-minas-tirith-battlehost\/"},"modified":"2023-11-23T00:00:21","modified_gmt":"2023-11-22T23:00:21","slug":"mesbg-minas-tirith-battlehost","status":"publish","type":"product","link":"https:\/\/www.customeeple.com\/es\/producto\/mesbg-minas-tirith-battlehost\/","title":{"rendered":"MESBG: Minas Tirith Battlehost"},"content":{"rendered":"<p>Carga desde la Ciudad Blanca de Gondor junto a Gandalf the White y Peregrin Took mientras lideran los Guerreros y Caballeros de Minas Tirith.<\/p>\n<p>Esta \u00e9pica caja contiene 33 miniaturas Citadel de pl\u00e1stico para usar en partidas del juego de batallas estrat\u00e9gicas de la Tierra Media&#x2122;, y es una forma ideal para que los jugadores refuercen sus ej\u00e9rcitos, o para que los nuevos coleccionistas comiencen uno nuevo.<\/p>\n<p>Junto a esta Battlehost est\u00e1 disponible de forma gratuita una Quickstart Rules Guide en PDF con reglas y escenarios simplificados, junto con un Quickstart Booklet en PDF con los perfiles de las miniaturas para ayudarte a empezar a jugar lo m\u00e1s f\u00e1cilmente posible.<\/p>\n<p><strong>Contiene:<\/strong><\/p>\n<p>1 Gandalf&#x2122; the White and Peregrin Took&#x2122; Mounted<br \/>\n1 Gandalf&#x2122; the White on Foot<br \/>\n1 Peregrin Took&#x2122; on Foot<br \/>\n24 Warriors of Minas Tirith&#x2122;<br \/>\n6 Knights of Minas Tirith&#x2122;<\/p>\n<p>Este set contiene 33 miniaturas de pl\u00e1stico que vienen con todas las peanas necesarias. Las miniaturas se suministran sin montar y sin pintar. Recomendamos usar pegamento para pl\u00e1stico Citadel y pinturas Citadel.<\/p>\n<p><em>\u00a9 2022 New Line Productions, Inc. All rights reserved. The Lord of the Rings: The Fellowship of the Ring, The Lord of the Rings: The Two Towers, The Lord of the Rings: The Return of the King and the names of the characters, items, events and places therein are trademarks of The Saul Zaentz Company d\/b\/a Middle-earth Enterprises under license to New Line Productions, Inc.<\/p>\n<p>\u00a9 Warner Bros. Entertainment Inc. All rights reserved. THE HOBBIT: AN UNEXPECTED JOURNEY, THE HOBBIT: THE DESOLATION OF SMAUG, THE HOBBIT: THE BATTLE OF THE FIVE ARMIES and the names of the characters, items, events and places therein are trademarks of The Saul Zaentz Company d\/b\/a Middle-earth Enterprises under license to New Line Productions, Inc. (s22)<\/em><\/p>\n","protected":false},"excerpt":{"rendered":"<p>Carga desde la Ciudad Blanca de Gondor junto a Gandalf the White y Peregrin Took mientras lideran los Guerreros y Caballeros de Minas Tirith. Esta \u00e9pica caja contiene 33 miniaturas Citadel de pl\u00e1stico para usar en partidas del juego de batallas estrat\u00e9gicas de la Tierra Media&#x2122;, y es una forma ideal para que los jugadores [&hellip;]<\/p>\n","protected":false},"featured_media":64877,"template":"","meta":{"_acf_changed":false},"product_brand":[],"product_cat":[1177,2081,1180,1623],"product_tag":[],"class_list":{"0":"post-64883","1":"product","2":"type-product","3":"status-publish","4":"has-post-thumbnail","6":"product_cat-games-workshop-es","7":"product_cat-middle-earth-battle-strategy-game-es","8":"product_cat-retail-products-es","9":"product_cat-wargames-es-2","11":"first","12":"onbackorder","13":"sale","14":"taxable","15":"shipping-taxable","16":"purchasable","17":"product-type-simple"},"exclude_global_add_ons":[],"addons":[],"acf":[],"_links":{"self":[{"href":"https:\/\/www.customeeple.com\/es\/wp-json\/wp\/v2\/product\/64883","targetHints":{"allow":["GET"]}}],"collection":[{"href":"https:\/\/www.customeeple.com\/es\/wp-json\/wp\/v2\/product"}],"about":[{"href":"https:\/\/www.customeeple.com\/es\/wp-json\/wp\/v2\/types\/product"}],"wp:featuredmedia":[{"embeddable":true,"href":"https:\/\/www.customeeple.com\/es\/wp-json\/wp\/v2\/media\/64877"}],"wp:attachment":[{"href":"https:\/\/www.customeeple.com\/es\/wp-json\/wp\/v2\/media?parent=64883"}],"wp:term":[{"taxonomy":"product_brand","embeddable":true,"href":"https:\/\/www.customeeple.com\/es\/wp-json\/wp\/v2\/product_brand?post=64883"},{"taxonomy":"product_cat","embeddable":true,"href":"https:\/\/www.customeeple.com\/es\/wp-json\/wp\/v2\/product_cat?post=64883"},{"taxonomy":"product_tag","embeddable":true,"href":"https:\/\/www.customeeple.com\/es\/wp-json\/wp\/v2\/product_tag?post=64883"}],"curies":[{"name":"wp","href":"https:\/\/api.w.org\/{rel}","templated":true}]}}