{"id":64881,"date":"2022-09-21T19:32:29","date_gmt":"2022-09-21T18:32:29","guid":{"rendered":"https:\/\/www.customeeple.com\/product\/mesbg-isengard-battlehost\/"},"modified":"2023-11-23T00:00:21","modified_gmt":"2023-11-22T23:00:21","slug":"mesbg-isengard-battlehost","status":"publish","type":"product","link":"https:\/\/www.customeeple.com\/es\/producto\/mesbg-isengard-battlehost\/","title":{"rendered":"MESBG: Isengard Battlehost"},"content":{"rendered":"<p>\u00danete a las filas del Istari ca\u00eddo, Saruman, uno de los hechiceros m\u00e1s poderosos de la Tierra Media&#x2122;, mientras lidera personalmente la Battlehost de Isengard de Uruk-hai Scouts y Uruk-hai Warriors, seguido por su fiel secuaz, Gr\u00edma Wormtongue.<\/p>\n<p>Esta fuerza de batalla contiene 48 miniaturas de pl\u00e1stico Citadel para usar en partidas del juego de batallas estrat\u00e9gicas de la Tierra Media&#x2122; y es una forma ideal para que los jugadores existentes refuercen sus ej\u00e9rcitod, o para que los nuevos coleccionistas se inicien en el juego.<\/p>\n<p>Junto a esta Battlehost est\u00e1 disponible de forma gratuita una Quickstart Rules Guide en PDF con reglas y escenarios simplificados, junto con un Quickstart Booklet en PDF con los perfiles de las miniaturas para ayudarte a empezar a jugar lo m\u00e1s f\u00e1cilmente posible.<\/p>\n<p><strong>Contiene:<\/strong><\/p>\n<p>1 Saruman&#x2122; Mounted<br \/>\n1 Saruman&#x2122; on Foot<br \/>\n1 Gr\u00edma Wormtongue&#x2122;<br \/>\n1 Palant\u00edr&#x2122; on a plinth<br \/>\n24 Uruk-hai&#x2122; Scouts<br \/>\n20 Uruk-hai&#x2122; Warriors<\/p>\n<p>Este set contiene 48 miniaturas de pl\u00e1stico que vienen con todas las peanas necesarias. Las miniaturas se suministran sin montar y sin pintar. Recomendamos usar pegamento para pl\u00e1stico Citadel y pinturas Citadel.<\/p>\n<p><em>\u00a9 2022 New Line Productions, Inc. All rights reserved. The Lord of the Rings: The Fellowship of the Ring, The Lord of the Rings: The Two Towers, The Lord of the Rings: The Return of the King and the names of the characters, items, events and places therein are trademarks of The Saul Zaentz Company d\/b\/a Middle-earth Enterprises under license to New Line Productions, Inc.<\/p>\n<p>\u00a9 Warner Bros. Entertainment Inc. All rights reserved. THE HOBBIT: AN UNEXPECTED JOURNEY, THE HOBBIT: THE DESOLATION OF SMAUG, THE HOBBIT: THE BATTLE OF THE FIVE ARMIES and the names of the characters, items, events and places therein are trademarks of The Saul Zaentz Company d\/b\/a Middle-earth Enterprises under license to New Line Productions, Inc. (s22)<\/em><\/p>\n","protected":false},"excerpt":{"rendered":"<p>\u00danete a las filas del Istari ca\u00eddo, Saruman, uno de los hechiceros m\u00e1s poderosos de la Tierra Media&#x2122;, mientras lidera personalmente la Battlehost de Isengard de Uruk-hai Scouts y Uruk-hai Warriors, seguido por su fiel secuaz, Gr\u00edma Wormtongue. Esta fuerza de batalla contiene 48 miniaturas de pl\u00e1stico Citadel para usar en partidas del juego de [&hellip;]<\/p>\n","protected":false},"featured_media":64863,"template":"","meta":{"_acf_changed":false},"product_brand":[],"product_cat":[1177,2081,1180,1623],"product_tag":[],"class_list":{"0":"post-64881","1":"product","2":"type-product","3":"status-publish","4":"has-post-thumbnail","6":"product_cat-games-workshop-es","7":"product_cat-middle-earth-battle-strategy-game-es","8":"product_cat-retail-products-es","9":"product_cat-wargames-es-2","11":"first","12":"onbackorder","13":"sale","14":"taxable","15":"shipping-taxable","16":"purchasable","17":"product-type-simple"},"exclude_global_add_ons":[],"addons":[],"acf":[],"_links":{"self":[{"href":"https:\/\/www.customeeple.com\/es\/wp-json\/wp\/v2\/product\/64881","targetHints":{"allow":["GET"]}}],"collection":[{"href":"https:\/\/www.customeeple.com\/es\/wp-json\/wp\/v2\/product"}],"about":[{"href":"https:\/\/www.customeeple.com\/es\/wp-json\/wp\/v2\/types\/product"}],"wp:featuredmedia":[{"embeddable":true,"href":"https:\/\/www.customeeple.com\/es\/wp-json\/wp\/v2\/media\/64863"}],"wp:attachment":[{"href":"https:\/\/www.customeeple.com\/es\/wp-json\/wp\/v2\/media?parent=64881"}],"wp:term":[{"taxonomy":"product_brand","embeddable":true,"href":"https:\/\/www.customeeple.com\/es\/wp-json\/wp\/v2\/product_brand?post=64881"},{"taxonomy":"product_cat","embeddable":true,"href":"https:\/\/www.customeeple.com\/es\/wp-json\/wp\/v2\/product_cat?post=64881"},{"taxonomy":"product_tag","embeddable":true,"href":"https:\/\/www.customeeple.com\/es\/wp-json\/wp\/v2\/product_tag?post=64881"}],"curies":[{"name":"wp","href":"https:\/\/api.w.org\/{rel}","templated":true}]}}