{"id":64880,"date":"2022-09-21T19:31:56","date_gmt":"2022-09-21T18:31:56","guid":{"rendered":"https:\/\/www.customeeple.com\/product\/leviathan-siege-dreadnought-with-claw-and-drills\/"},"modified":"2023-11-23T00:00:20","modified_gmt":"2023-11-22T23:00:20","slug":"leviathan-siege-dreadnought-with-claw-and-drills","status":"publish","type":"product","link":"https:\/\/www.customeeple.com\/es\/producto\/leviathan-siege-dreadnought-with-claw-and-drills\/","title":{"rendered":"Leviathan Siege Dreadnought with Claw and Drills"},"content":{"rendered":"<p>El Dreadnought de asedio Leviathan, de armamento pesado y blindaje impresionante, es una alternativa al tan exitoso dise\u00f1o Contemptor. Estos ingenios poco comunes y poderosos son muy valorados por los comandantes Astartes, pues los reconocen como unidades de asedio salvajemente potentes y cazadoras-asesinas que pueden aplastar cualquier oposici\u00f3n con una carga imparable. Pero esta fuerza abrumadora tiene un precio: los sistemas Leviathan provocan un desgaste letal a su ocupante, que enterrado en \u00e9l arde con fuerza pero brevemente en su segunda vida.<\/p>\n<p>Este kit de pl\u00e1stico multicomponente sirve para montar un Leviathan Siege Dreadnought, un b\u00edpedo blindado intimidante equipado con armas de combate letales. Cada uno de los pu\u00f1os mec\u00e1nicos del Leviathan est\u00e1 armado con un rifle de fusi\u00f3n interno y puede montarse tanto como una garra aplastante de asedio o un taladro de asedio, con dedos que pueden posarse de forma individual. El torso del Dreadnought alberga un par de armas adicionales, que puedes elegir que sean lanzallamas dobles o caliver volkite enlazados dobles, y tambi\u00e9n puede armarse con un descargador de phosphex montado en el casco opcional. Este kit impresionantemente personalizable incluye una elecci\u00f3n de tres corazas distintas, dos capuchas diferentes y tres coquillas blindadas distintas. Las articulaciones y cabeza del Dreadnought pueden colocarse por separado en diversidad de poses, y hay cables alternativos para diferentes poses de brazo, opciones de pies para dar la apariencia de que camina hacia delante o coloca los pies para recibir una carga.<\/p>\n<p>Este kit se compone de 153 piezas de pl\u00e1stico y viene junto a una peana redonda Citadel de 80 mm, as\u00ed como de una hoja de calcoman\u00edas de veh\u00edculo de Legiones Astartes que contiene 44 marcas e iconos opcionales para las Legiones Hijos de Horus y Pu\u00f1os Imperiales. Esta miniatura viene sin pintar y requiere montaje; recomendamos el uso de pegamento pl\u00e1stico Citadel y pinturas Citadel.<\/p>\n<p>Necesitar\u00e1s un ejemplar de Warhammer: The Horus Heresy \u2013 Age of Darkness Rulebook y una copia de Liber Astartes: Loyalist Legiones Astartes Army Book o de Liber Hereticus: Traitor Legiones Astartes Army Book para darle uso completo a esta miniatura en partidas de Warhammer: The Horus Heresy. Las reglas para usar el Dreadnought de asedio LEviathan en partidas de Warhammer 40,000 se encuentran en Warhammer 40,000: Imperial Armour Compendium, disponible en\u00a0<a href=\"http:\/\/forgeworld.co.uk\/\">ForgeWorld.co.uk<\/a>.<\/p>\n","protected":false},"excerpt":{"rendered":"<p>El Dreadnought de asedio Leviathan, de armamento pesado y blindaje impresionante, es una alternativa al tan exitoso dise\u00f1o Contemptor. Estos ingenios poco comunes y poderosos son muy valorados por los comandantes Astartes, pues los reconocen como unidades de asedio salvajemente potentes y cazadoras-asesinas que pueden aplastar cualquier oposici\u00f3n con una carga imparable. Pero esta fuerza [&hellip;]<\/p>\n","protected":false},"featured_media":64861,"template":"","meta":{"_acf_changed":false},"product_brand":[],"product_cat":[1177,1180,1623],"product_tag":[],"class_list":{"0":"post-64880","1":"product","2":"type-product","3":"status-publish","4":"has-post-thumbnail","6":"product_cat-games-workshop-es","7":"product_cat-retail-products-es","8":"product_cat-wargames-es-2","10":"first","11":"onbackorder","12":"sale","13":"taxable","14":"shipping-taxable","15":"purchasable","16":"product-type-simple"},"exclude_global_add_ons":[],"addons":[],"acf":[],"_links":{"self":[{"href":"https:\/\/www.customeeple.com\/es\/wp-json\/wp\/v2\/product\/64880","targetHints":{"allow":["GET"]}}],"collection":[{"href":"https:\/\/www.customeeple.com\/es\/wp-json\/wp\/v2\/product"}],"about":[{"href":"https:\/\/www.customeeple.com\/es\/wp-json\/wp\/v2\/types\/product"}],"wp:featuredmedia":[{"embeddable":true,"href":"https:\/\/www.customeeple.com\/es\/wp-json\/wp\/v2\/media\/64861"}],"wp:attachment":[{"href":"https:\/\/www.customeeple.com\/es\/wp-json\/wp\/v2\/media?parent=64880"}],"wp:term":[{"taxonomy":"product_brand","embeddable":true,"href":"https:\/\/www.customeeple.com\/es\/wp-json\/wp\/v2\/product_brand?post=64880"},{"taxonomy":"product_cat","embeddable":true,"href":"https:\/\/www.customeeple.com\/es\/wp-json\/wp\/v2\/product_cat?post=64880"},{"taxonomy":"product_tag","embeddable":true,"href":"https:\/\/www.customeeple.com\/es\/wp-json\/wp\/v2\/product_tag?post=64880"}],"curies":[{"name":"wp","href":"https:\/\/api.w.org\/{rel}","templated":true}]}}