{"id":64879,"date":"2022-09-21T19:27:53","date_gmt":"2022-09-21T18:27:53","guid":{"rendered":"https:\/\/www.customeeple.com\/product\/space-marine-sternguard-veteran-squad\/"},"modified":"2026-03-26T11:55:06","modified_gmt":"2026-03-26T10:55:06","slug":"space-marine-sternguard-veteran-squad","status":"publish","type":"product","link":"https:\/\/www.customeeple.com\/es\/producto\/space-marine-sternguard-veteran-squad\/","title":{"rendered":"Space Marine Sternguard Veteran Squad"},"content":{"rendered":"<p>Los Veteranos de la Guardia de un Cap\u00edtulo son elegidos de entre los miembros de su prestigiosa 1\u00aa Compa\u00f1\u00eda. Se despliegan all\u00e1 donde la lucha es m\u00e1s encarnizada y son excelentes tiradores.<\/p>\n<p>Esta Escuadra de 5 Veteranos de la Guardia ofrece una gran cantidad de opciones y variantes. Podr\u00e1s crear una escuadra de miniaturas \u00fanicas, como corresponde a su estatus entre los mejores h\u00e9roes de los Marines Espaciales.<\/p>\n<p>La caja incluye 5 pares de piernas distintos, 6 placas pectorales distintas, 13 cabezas \u00fanicas (7 con casco y 6 descubiertas), 16 hombreras diferentes y 5 generadores dorsales.<\/p>\n<p>En cuanto al armamento, tambi\u00e9n hay mucho donde elegir. Tienes 6 b\u00f3lteres diferentes, 2 b\u00f3lteres de asalto, opciones para 1 lanzallamas pesado o 1 b\u00f3lter pesado, 1 lanzallamas, 1 rifle de fusi\u00f3n, 1 rifle de plasma, 1 pu\u00f1o de combate, 8 combi-armas (2 de cada combi: fusi\u00f3n, plasma, grav y lanzallamas), 1 pistola grav, 1 pistola de plasma y, c\u00f3mo no, la cl\u00e1sica y fiable pistola b\u00f3lter.<\/p>\n<p>Pero eso no es todo: adem\u00e1s hay un penacho para que puedas adornar el casco del Sargento de la Escuadra y este puede tener 1 espada sierra o 1 espada de energ\u00eda envainada. Hay suficientes piezas para equipar a toda la escuadra con granadas de fragmentaci\u00f3n y perforantes, una selecci\u00f3n de munici\u00f3n especial, 1 \u00e1uspex, 1 icono dorsal y hasta 1 cuchillo de combate, por si hay que dar cuenta de algo que se acerque demasiado.<\/p>\n<p>La gama de Marines Espaciales se ha dise\u00f1ado para que todos los componentes de sus diversas cajas sean compatibles. Si quieres que tu Escuadra de Veteranos de la Guardia tenga cabezas diferentes sencillamente usa algunas de la Escuadra T\u00e1ctica y encajar\u00e1n a la perfecci\u00f3n. Gracias a esto podr\u00e1s hacer \u00fanica tu colecci\u00f3n de miniaturas.<\/p>\n<p>Este kit multicomponente de pl\u00e1stico contiene 120 piezas con las que montar una Escuadra de 5 Veteranos de la Guardia y adem\u00e1s te sobrar\u00e1n para otros muchos proyectos.<\/p>\n<p>Las miniaturas requieren montaje y pintado; recomendamos el uso del Pegamento para Pl\u00e1stico y de las Pinturas Citadel.<\/p>\n","protected":false},"excerpt":{"rendered":"<p>Los Veteranos de la Guardia de un Cap\u00edtulo son elegidos de entre los miembros de su prestigiosa 1\u00aa Compa\u00f1\u00eda. Se despliegan all\u00e1 donde la lucha es m\u00e1s encarnizada y son excelentes tiradores. Esta Escuadra de 5 Veteranos de la Guardia ofrece una gran cantidad de opciones y variantes. Podr\u00e1s crear una escuadra de miniaturas \u00fanicas, [&hellip;]<\/p>\n","protected":false},"featured_media":74519,"template":"","meta":{"_acf_changed":false},"product_brand":[],"product_cat":[1177,1180,1623,1229],"product_tag":[],"class_list":{"0":"post-64879","1":"product","2":"type-product","3":"status-publish","4":"has-post-thumbnail","6":"product_cat-games-workshop-es","7":"product_cat-retail-products-es","8":"product_cat-wargames-es-2","9":"product_cat-warhammer-40k-es","11":"first","12":"onbackorder","13":"sale","14":"taxable","15":"shipping-taxable","16":"purchasable","17":"product-type-simple"},"exclude_global_add_ons":[],"addons":[],"acf":[],"_links":{"self":[{"href":"https:\/\/www.customeeple.com\/es\/wp-json\/wp\/v2\/product\/64879","targetHints":{"allow":["GET"]}}],"collection":[{"href":"https:\/\/www.customeeple.com\/es\/wp-json\/wp\/v2\/product"}],"about":[{"href":"https:\/\/www.customeeple.com\/es\/wp-json\/wp\/v2\/types\/product"}],"wp:featuredmedia":[{"embeddable":true,"href":"https:\/\/www.customeeple.com\/es\/wp-json\/wp\/v2\/media\/74519"}],"wp:attachment":[{"href":"https:\/\/www.customeeple.com\/es\/wp-json\/wp\/v2\/media?parent=64879"}],"wp:term":[{"taxonomy":"product_brand","embeddable":true,"href":"https:\/\/www.customeeple.com\/es\/wp-json\/wp\/v2\/product_brand?post=64879"},{"taxonomy":"product_cat","embeddable":true,"href":"https:\/\/www.customeeple.com\/es\/wp-json\/wp\/v2\/product_cat?post=64879"},{"taxonomy":"product_tag","embeddable":true,"href":"https:\/\/www.customeeple.com\/es\/wp-json\/wp\/v2\/product_tag?post=64879"}],"curies":[{"name":"wp","href":"https:\/\/api.w.org\/{rel}","templated":true}]}}