{"id":64834,"date":"2022-09-27T15:45:08","date_gmt":"2022-09-27T14:45:08","guid":{"rendered":"https:\/\/www.customeeple.com\/?post_type=product&#038;p=64834"},"modified":"2022-10-24T10:16:19","modified_gmt":"2022-10-24T09:16:19","slug":"m3e-gaining-grounds-set-season-3-22-uds","status":"publish","type":"product","link":"https:\/\/www.customeeple.com\/es\/producto\/m3e-gaining-grounds-set-season-3-22-uds\/","title":{"rendered":"M3E Gaining Grounds Set \u00abSeason 3\u00bb (22 Uds)"},"content":{"rendered":"<p>Un conjunto completo de marcadores y objetivos para jugar la \u00abSeason Three\u00bb de las reglas para torneo de Malifaux (Gaining Grounds).<\/p>\n<p>El pack incluye:<\/p>\n<ul>\n<li><em><strong>6 Marcadores escenicos de HT5 (DM)<\/strong><\/em><\/li>\n<li><em><strong>16 marcadores e maldito.<\/strong><\/em><\/li>\n<\/ul>\n<p>Los marcadores escenicos est\u00e1n dise\u00f1ados para usarse con nuestros <a href=\"https:\/\/www.customeeple.com\/product\/m3e-strategy-tokens-5-units\/\"><em><strong>Marcadores de estrategia<\/strong><\/em><\/a>\u00a0o marcadores de esquema. que no estan incluidos en este pack y deben adquirirse aparte.<\/p>\n<p>Todas las piezas est\u00e1n dise\u00f1adas en colaboraci\u00f3n con los juegos Wyrd para que sean perfectamente compatibles con Malifaux y Gaining Grounds.<\/p>\n<p><strong>Material:<\/strong> metacrilato fluorescente y MDF<\/p>\n<p><strong>Espesor:<\/strong> 3 mm<\/p>\n<p><strong>Tama\u00f1o:<\/strong> Var\u00eda<\/p>\n<p><strong>Cantidad<\/strong>: 22 fichas y marcadores<\/p>\n<p><strong>Uso:<\/strong> Una excelente selecci\u00f3n de nuestras fichas para la \u00abSeason Three\u00bb de las reglas de torneo \u00abGaining Grounds\u00bb de Malifaux.<\/p>\n<p><strong>Nota:<\/strong> Los colores de las piezas de metacrilato pueden variar ligeramente de las fotos. Los productos se venden sin montar y sin pintar, es posible que necesite pegamento para ensamblarlos.<\/p>\n<p><strong>Este producto no incluye plantas ni calaveras, son decoraci\u00f3n a\u00f1adida como presentaci\u00f3n.<\/strong><\/p>\n","protected":false},"excerpt":{"rendered":"<p>A fine selections of our tokens for\u00a0<strong><a href=\"http:\/\/www.wyrd-games.net\/malifaux\">Malifaux<\/a>\u00a0Gaining Grounds<\/strong><\/p>\n","protected":false},"featured_media":64836,"template":"","meta":{"_acf_changed":false},"product_brand":[],"product_cat":[1370,1400,1671,1425,925,78,2360],"product_tag":[1652],"class_list":{"0":"post-64834","1":"product","2":"type-product","3":"status-publish","4":"has-post-thumbnail","6":"product_cat-customeeple-es","7":"product_cat-fantasia","8":"product_cat-malifaux-es-3","9":"product_cat-malifaux-es-2","10":"product_cat-markerstokens-es-2","11":"product_cat-meeple-2","12":"product_cat-productos-oficiales","13":"product_tag-malifaux-es-2","15":"first","16":"instock","17":"taxable","18":"shipping-taxable","19":"purchasable","20":"product-type-simple"},"exclude_global_add_ons":[],"addons":[],"acf":[],"_links":{"self":[{"href":"https:\/\/www.customeeple.com\/es\/wp-json\/wp\/v2\/product\/64834","targetHints":{"allow":["GET"]}}],"collection":[{"href":"https:\/\/www.customeeple.com\/es\/wp-json\/wp\/v2\/product"}],"about":[{"href":"https:\/\/www.customeeple.com\/es\/wp-json\/wp\/v2\/types\/product"}],"wp:featuredmedia":[{"embeddable":true,"href":"https:\/\/www.customeeple.com\/es\/wp-json\/wp\/v2\/media\/64836"}],"wp:attachment":[{"href":"https:\/\/www.customeeple.com\/es\/wp-json\/wp\/v2\/media?parent=64834"}],"wp:term":[{"taxonomy":"product_brand","embeddable":true,"href":"https:\/\/www.customeeple.com\/es\/wp-json\/wp\/v2\/product_brand?post=64834"},{"taxonomy":"product_cat","embeddable":true,"href":"https:\/\/www.customeeple.com\/es\/wp-json\/wp\/v2\/product_cat?post=64834"},{"taxonomy":"product_tag","embeddable":true,"href":"https:\/\/www.customeeple.com\/es\/wp-json\/wp\/v2\/product_tag?post=64834"}],"curies":[{"name":"wp","href":"https:\/\/api.w.org\/{rel}","templated":true}]}}