{"id":64788,"date":"2022-09-16T19:51:28","date_gmt":"2022-09-16T18:51:28","guid":{"rendered":"https:\/\/www.customeeple.com\/product\/mesbg-elrond-master-of-rivendel\/"},"modified":"2026-03-26T11:55:05","modified_gmt":"2026-03-26T10:55:05","slug":"mesbg-elrond-master-of-rivendel","status":"publish","type":"product","link":"https:\/\/www.customeeple.com\/es\/producto\/mesbg-elrond-master-of-rivendel\/","title":{"rendered":"MESBG: Elrond, Master of Rivendel"},"content":{"rendered":"<p>Poderoso guerrero y l\u00edder de renombre legendario, Elrond ha estado al frente de muchas grandes batallas, luchando contra Sauron en la Guerra de la \u00daltima Alianza y siendo testigo de la ca\u00edda del Se\u00f1or Oscuro. Fue \u00e9l quien intent\u00f3 convencer a Isildur de que destruyera el Anillo \u00danico para siempre, un acto que habr\u00eda evitado mucho sufrimiento en la Tercera Edad. Adem\u00e1s de sus habilidades marciales y de hechicer\u00eda, Elrond tambi\u00e9n ha sido bendecido con el don de la previsi\u00f3n, por lo que puede proporcionar una gran sabidur\u00eda a sus aliados. Elrond est\u00e1 representado aqu\u00ed con la intrincada y ornamentada armadura que llev\u00f3 durante la Guerra de la \u00daltima Alianza y acompa\u00f1ado por un estandarte alto elfo que lleva el estandarte de Gil-galad.<\/p>\n<p>Los elfos se encuentran entre los guerreros m\u00e1s h\u00e1biles de toda la Tierra Media, su destreza en el campo de batalla supera con creces la de hombres y enanos, y la arquer\u00eda \u00e9lfica no tiene rival en todas las tierras conocidas. Aunque sus ej\u00e9rcitos est\u00e1n muy disminuidos en comparaci\u00f3n con las vastas huestes \u00e9lficas de \u00e9pocas pasadas, su poder\u00edo sigue siendo suficiente para enfrentarse a cualquier enemigo en el campo de batalla.<\/p>\n<p>Este kit de pl\u00e1stico de 17 piezas contiene las piezas necesarias para montar a Elrond a pie y a caballo, as\u00ed como un High Elf Warrior con estandarte. Este kit se suministra con una peana redonda de 40 mm y dos peanas redondas de 25 mm. Este kit se suministra sin montar y sin pintar. Recomendamos usar pegamento para pl\u00e1stico Citadel y pinturas Citadel.<\/p>\n<p><em>\u00a9 2022 New Line Productions, Inc. All rights reserved. The Lord of the Rings: The Fellowship of the Ring, The Lord of the Rings: The Two Towers, The Lord of the Rings: The Return of the King and the names of the characters, items, events and places therein are trademarks of The Saul Zaentz Company d\/b\/a Middle-earth Enterprises under license to New Line Productions, Inc.<\/p>\n<p>\u00a9 Warner Bros. Entertainment Inc. All rights reserved. THE HOBBIT: AN UNEXPECTED JOURNEY, THE HOBBIT: THE DESOLATION OF SMAUG, THE HOBBIT: THE BATTLE OF THE FIVE ARMIES and the names of the characters, items, events and places therein are trademarks of The Saul Zaentz Company d\/b\/a Middle-earth Enterprises under license to New Line Productions, Inc. (s22)<\/em><\/p>\n","protected":false},"excerpt":{"rendered":"<p>Poderoso guerrero y l\u00edder de renombre legendario, Elrond ha estado al frente de muchas grandes batallas, luchando contra Sauron en la Guerra de la \u00daltima Alianza y siendo testigo de la ca\u00edda del Se\u00f1or Oscuro. Fue \u00e9l quien intent\u00f3 convencer a Isildur de que destruyera el Anillo \u00danico para siempre, un acto que habr\u00eda evitado [&hellip;]<\/p>\n","protected":false},"featured_media":64764,"template":"","meta":{"_acf_changed":false},"product_brand":[],"product_cat":[1177,1180,1623],"product_tag":[],"class_list":{"0":"post-64788","1":"product","2":"type-product","3":"status-publish","4":"has-post-thumbnail","6":"product_cat-games-workshop-es","7":"product_cat-retail-products-es","8":"product_cat-wargames-es-2","10":"first","11":"onbackorder","12":"sale","13":"taxable","14":"shipping-taxable","15":"purchasable","16":"product-type-simple"},"exclude_global_add_ons":[],"addons":[],"acf":[],"_links":{"self":[{"href":"https:\/\/www.customeeple.com\/es\/wp-json\/wp\/v2\/product\/64788","targetHints":{"allow":["GET"]}}],"collection":[{"href":"https:\/\/www.customeeple.com\/es\/wp-json\/wp\/v2\/product"}],"about":[{"href":"https:\/\/www.customeeple.com\/es\/wp-json\/wp\/v2\/types\/product"}],"wp:featuredmedia":[{"embeddable":true,"href":"https:\/\/www.customeeple.com\/es\/wp-json\/wp\/v2\/media\/64764"}],"wp:attachment":[{"href":"https:\/\/www.customeeple.com\/es\/wp-json\/wp\/v2\/media?parent=64788"}],"wp:term":[{"taxonomy":"product_brand","embeddable":true,"href":"https:\/\/www.customeeple.com\/es\/wp-json\/wp\/v2\/product_brand?post=64788"},{"taxonomy":"product_cat","embeddable":true,"href":"https:\/\/www.customeeple.com\/es\/wp-json\/wp\/v2\/product_cat?post=64788"},{"taxonomy":"product_tag","embeddable":true,"href":"https:\/\/www.customeeple.com\/es\/wp-json\/wp\/v2\/product_tag?post=64788"}],"curies":[{"name":"wp","href":"https:\/\/api.w.org\/{rel}","templated":true}]}}