{"id":64786,"date":"2022-09-16T19:51:06","date_gmt":"2022-09-16T18:51:06","guid":{"rendered":"https:\/\/www.customeeple.com\/product\/whu-sanguielejidos-de-dromm\/"},"modified":"2024-07-13T00:00:06","modified_gmt":"2024-07-12T23:00:06","slug":"whu-sanguielejidos-de-dromm","status":"publish","type":"product","link":"https:\/\/www.customeeple.com\/es\/producto\/whu-sanguielejidos-de-dromm\/","title":{"rendered":"Warhammer Underworlds: Nethermaze \u2013 Sanguielegidos de Dromm"},"content":{"rendered":"<p>Dromm, Wonder of Worlds, se\u00f1or de los Sacerdotes Carniceros de Khorne, pretende cometer el acto de violencia definitivo en nombre de su dios asesino. Lleva a su grupo de Sanguielegidos hasta el nadir de la Inframara\u00f1a, donde planea llevar a cabo un gran ritual de sangre en los puntos d\u00e9biles de la tect\u00f3nica para herir al propio Ulgu, enviando lava negra y l\u00edquida a los mares, envenen\u00e1ndolos de forma irreversible. Sus compa\u00f1eros son el Skullgrinder Herax, un creador de artefactos l\u00fagubres y sangrientos, y el musculoso Gorehulk, un exsacerdote que ahora es m\u00e1s parecido a una bestia que a un hombre. Nada detendr\u00e1 a Dromm en su intento de desangrar a Ulgu.<\/p>\n<p>Los Sanguielegidos de Dromm ofrecen un enfoque ritualista del culto violento a Khorne. La banda reclama fichas de diezmo de sangre causando y sufriendo da\u00f1o a lo largo de la batalla, y luego las gasta para alimentar poderosas habilidades, como la acci\u00f3n \u00fanica de Dromm, Encolerizar, que puede hacer que amigos y enemigos carguen por la Inframara\u00f1a en un frenes\u00ed. Esta caja incluye un mazo Rivales completo, adem\u00e1s de un mont\u00f3n de cartas adicionales que te permitir\u00e1n probar algunos trucos, as\u00ed como cartas universales y de Gran Alianza para usar con tus otras bandas.<\/p>\n<p><strong>Esta caja incluye:<\/strong><br \/>&#8211; 3 miniaturas de Sanguielegidos de Dromm, que se montan sin necesidad de pegamento y que de pl\u00e1stico rojo para que destaquen incluso sin pintar.<\/p>\n<p>&#8211; 3 cartas de luchador de doble cara, una por cada guerrero de la banda: Skullgrinder Herax, Gorehulk y Dromm, Wounder of Worlds.<\/p>\n<p>&#8211; Otras 66 cartas para mejorar a tus luchadores y proporcionar nuevas t\u00e1cticas y desaf\u00edos para tus partidas de Warhammer Underworlds: Nethermaze, incluyendo:<br \/>&#8211; 12 cartas de objetivo de los Sanguielegidos de Dromm<br \/>&#8211; 10 cartas de mejora de los Sanguielegidos de Dromm<br \/>&#8211; 10 cartas de gambito de los Sanguielegidos de Dromm (incluye 3 cartas de Dominio)<\/p>\n<p>&#8211; 6 cartas de objetivo universales, utilizables por cualquier banda<br \/>&#8211; 7 cartas de mejora universales, utilizables por cualquier banda (incluye 1 carta de Mapa y 1 carta de Dominio)<br \/>&#8211; 7 Cartas de gambito universales, utilizables por cualquier banda (incluye 2 cartas de Dominio)<br \/>&#8211; 12 cartas de Gran Alianza, utilizables por cualquier banda que pertenezca a la Gran Alianza especificada<\/p>\n<p>&#8211; 1 carta de trasfondo de los Sanguielegidos de Dromm \/ Carta de Mazo de Rivales<br \/>&#8211; 1 carta de portada<\/p>\n<p>Las miniaturas de esta caja se suministran sin pintar y requieren montaje. Recomendamos usar pinturas Citadel.<\/p>\n","protected":false},"excerpt":{"rendered":"<p><br data-mce-bogus=\"1\"><\/p>\n","protected":false},"featured_media":64766,"template":"","meta":{"_acf_changed":false},"product_brand":[],"product_cat":[1177,1180,1623,1426],"product_tag":[],"class_list":{"0":"post-64786","1":"product","2":"type-product","3":"status-publish","4":"has-post-thumbnail","6":"product_cat-games-workshop-es","7":"product_cat-retail-products-es","8":"product_cat-wargames-es-2","9":"product_cat-whu-spire-es","11":"first","12":"onbackorder","13":"sale","14":"taxable","15":"shipping-taxable","16":"purchasable","17":"product-type-simple"},"exclude_global_add_ons":[],"addons":[],"acf":[],"_links":{"self":[{"href":"https:\/\/www.customeeple.com\/es\/wp-json\/wp\/v2\/product\/64786","targetHints":{"allow":["GET"]}}],"collection":[{"href":"https:\/\/www.customeeple.com\/es\/wp-json\/wp\/v2\/product"}],"about":[{"href":"https:\/\/www.customeeple.com\/es\/wp-json\/wp\/v2\/types\/product"}],"wp:featuredmedia":[{"embeddable":true,"href":"https:\/\/www.customeeple.com\/es\/wp-json\/wp\/v2\/media\/64766"}],"wp:attachment":[{"href":"https:\/\/www.customeeple.com\/es\/wp-json\/wp\/v2\/media?parent=64786"}],"wp:term":[{"taxonomy":"product_brand","embeddable":true,"href":"https:\/\/www.customeeple.com\/es\/wp-json\/wp\/v2\/product_brand?post=64786"},{"taxonomy":"product_cat","embeddable":true,"href":"https:\/\/www.customeeple.com\/es\/wp-json\/wp\/v2\/product_cat?post=64786"},{"taxonomy":"product_tag","embeddable":true,"href":"https:\/\/www.customeeple.com\/es\/wp-json\/wp\/v2\/product_tag?post=64786"}],"curies":[{"name":"wp","href":"https:\/\/api.w.org\/{rel}","templated":true}]}}