{"id":64780,"date":"2022-09-16T19:51:36","date_gmt":"2022-09-16T18:51:36","guid":{"rendered":"https:\/\/www.customeeple.com\/product\/mesbg-rivendell-dice-set\/"},"modified":"2022-09-16T19:51:36","modified_gmt":"2022-09-16T18:51:36","slug":"mesbg-rivendell-dice-set","status":"publish","type":"product","link":"https:\/\/www.customeeple.com\/es\/producto\/mesbg-rivendell-dice-set\/","title":{"rendered":"MESBG: Juego de dados de Rivendell&#x2122;"},"content":{"rendered":"<p>Rivendell es un puesto avanzado de los elfos en las Monta\u00f1as Nubladas, en el extremo oriental de Eriador. Debido a su ubicaci\u00f3n, es conocida como la \u00daltima Casa para los viajeros que se dirigen a las Monta\u00f1as Nubladas y a las tierras salvajes de m\u00e1s all\u00e1.<\/p>\n<p>Este juego incluye 8 dados de seis caras y bordes redondeados que miden 16 mm a lo largo de cada borde. Est\u00e1n fundidos en un color azul met\u00e1lico con aguas blancas y puntos dorados, y presentan un icono de Rivendell en cada cara del 6. Los dados vienen en un recipiente de pl\u00e1stico transparente, con tapa dorada y letra en relieve como la que se ve en el Anillo \u00danico.<\/p>\n<p><em>\u00a9 2022 New Line Productions, Inc. All rights reserved. The Lord of the Rings: The Fellowship of the Ring, The Lord of the Rings: The Two Towers, The Lord of the Rings: The Return of the King and the names of the characters, items, events and places therein are trademarks of The Saul Zaentz Company d\/b\/a Middle-earth Enterprises under license to New Line Productions, Inc.<\/p>\n<p>\u00a9 Warner Bros. Entertainment Inc. All rights reserved. THE HOBBIT: AN UNEXPECTED JOURNEY, THE HOBBIT: THE DESOLATION OF SMAUG, THE HOBBIT: THE BATTLE OF THE FIVE ARMIES and the names of the characters, items, events and places therein are trademarks of The Saul Zaentz Company d\/b\/a Middle-earth Enterprises under license to New Line Productions, Inc. (s22)<\/em><\/p>\n","protected":false},"excerpt":{"rendered":"<p>Rivendell es un puesto avanzado de los elfos en las Monta\u00f1as Nubladas, en el extremo oriental de Eriador. Debido a su ubicaci\u00f3n, es conocida como la \u00daltima Casa para los viajeros que se dirigen a las Monta\u00f1as Nubladas y a las tierras salvajes de m\u00e1s all\u00e1. Este juego incluye 8 dados de seis caras y [&hellip;]<\/p>\n","protected":false},"featured_media":64770,"template":"","meta":{"_acf_changed":false},"product_brand":[],"product_cat":[1177,2081,1180,1623],"product_tag":[],"class_list":{"0":"post-64780","1":"product","2":"type-product","3":"status-publish","4":"has-post-thumbnail","6":"product_cat-games-workshop-es","7":"product_cat-middle-earth-battle-strategy-game-es","8":"product_cat-retail-products-es","9":"product_cat-wargames-es-2","11":"first","12":"outofstock","13":"sale","14":"taxable","15":"shipping-taxable","16":"purchasable","17":"product-type-simple"},"exclude_global_add_ons":[],"addons":[],"acf":[],"_links":{"self":[{"href":"https:\/\/www.customeeple.com\/es\/wp-json\/wp\/v2\/product\/64780","targetHints":{"allow":["GET"]}}],"collection":[{"href":"https:\/\/www.customeeple.com\/es\/wp-json\/wp\/v2\/product"}],"about":[{"href":"https:\/\/www.customeeple.com\/es\/wp-json\/wp\/v2\/types\/product"}],"wp:featuredmedia":[{"embeddable":true,"href":"https:\/\/www.customeeple.com\/es\/wp-json\/wp\/v2\/media\/64770"}],"wp:attachment":[{"href":"https:\/\/www.customeeple.com\/es\/wp-json\/wp\/v2\/media?parent=64780"}],"wp:term":[{"taxonomy":"product_brand","embeddable":true,"href":"https:\/\/www.customeeple.com\/es\/wp-json\/wp\/v2\/product_brand?post=64780"},{"taxonomy":"product_cat","embeddable":true,"href":"https:\/\/www.customeeple.com\/es\/wp-json\/wp\/v2\/product_cat?post=64780"},{"taxonomy":"product_tag","embeddable":true,"href":"https:\/\/www.customeeple.com\/es\/wp-json\/wp\/v2\/product_tag?post=64780"}],"curies":[{"name":"wp","href":"https:\/\/api.w.org\/{rel}","templated":true}]}}