{"id":64724,"date":"2022-09-16T08:30:48","date_gmt":"2022-09-16T07:30:48","guid":{"rendered":"https:\/\/www.customeeple.com\/?post_type=product&#038;p=64724"},"modified":"2022-09-16T08:44:22","modified_gmt":"2022-09-16T07:44:22","slug":"cthulhu-death-may-die-portales-3ud","status":"publish","type":"product","link":"https:\/\/www.customeeple.com\/es\/producto\/cthulhu-death-may-die-portales-3ud\/","title":{"rendered":"Cthulhu Death May Die Portales(3ud)"},"content":{"rendered":"<p>Pack de Portales para ampliar el juego <a href=\"https:\/\/www.cmon.com\/product\/cthulhu-death-may-die\/cthulhu-death-may-die\"><strong>Cthulhu Death may die <\/strong><\/a>de 32mm con s\u00edmbolos similares a los del juego y pintados a mano.<\/p>\n<p>&nbsp;<\/p>\n<p><strong>Material: <\/strong>metacrilato<\/p>\n<div class=\"moreinfo\">\n<p dir=\"ltr\"><strong>Espesor:<\/strong>3 mm<\/p>\n<p dir=\"ltr\"><strong>Tama\u00f1o:<\/strong> 32mm<\/p>\n<p dir=\"ltr\"><strong>Cantidad:<\/strong> 3 marcadores de portal<\/p>\n<p><a href=\"https:\/\/www.cmon.com\/product\/cthulhu-death-may-die\/cthulhu-death-may-die\"><strong>Cthulhu Death may die<\/strong><\/a> es un juego publicado por <a href=\"https:\/\/www.cmon.com\/\"><strong>CMON games<\/strong>.<\/a>\u00a0<strong>Customeeple<\/strong>\u00a0no mantiene ninguna relaci\u00f3n con esta compa\u00f1\u00eda y este producto no esta apoyado por ellos de ninguna forma.<\/p>\n<\/div>\n","protected":false},"excerpt":{"rendered":"<p>Fichas para <a href=\"https:\/\/www.cmon.com\/product\/cthulhu-death-may-die\/cthulhu-death-may-die\"><strong>Cthulhu Death may die<\/strong><\/a><\/p>\n","protected":false},"featured_media":64704,"template":"","meta":{"_acf_changed":false},"product_brand":[],"product_cat":[191,2339,1370],"product_tag":[2247],"class_list":{"0":"post-64724","1":"product","2":"type-product","3":"status-publish","4":"has-post-thumbnail","6":"product_cat-accesorios","7":"product_cat-cthulhu-death-may-die","8":"product_cat-customeeple-es","9":"product_tag-cmon-es","11":"first","12":"instock","13":"taxable","14":"shipping-taxable","15":"purchasable","16":"product-type-simple"},"exclude_global_add_ons":[],"addons":[],"acf":[],"_links":{"self":[{"href":"https:\/\/www.customeeple.com\/es\/wp-json\/wp\/v2\/product\/64724","targetHints":{"allow":["GET"]}}],"collection":[{"href":"https:\/\/www.customeeple.com\/es\/wp-json\/wp\/v2\/product"}],"about":[{"href":"https:\/\/www.customeeple.com\/es\/wp-json\/wp\/v2\/types\/product"}],"wp:featuredmedia":[{"embeddable":true,"href":"https:\/\/www.customeeple.com\/es\/wp-json\/wp\/v2\/media\/64704"}],"wp:attachment":[{"href":"https:\/\/www.customeeple.com\/es\/wp-json\/wp\/v2\/media?parent=64724"}],"wp:term":[{"taxonomy":"product_brand","embeddable":true,"href":"https:\/\/www.customeeple.com\/es\/wp-json\/wp\/v2\/product_brand?post=64724"},{"taxonomy":"product_cat","embeddable":true,"href":"https:\/\/www.customeeple.com\/es\/wp-json\/wp\/v2\/product_cat?post=64724"},{"taxonomy":"product_tag","embeddable":true,"href":"https:\/\/www.customeeple.com\/es\/wp-json\/wp\/v2\/product_tag?post=64724"}],"curies":[{"name":"wp","href":"https:\/\/api.w.org\/{rel}","templated":true}]}}