{"id":64691,"date":"2022-09-14T19:55:36","date_gmt":"2022-09-14T18:55:36","guid":{"rendered":"https:\/\/www.customeeple.com\/product\/dino-challenge-edicion-verde\/"},"modified":"2022-09-14T19:55:36","modified_gmt":"2022-09-14T18:55:36","slug":"dino-challenge-edicion-verde","status":"publish","type":"product","link":"https:\/\/www.customeeple.com\/es\/producto\/dino-challenge-edicion-verde\/","title":{"rendered":"Dino Challenge: Edicion Verde"},"content":{"rendered":"<p>\u00a1Apuesta por los puntos fuertes de tus dinosaurios para ganar la batalla! En Dino Challenge, t u objetivo es ser el primero en quedarse con todas las cartas. \u00a0Divi\u00e9rtete mientras aprendes todas las caracter\u00edsticas de cada dinosaurio, reptil, terrestre, volador o marino: peso, longitud, \u00edndice de peligrosidad, \u00edndice de agilidad y aparici\u00f3n de la especie en la tierra&#8230;<\/p>\n","protected":false},"excerpt":{"rendered":"<p>\u00a1Apuesta por los puntos fuertes de tus dinosaurios para ganar la batalla! En Dino Challenge, t u objetivo es ser el primero en quedarse con todas las cartas. \u00a0Divi\u00e9rtete mientras aprendes todas las caracter\u00edsticas de cada dinosaurio, reptil, terrestre, volador o marino: peso, longitud, \u00edndice de peligrosidad, \u00edndice de agilidad y aparici\u00f3n de la especie [&hellip;]<\/p>\n","protected":false},"featured_media":64685,"template":"","meta":{"_acf_changed":false},"product_brand":[],"product_cat":[1564,1557,1653,1180],"product_tag":[],"class_list":{"0":"post-64691","1":"product","2":"type-product","3":"status-publish","4":"has-post-thumbnail","6":"product_cat-childrens-es","7":"product_cat-card-game-es","8":"product_cat-boardgames","9":"product_cat-retail-products-es","11":"first","12":"onbackorder","13":"sale","14":"taxable","15":"shipping-taxable","16":"purchasable","17":"product-type-simple"},"exclude_global_add_ons":[],"addons":[],"acf":[],"_links":{"self":[{"href":"https:\/\/www.customeeple.com\/es\/wp-json\/wp\/v2\/product\/64691","targetHints":{"allow":["GET"]}}],"collection":[{"href":"https:\/\/www.customeeple.com\/es\/wp-json\/wp\/v2\/product"}],"about":[{"href":"https:\/\/www.customeeple.com\/es\/wp-json\/wp\/v2\/types\/product"}],"wp:featuredmedia":[{"embeddable":true,"href":"https:\/\/www.customeeple.com\/es\/wp-json\/wp\/v2\/media\/64685"}],"wp:attachment":[{"href":"https:\/\/www.customeeple.com\/es\/wp-json\/wp\/v2\/media?parent=64691"}],"wp:term":[{"taxonomy":"product_brand","embeddable":true,"href":"https:\/\/www.customeeple.com\/es\/wp-json\/wp\/v2\/product_brand?post=64691"},{"taxonomy":"product_cat","embeddable":true,"href":"https:\/\/www.customeeple.com\/es\/wp-json\/wp\/v2\/product_cat?post=64691"},{"taxonomy":"product_tag","embeddable":true,"href":"https:\/\/www.customeeple.com\/es\/wp-json\/wp\/v2\/product_tag?post=64691"}],"curies":[{"name":"wp","href":"https:\/\/api.w.org\/{rel}","templated":true}]}}