{"id":6464,"date":"2019-09-09T10:55:38","date_gmt":"2013-12-30T16:55:38","guid":{"rendered":"http:\/\/www.customeeple.com\/product\/siluetas-de-camuflaje-individuales-yu-jing-1-unidad\/"},"modified":"2021-04-29T13:37:28","modified_gmt":"2021-04-29T12:37:28","slug":"siluetas-de-camuflaje-individuales-yu-jing-1-unidad","status":"publish","type":"product","link":"https:\/\/www.customeeple.com\/es\/producto\/siluetas-de-camuflaje-individuales-yu-jing-1-unidad\/","title":{"rendered":"Siluetas de camuflaje individuales Yu Jing (1 unidad)"},"content":{"rendered":"<p>Nuestra silueta de camuflaje oficial para <strong> <a href=\"http:\/\/www.infinitythegame.com\/infinity\/en\">Infinity <\/a><\/strong>est\u00e1 pensada para ser empleada con las miniaturas de <a href=\"http:\/\/www.infinitythegame.com\/infinity\/en\"><strong>Infinity the game<\/strong><\/a> que pueden ocultarse dejando solo una lectura de radar.<\/p>\n<p>Con esta silueta podr\u00e1s representar una miniatura oculta de la facci\u00f3n <a href=\"http:\/\/www.infinitythegame.com\/infinity\/en\/category\/yujing\/\" target=\"_blank\" rel=\"noopener noreferrer\"><strong>Yu Jing,<\/strong><\/a> como:\u00a0 <strong><a href=\"http:\/\/www.infinitythegame.com\/infinity\/en\/category\/yujing\/\">Oniwaban, Shinobu, Ninja<\/a><\/strong>&#8230; Son de su misma altura para que no tengas que cambiar el marcador, pero recuerda que cada silueta especifica no tiene por que substituir a la miniatura que representa. Una forma interesante de enga\u00f1ar a tu oponente.<\/p>\n<p>Este producto viene con una base de metacrilato para usar con las siluetas (las piezas vienen sin montar)<\/p>\n<div class=\"infopreorder\"><strong>Nota: <\/strong>Por causa de los nuevos patrones de pintado de las miniaturas\u00a0<a href=\"http:\/\/www.infinitythegame.com\/infinity\/en\/category\/yujing\/\" target=\"_blank\" rel=\"noopener noreferrer\"><strong>Yu Jing<\/strong><\/a> Miniatures, hemos decidido cambiar el color de los camos a Naranja fluorescente, en caso de que necesites las siluetas en el color antiguo (verde) indicalo en las notas del producto.<\/div>\n<div class=\"infopreorder\"><\/div>\n<p>Todas nuestras fichas est\u00e1n dise\u00f1adas en colaboraci\u00f3n con <strong><a href=\"http:\/\/www.corvusbelli.com\/\">Corvus Belli<\/a><\/strong> para ser totalmente compatibles con <a href=\"http:\/\/infinitythegame.com\/\" target=\"_blank\" rel=\"noopener noreferrer\"><strong>Infinity the game <\/strong><\/a><\/p>\n<div class=\"moreinfo\">\n<p><strong>Material:<\/strong> Metacrilato Naranja\u00a0fluorescente<\/p>\n<p><strong>Espesor:<\/strong> 3 mm<\/p>\n<p><strong>Tama\u00f1o:<\/strong> Varia seg\u00fan la miniatura que intenta representar<\/p>\n<p><strong>Cantidad:<\/strong> 1 silueta<\/p>\n<p><strong>Uso:<\/strong> Para marcar miniaturas ocultas en <a href=\"http:\/\/www.infinitythegame.com\/infinity\/en\"><b>Infinity the game<\/b><\/a><\/p>\n<\/div>\n","protected":false},"excerpt":{"rendered":"<p>Siluetas de camuflaje para la facci\u00f3n<strong> <a href=\"http:\/\/www.infinitythegame.com\/infinity\/en\/category\/yujing\/\" target=\"_blank\" rel=\"noopener noreferrer\"><strong>Yu Jing<\/strong><\/a> <\/strong>de <strong><strong><a href=\"http:\/\/www.infinitythegame.com\/infinity\/en\">Infinity the game<\/a><\/strong><\/strong><\/p>\n","protected":false},"featured_media":47048,"template":"","meta":{"_acf_changed":false},"product_brand":[],"product_cat":[291,347,78,345],"product_tag":[151,306],"class_list":{"0":"post-6464","1":"product","2":"type-product","3":"status-publish","4":"has-post-thumbnail","6":"product_cat-infinity-es-2","7":"product_cat-marcadores-es","8":"product_cat-meeple-2","9":"product_cat-siluetas","10":"product_tag-infinity-es","11":"product_tag-infinity-the-game-es-2","13":"first","14":"instock","15":"taxable","16":"shipping-taxable","17":"purchasable","18":"product-type-variable","19":"has-default-attributes"},"exclude_global_add_ons":[],"addons":[],"acf":[],"_links":{"self":[{"href":"https:\/\/www.customeeple.com\/es\/wp-json\/wp\/v2\/product\/6464","targetHints":{"allow":["GET"]}}],"collection":[{"href":"https:\/\/www.customeeple.com\/es\/wp-json\/wp\/v2\/product"}],"about":[{"href":"https:\/\/www.customeeple.com\/es\/wp-json\/wp\/v2\/types\/product"}],"wp:featuredmedia":[{"embeddable":true,"href":"https:\/\/www.customeeple.com\/es\/wp-json\/wp\/v2\/media\/47048"}],"wp:attachment":[{"href":"https:\/\/www.customeeple.com\/es\/wp-json\/wp\/v2\/media?parent=6464"}],"wp:term":[{"taxonomy":"product_brand","embeddable":true,"href":"https:\/\/www.customeeple.com\/es\/wp-json\/wp\/v2\/product_brand?post=6464"},{"taxonomy":"product_cat","embeddable":true,"href":"https:\/\/www.customeeple.com\/es\/wp-json\/wp\/v2\/product_cat?post=6464"},{"taxonomy":"product_tag","embeddable":true,"href":"https:\/\/www.customeeple.com\/es\/wp-json\/wp\/v2\/product_tag?post=6464"}],"curies":[{"name":"wp","href":"https:\/\/api.w.org\/{rel}","templated":true}]}}