{"id":64639,"date":"2022-09-07T09:50:58","date_gmt":"2022-09-07T08:50:58","guid":{"rendered":"https:\/\/www.customeeple.com\/product\/escape-puzzle-kids-el-museo-de-historia-natural\/"},"modified":"2022-09-07T09:50:58","modified_gmt":"2022-09-07T08:50:58","slug":"escape-puzzle-kids-el-museo-de-historia-natural","status":"publish","type":"product","link":"https:\/\/www.customeeple.com\/es\/producto\/escape-puzzle-kids-el-museo-de-historia-natural\/","title":{"rendered":"Escape Puzzle Kids: El museo de Historia natural"},"content":{"rendered":"<p>Puzzle Escape Kids, \u00a1para que los m\u00e1s j\u00f3venes tambi\u00e9n puedan probar la emoci\u00f3n de un \u00abescape room\u00bb en formato de puzzle! El juego se consta de dos fases: el montaje del puzzle y la resoluci\u00f3n de los enigmas. \u00bfC\u00f3mo se juega? 1. Lee la historia del folleto. 2. Monta el puzzle. 3. Resuelve los acertijos y separa las piezas clave. 4. Junta las piezas clave para encontrar la soluci\u00f3n. Con la l\u00ednea Escape Puzzle Kids, \u00a1los ni\u00f1os podr\u00e1n probar la experiencia de los famosos \u00abescape room\u00bb en formato de puzzle! Descubre este puzzle de 368 piezas, recomendado a partir de 9 a\u00f1os El juego se compone de 2 fases de diversi\u00f3n: primero los ni\u00f1os se divertir\u00e1n componiendo el puzzle y despu\u00e9s tendr\u00e1n que descubrir los misterios que esconde a trav\u00e9s de enigmas y acertijos El puzzle tambi\u00e9n incluye: un folleto con narraci\u00f3n del juego, un c\u00f3digo QR que enlaza a una p\u00e1gina en la que se puede encontrar ayuda adicional, y un sobre cerrado con la soluci\u00f3n, que se debe abrir \u00fanicamente despu\u00e9s de terminar el juego. \u00bfC\u00f3mo salir de la \u00abescape room\u00bb? La imagen de la caja es ligeramente diferente a la del puzzle: encuentra las diferencias, porque en ellas donde se esconden los enigmas que debes resolver. Solo con Ravensburger el puzzle se fusiona con el juego y ayuda a los ni\u00f1os en el desarrollo de la imaginaci\u00f3n y sus habilidades de concentraci\u00f3n y creatividad.<\/p>\n","protected":false},"excerpt":{"rendered":"<p>Puzzle Escape Kids, \u00a1para que los m\u00e1s j\u00f3venes tambi\u00e9n puedan probar la emoci\u00f3n de un \u00abescape room\u00bb en formato de puzzle! El juego se consta de dos fases: el montaje del puzzle y la resoluci\u00f3n de los enigmas. \u00bfC\u00f3mo se juega? 1. Lee la historia del folleto. 2. Monta el puzzle. 3. Resuelve los acertijos [&hellip;]<\/p>\n","protected":false},"featured_media":64620,"template":"","meta":{"_acf_changed":false},"product_brand":[],"product_cat":[2003,1561,1564,1653,2002,1180],"product_tag":[],"class_list":{"0":"post-64639","1":"product","2":"type-product","3":"status-publish","4":"has-post-thumbnail","6":"product_cat-cooperative-es","7":"product_cat-familiar-es","8":"product_cat-childrens-es","9":"product_cat-boardgames","10":"product_cat-solo-games-es","11":"product_cat-retail-products-es","13":"first","14":"onbackorder","15":"sale","16":"taxable","17":"shipping-taxable","18":"purchasable","19":"product-type-simple"},"exclude_global_add_ons":[],"addons":[],"acf":[],"_links":{"self":[{"href":"https:\/\/www.customeeple.com\/es\/wp-json\/wp\/v2\/product\/64639","targetHints":{"allow":["GET"]}}],"collection":[{"href":"https:\/\/www.customeeple.com\/es\/wp-json\/wp\/v2\/product"}],"about":[{"href":"https:\/\/www.customeeple.com\/es\/wp-json\/wp\/v2\/types\/product"}],"wp:featuredmedia":[{"embeddable":true,"href":"https:\/\/www.customeeple.com\/es\/wp-json\/wp\/v2\/media\/64620"}],"wp:attachment":[{"href":"https:\/\/www.customeeple.com\/es\/wp-json\/wp\/v2\/media?parent=64639"}],"wp:term":[{"taxonomy":"product_brand","embeddable":true,"href":"https:\/\/www.customeeple.com\/es\/wp-json\/wp\/v2\/product_brand?post=64639"},{"taxonomy":"product_cat","embeddable":true,"href":"https:\/\/www.customeeple.com\/es\/wp-json\/wp\/v2\/product_cat?post=64639"},{"taxonomy":"product_tag","embeddable":true,"href":"https:\/\/www.customeeple.com\/es\/wp-json\/wp\/v2\/product_tag?post=64639"}],"curies":[{"name":"wp","href":"https:\/\/api.w.org\/{rel}","templated":true}]}}