{"id":64637,"date":"2022-09-07T09:50:41","date_gmt":"2022-09-07T08:50:41","guid":{"rendered":"https:\/\/www.customeeple.com\/product\/walli-larana\/"},"modified":"2022-09-07T09:50:41","modified_gmt":"2022-09-07T08:50:41","slug":"walli-larana","status":"publish","type":"product","link":"https:\/\/www.customeeple.com\/es\/producto\/walli-larana\/","title":{"rendered":"Walli Lara\u00f1a"},"content":{"rendered":"<p>Walli Lara\u00f1a: una Ara\u00f1a con Ma\u00f1a es un juego de mesa para ni\u00f1os de Haba donde los jugadores deber\u00e1n de tejer y guardar algo de hilo de telara\u00f1a para poder ganar la partida.<\/p>\n<p>Walli y sus amigas llevan todo el d\u00eda tejiendo telera\u00f1as, de esquina en esquina para recoger comida, pero alguna de ella es mejor tejedora que otra y consigue alcanzar los alimentos de forma m\u00e1s eficiente.<\/p>\n<p>Por turnos se tiran los dados para decidir la pr\u00f3xima comida que hay que comen. El dado y las figuras de las ara\u00f1as est\u00e1n hechos de haya procedente de bosques sostenibles con acabado de pintura al agua, no t\u00f3xica.<\/p>\n","protected":false},"excerpt":{"rendered":"<p>Walli Lara\u00f1a: una Ara\u00f1a con Ma\u00f1a es un juego de mesa para ni\u00f1os de Haba donde los jugadores deber\u00e1n de tejer y guardar algo de hilo de telara\u00f1a para poder ganar la partida. Walli y sus amigas llevan todo el d\u00eda tejiendo telera\u00f1as, de esquina en esquina para recoger comida, pero alguna de ella es [&hellip;]<\/p>\n","protected":false},"featured_media":64624,"template":"","meta":{"_acf_changed":false},"product_brand":[],"product_cat":[1991,1564,1653,1180],"product_tag":[],"class_list":{"0":"post-64637","1":"product","2":"type-product","3":"status-publish","4":"has-post-thumbnail","6":"product_cat-ha-es","7":"product_cat-childrens-es","8":"product_cat-boardgames","9":"product_cat-retail-products-es","11":"first","12":"onbackorder","13":"sale","14":"taxable","15":"shipping-taxable","16":"purchasable","17":"product-type-simple"},"exclude_global_add_ons":[],"addons":[],"acf":[],"_links":{"self":[{"href":"https:\/\/www.customeeple.com\/es\/wp-json\/wp\/v2\/product\/64637","targetHints":{"allow":["GET"]}}],"collection":[{"href":"https:\/\/www.customeeple.com\/es\/wp-json\/wp\/v2\/product"}],"about":[{"href":"https:\/\/www.customeeple.com\/es\/wp-json\/wp\/v2\/types\/product"}],"wp:featuredmedia":[{"embeddable":true,"href":"https:\/\/www.customeeple.com\/es\/wp-json\/wp\/v2\/media\/64624"}],"wp:attachment":[{"href":"https:\/\/www.customeeple.com\/es\/wp-json\/wp\/v2\/media?parent=64637"}],"wp:term":[{"taxonomy":"product_brand","embeddable":true,"href":"https:\/\/www.customeeple.com\/es\/wp-json\/wp\/v2\/product_brand?post=64637"},{"taxonomy":"product_cat","embeddable":true,"href":"https:\/\/www.customeeple.com\/es\/wp-json\/wp\/v2\/product_cat?post=64637"},{"taxonomy":"product_tag","embeddable":true,"href":"https:\/\/www.customeeple.com\/es\/wp-json\/wp\/v2\/product_tag?post=64637"}],"curies":[{"name":"wp","href":"https:\/\/api.w.org\/{rel}","templated":true}]}}