{"id":64635,"date":"2022-09-07T09:49:54","date_gmt":"2022-09-07T08:49:54","guid":{"rendered":"https:\/\/www.customeeple.com\/product\/dali-el-zorro\/"},"modified":"2022-09-07T09:49:54","modified_gmt":"2022-09-07T08:49:54","slug":"dali-el-zorro","status":"publish","type":"product","link":"https:\/\/www.customeeple.com\/es\/producto\/dali-el-zorro\/","title":{"rendered":"Dal\u00ed El Zorro"},"content":{"rendered":"<p>El zorro Dal\u00ed, que vive en el bosque, es un artista que quiere pintar incre\u00edbles dibujos sobre huevos. Un d\u00eda, Dal\u00ed decidi\u00f3 que quer\u00eda colarse en el almac\u00e9n y robar algunos huevos. No obstante, el granjero trabaja muy duro para protegerlos. \u00bfSer\u00e1 capaz Dal\u00ed de llevarse 10 huevos sin que el granjero se d\u00e9 cuenta?<\/p>\n<p>Cada jugador se convertir\u00e1 en un zorro que deber\u00e1 recoger huevos. En cada uno de sus turnos, los jugadores tendr\u00e1n que lanzar los dados y, dependiendo del resultado de la tirada, elegir\u00e1n qu\u00e9 color de huevo coger. Si consigues elegir un huevo, podr\u00e1s intentar hacerte con m\u00e1s. \u00a1Pero cuidado! Si no consigues elegir un huevo, \u00a1tendr\u00e1s que dejar atr\u00e1s todos los huevos y volver a casa con las manos vac\u00edas! \u00a1El primer jugador que consiga hacerse con 10 huevos ser\u00e1 el ganador!<\/p>\n","protected":false},"excerpt":{"rendered":"<p>El zorro Dal\u00ed, que vive en el bosque, es un artista que quiere pintar incre\u00edbles dibujos sobre huevos. Un d\u00eda, Dal\u00ed decidi\u00f3 que quer\u00eda colarse en el almac\u00e9n y robar algunos huevos. No obstante, el granjero trabaja muy duro para protegerlos. \u00bfSer\u00e1 capaz Dal\u00ed de llevarse 10 huevos sin que el granjero se d\u00e9 cuenta? [&hellip;]<\/p>\n","protected":false},"featured_media":64630,"template":"","meta":{"_acf_changed":false},"product_brand":[],"product_cat":[1561,1564,1653,1180],"product_tag":[],"class_list":{"0":"post-64635","1":"product","2":"type-product","3":"status-publish","4":"has-post-thumbnail","6":"product_cat-familiar-es","7":"product_cat-childrens-es","8":"product_cat-boardgames","9":"product_cat-retail-products-es","11":"first","12":"onbackorder","13":"sale","14":"taxable","15":"shipping-taxable","16":"purchasable","17":"product-type-simple"},"exclude_global_add_ons":[],"addons":[],"acf":[],"_links":{"self":[{"href":"https:\/\/www.customeeple.com\/es\/wp-json\/wp\/v2\/product\/64635","targetHints":{"allow":["GET"]}}],"collection":[{"href":"https:\/\/www.customeeple.com\/es\/wp-json\/wp\/v2\/product"}],"about":[{"href":"https:\/\/www.customeeple.com\/es\/wp-json\/wp\/v2\/types\/product"}],"wp:featuredmedia":[{"embeddable":true,"href":"https:\/\/www.customeeple.com\/es\/wp-json\/wp\/v2\/media\/64630"}],"wp:attachment":[{"href":"https:\/\/www.customeeple.com\/es\/wp-json\/wp\/v2\/media?parent=64635"}],"wp:term":[{"taxonomy":"product_brand","embeddable":true,"href":"https:\/\/www.customeeple.com\/es\/wp-json\/wp\/v2\/product_brand?post=64635"},{"taxonomy":"product_cat","embeddable":true,"href":"https:\/\/www.customeeple.com\/es\/wp-json\/wp\/v2\/product_cat?post=64635"},{"taxonomy":"product_tag","embeddable":true,"href":"https:\/\/www.customeeple.com\/es\/wp-json\/wp\/v2\/product_tag?post=64635"}],"curies":[{"name":"wp","href":"https:\/\/api.w.org\/{rel}","templated":true}]}}