{"id":64567,"date":"2022-09-03T10:33:56","date_gmt":"2022-09-03T09:33:56","guid":{"rendered":"https:\/\/www.customeeple.com\/product\/saga-libro-de-batallas\/"},"modified":"2022-09-03T10:33:56","modified_gmt":"2022-09-03T09:33:56","slug":"saga-libro-de-batallas","status":"publish","type":"product","link":"https:\/\/www.customeeple.com\/es\/producto\/saga-libro-de-batallas\/","title":{"rendered":"Saga: Libro de Batallas"},"content":{"rendered":"<p>Versi\u00f3n 2.1 &#8211; Incluye las FAQS publicadas hasta 2021. El Libro de las Batallas es un suplemento particular. No es un Universo SAGA, sino una colecci\u00f3n de escenarios y variaciones del juego que se pueden aplicar a cualquier universo en el que hayas decidido jugar.<\/p>\n<p>Por lo tanto, es un complemento perfecto para el Reglamento, un compa\u00f1ero que ampliar\u00e1 los horizontes proponiendo alternativas al escenario b\u00e1sico \u00abChoque de Se\u00f1ores\u00bb.<\/p>\n<p>El libro que tienes en tus manos se divide en 5 partes:<\/p>\n<p>Las escaramuzas<br \/>\nLas batallas<br \/>\nLas leyendas<br \/>\nLos encuentros<br \/>\nLas sagas<br \/>\nEsta introducci\u00f3n tiene la intenci\u00f3n de presentarte de una forma r\u00e1pida los pormenores de cada una de estas partes y los tipos de escenarios en ellas presentes.<\/p>\n","protected":false},"excerpt":{"rendered":"<p>Versi\u00f3n 2.1 &#8211; Incluye las FAQS publicadas hasta 2021. El Libro de las Batallas es un suplemento particular. No es un Universo SAGA, sino una colecci\u00f3n de escenarios y variaciones del juego que se pueden aplicar a cualquier universo en el que hayas decidido jugar. Por lo tanto, es un complemento perfecto para el Reglamento, [&hellip;]<\/p>\n","protected":false},"featured_media":64562,"template":"","meta":{"_acf_changed":false},"product_brand":[],"product_cat":[1180,2089,1623],"product_tag":[],"class_list":{"0":"post-64567","1":"product","2":"type-product","3":"status-publish","4":"has-post-thumbnail","6":"product_cat-retail-products-es","7":"product_cat-saga-es","8":"product_cat-wargames-es-2","10":"first","11":"onbackorder","12":"sale","13":"taxable","14":"shipping-taxable","15":"purchasable","16":"product-type-simple"},"exclude_global_add_ons":[],"addons":[],"acf":[],"_links":{"self":[{"href":"https:\/\/www.customeeple.com\/es\/wp-json\/wp\/v2\/product\/64567","targetHints":{"allow":["GET"]}}],"collection":[{"href":"https:\/\/www.customeeple.com\/es\/wp-json\/wp\/v2\/product"}],"about":[{"href":"https:\/\/www.customeeple.com\/es\/wp-json\/wp\/v2\/types\/product"}],"wp:featuredmedia":[{"embeddable":true,"href":"https:\/\/www.customeeple.com\/es\/wp-json\/wp\/v2\/media\/64562"}],"wp:attachment":[{"href":"https:\/\/www.customeeple.com\/es\/wp-json\/wp\/v2\/media?parent=64567"}],"wp:term":[{"taxonomy":"product_brand","embeddable":true,"href":"https:\/\/www.customeeple.com\/es\/wp-json\/wp\/v2\/product_brand?post=64567"},{"taxonomy":"product_cat","embeddable":true,"href":"https:\/\/www.customeeple.com\/es\/wp-json\/wp\/v2\/product_cat?post=64567"},{"taxonomy":"product_tag","embeddable":true,"href":"https:\/\/www.customeeple.com\/es\/wp-json\/wp\/v2\/product_tag?post=64567"}],"curies":[{"name":"wp","href":"https:\/\/api.w.org\/{rel}","templated":true}]}}