{"id":64558,"date":"2022-08-31T19:52:33","date_gmt":"2022-08-31T18:52:33","guid":{"rendered":"https:\/\/www.customeeple.com\/product\/orks-lootas\/"},"modified":"2023-11-23T00:00:20","modified_gmt":"2023-11-22T23:00:20","slug":"orks-lootas","status":"publish","type":"product","link":"https:\/\/www.customeeple.com\/es\/producto\/orks-lootas\/","title":{"rendered":"Orks Lootas"},"content":{"rendered":"<p>Los Meks orks son los responsables de crear las armas m\u00e1s destructivas sobre las que un Ork puede poner sus grandes manos verdes. Ya sea para los sorprendentemente sofisticados achicharradorez o para los incre\u00edblemente ruidosos matamuchoz, los Meks nunca andan cortos de clientes.<\/p>\n<p>Estas miniaturas orks usan una serie de artilugios extra\u00f1os unidos por correas de cuero o vendas para que no se caigan. Algunos de ellos llevan m\u00e1scaras extra\u00f1as y gafas protectoras mientras que otros deciden lucir las herramientas de su oficio y muestran llaves inglesas y destornilladores sobre su cabeza o atadas al cuerpo. Cada uno de ellos lleva un enorme matamuchoz y ocasionalmente se pueden ver unas fauces dentadas que sobresalen bajo sus trastos.<\/p>\n<p>Esta caja de pl\u00e1stico multicomponente contiene suficientes piezas para montar 5 miniaturas: ya sean 4 Lootas o 4 Burna Boyz, as\u00ed como 1 Ork Mek armado con una mega pipa ezpezial. Las miniaturas se suministran con peanas redondas de 32 mm.<\/p>\n","protected":false},"excerpt":{"rendered":"<p>Los Meks orks son los responsables de crear las armas m\u00e1s destructivas sobre las que un Ork puede poner sus grandes manos verdes. Ya sea para los sorprendentemente sofisticados achicharradorez o para los incre\u00edblemente ruidosos matamuchoz, los Meks nunca andan cortos de clientes. Estas miniaturas orks usan una serie de artilugios extra\u00f1os unidos por correas [&hellip;]<\/p>\n","protected":false},"featured_media":64548,"template":"","meta":{"_acf_changed":false},"product_brand":[],"product_cat":[1177,1180,1623,1229],"product_tag":[],"class_list":{"0":"post-64558","1":"product","2":"type-product","3":"status-publish","4":"has-post-thumbnail","6":"product_cat-games-workshop-es","7":"product_cat-retail-products-es","8":"product_cat-wargames-es-2","9":"product_cat-warhammer-40k-es","11":"first","12":"instock","13":"sale","14":"taxable","15":"shipping-taxable","16":"purchasable","17":"product-type-simple"},"exclude_global_add_ons":[],"addons":[],"acf":[],"_links":{"self":[{"href":"https:\/\/www.customeeple.com\/es\/wp-json\/wp\/v2\/product\/64558","targetHints":{"allow":["GET"]}}],"collection":[{"href":"https:\/\/www.customeeple.com\/es\/wp-json\/wp\/v2\/product"}],"about":[{"href":"https:\/\/www.customeeple.com\/es\/wp-json\/wp\/v2\/types\/product"}],"wp:featuredmedia":[{"embeddable":true,"href":"https:\/\/www.customeeple.com\/es\/wp-json\/wp\/v2\/media\/64548"}],"wp:attachment":[{"href":"https:\/\/www.customeeple.com\/es\/wp-json\/wp\/v2\/media?parent=64558"}],"wp:term":[{"taxonomy":"product_brand","embeddable":true,"href":"https:\/\/www.customeeple.com\/es\/wp-json\/wp\/v2\/product_brand?post=64558"},{"taxonomy":"product_cat","embeddable":true,"href":"https:\/\/www.customeeple.com\/es\/wp-json\/wp\/v2\/product_cat?post=64558"},{"taxonomy":"product_tag","embeddable":true,"href":"https:\/\/www.customeeple.com\/es\/wp-json\/wp\/v2\/product_tag?post=64558"}],"curies":[{"name":"wp","href":"https:\/\/api.w.org\/{rel}","templated":true}]}}