{"id":64557,"date":"2022-08-31T19:52:43","date_gmt":"2022-08-31T18:52:43","guid":{"rendered":"https:\/\/www.customeeple.com\/product\/orks-painboy\/"},"modified":"2023-11-23T00:00:20","modified_gmt":"2023-11-22T23:00:20","slug":"orks-painboy","status":"publish","type":"product","link":"https:\/\/www.customeeple.com\/es\/producto\/orks-painboy\/","title":{"rendered":"Orks Painboy"},"content":{"rendered":"<p>Los Painboys se encuentran en casa entre el horror y la sangre del campo de batalla, uniendo miembros ca\u00eddos, vendando cabezas rotas o d\u00e1ndole un nuevo brazo lanzallamas al Warboss de turno. Aprenden su odicio mediante una mezcla de instinto, prueba y error y los principios revenciados de las Orker\u00edaz.<\/p>\n<p>Este Painboy de pl\u00e1stico est\u00e1 acompa\u00f1ado por un grot y est\u00e1 equipado con herramientaz de Dok y un jokepincha.\u00a0Este kit incluye una peana redonda de 32 mm.<\/p>\n","protected":false},"excerpt":{"rendered":"<p>Los Painboys se encuentran en casa entre el horror y la sangre del campo de batalla, uniendo miembros ca\u00eddos, vendando cabezas rotas o d\u00e1ndole un nuevo brazo lanzallamas al Warboss de turno. Aprenden su odicio mediante una mezcla de instinto, prueba y error y los principios revenciados de las Orker\u00edaz. Este Painboy de pl\u00e1stico est\u00e1 [&hellip;]<\/p>\n","protected":false},"featured_media":64550,"template":"","meta":{"_acf_changed":false},"product_brand":[],"product_cat":[1177,1180,1623,1229],"product_tag":[],"class_list":{"0":"post-64557","1":"product","2":"type-product","3":"status-publish","4":"has-post-thumbnail","6":"product_cat-games-workshop-es","7":"product_cat-retail-products-es","8":"product_cat-wargames-es-2","9":"product_cat-warhammer-40k-es","11":"first","12":"onbackorder","13":"sale","14":"taxable","15":"shipping-taxable","16":"purchasable","17":"product-type-simple"},"exclude_global_add_ons":[],"addons":[],"acf":[],"_links":{"self":[{"href":"https:\/\/www.customeeple.com\/es\/wp-json\/wp\/v2\/product\/64557","targetHints":{"allow":["GET"]}}],"collection":[{"href":"https:\/\/www.customeeple.com\/es\/wp-json\/wp\/v2\/product"}],"about":[{"href":"https:\/\/www.customeeple.com\/es\/wp-json\/wp\/v2\/types\/product"}],"wp:featuredmedia":[{"embeddable":true,"href":"https:\/\/www.customeeple.com\/es\/wp-json\/wp\/v2\/media\/64550"}],"wp:attachment":[{"href":"https:\/\/www.customeeple.com\/es\/wp-json\/wp\/v2\/media?parent=64557"}],"wp:term":[{"taxonomy":"product_brand","embeddable":true,"href":"https:\/\/www.customeeple.com\/es\/wp-json\/wp\/v2\/product_brand?post=64557"},{"taxonomy":"product_cat","embeddable":true,"href":"https:\/\/www.customeeple.com\/es\/wp-json\/wp\/v2\/product_cat?post=64557"},{"taxonomy":"product_tag","embeddable":true,"href":"https:\/\/www.customeeple.com\/es\/wp-json\/wp\/v2\/product_tag?post=64557"}],"curies":[{"name":"wp","href":"https:\/\/api.w.org\/{rel}","templated":true}]}}