{"id":64533,"date":"2022-09-03T10:33:12","date_gmt":"2022-09-03T09:33:12","guid":{"rendered":"https:\/\/www.customeeple.com\/product\/ak-terrains-neutral-texture-for-earth\/"},"modified":"2022-09-03T10:33:12","modified_gmt":"2022-09-03T09:33:12","slug":"ak-terrains-neutral-texture-for-earth","status":"publish","type":"product","link":"https:\/\/www.customeeple.com\/es\/producto\/ak-terrains-neutral-texture-for-earth\/","title":{"rendered":"AK Terrains Neutral Texture for earth"},"content":{"rendered":"<p>La textura Neutral Earth permite al modelista crear sus propios tonos de tierra. Se presenta en un blanco neutro que puede ser coloreado con acr\u00edlicos para su uso en bases de dioramas o vi\u00f1etas permitiendo una mayor gama de tonos.<\/p>\n<p>Se trata de un producto acr\u00edlico de alta calidad desarrollado para un realismo extremo.<\/p>\n<p>Remueva bien, a\u00f1adiendo lentamente peque\u00f1as cantidades de su color hasta conseguir el tono deseado.<\/p>\n<p>Se obtienen resultados perfectos trabajando en capas finas o gruesas.<\/p>\n<p>Si lo desea, este gel puede diluirse con agua o con un diluyente acr\u00edlico, lo que permite mejorar la fluidez sobre la superficie.<\/p>\n<p>No es t\u00f3xico.<\/p>\n","protected":false},"excerpt":{"rendered":"<p>La textura Neutral Earth permite al modelista crear sus propios tonos de tierra. Se presenta en un blanco neutro que puede ser coloreado con acr\u00edlicos para su uso en bases de dioramas o vi\u00f1etas permitiendo una mayor gama de tonos. Se trata de un producto acr\u00edlico de alta calidad desarrollado para un realismo extremo. Remueva [&hellip;]<\/p>\n","protected":false},"featured_media":64532,"template":"","meta":{"_acf_changed":false},"product_brand":[],"product_cat":[1401,1180],"product_tag":[],"class_list":{"0":"post-64533","1":"product","2":"type-product","3":"status-publish","4":"has-post-thumbnail","6":"product_cat-pintura-y-modelismo","7":"product_cat-retail-products-es","9":"first","10":"outofstock","11":"sale","12":"taxable","13":"shipping-taxable","14":"purchasable","15":"product-type-simple"},"exclude_global_add_ons":[],"addons":[],"acf":[],"_links":{"self":[{"href":"https:\/\/www.customeeple.com\/es\/wp-json\/wp\/v2\/product\/64533","targetHints":{"allow":["GET"]}}],"collection":[{"href":"https:\/\/www.customeeple.com\/es\/wp-json\/wp\/v2\/product"}],"about":[{"href":"https:\/\/www.customeeple.com\/es\/wp-json\/wp\/v2\/types\/product"}],"wp:featuredmedia":[{"embeddable":true,"href":"https:\/\/www.customeeple.com\/es\/wp-json\/wp\/v2\/media\/64532"}],"wp:attachment":[{"href":"https:\/\/www.customeeple.com\/es\/wp-json\/wp\/v2\/media?parent=64533"}],"wp:term":[{"taxonomy":"product_brand","embeddable":true,"href":"https:\/\/www.customeeple.com\/es\/wp-json\/wp\/v2\/product_brand?post=64533"},{"taxonomy":"product_cat","embeddable":true,"href":"https:\/\/www.customeeple.com\/es\/wp-json\/wp\/v2\/product_cat?post=64533"},{"taxonomy":"product_tag","embeddable":true,"href":"https:\/\/www.customeeple.com\/es\/wp-json\/wp\/v2\/product_tag?post=64533"}],"curies":[{"name":"wp","href":"https:\/\/api.w.org\/{rel}","templated":true}]}}