{"id":64527,"date":"2022-08-31T19:52:06","date_gmt":"2022-08-31T18:52:06","guid":{"rendered":"https:\/\/www.customeeple.com\/product\/el-ansia-spa\/"},"modified":"2022-08-31T19:52:06","modified_gmt":"2022-08-31T18:52:06","slug":"el-ansia-spa","status":"publish","type":"product","link":"https:\/\/www.customeeple.com\/es\/producto\/el-ansia-spa\/","title":{"rendered":"El Ansia (SPA)"},"content":{"rendered":"<p>Obra del legendario creador de juegos Richard Garfield, autor de t\u00edtulos c\u00e9lebres como\u00a0<i>Magic: The Gathering<\/i>,\u00a0<i>King of Tokyo<\/i>,\u00a0<i>Treasure Hunter<\/i>\u00a0o\u00a0<i>Bunny Kingdom<\/i>,\u00a0<i>El ansia<\/i>\u00a0es un juego con mec\u00e1nicas de construcci\u00f3n de mazos y push your luck (fuerza la suerte) que nos pone en la piel de temibles vampiros sedientos de sangre. Pueden participar de 2 a 6 jugadores, a partir de 10 a\u00f1os, en partidas de una hora de duraci\u00f3n.<\/p>\n<p><i>El ansia<\/i>\u00a0nos reta a conseguir el m\u00e1ximo n\u00famero de puntos de victoria cazando humanos, llevando a cabo misiones secretas, consiguiendo el favor de familiares, aprendiendo nuevas habilidades o recolectando la rosa m\u00e1s bella del laberinto. Todo ello a lo largo de 15 turnos y con la condici\u00f3n de regresar al castillo antes que se haga de d\u00eda, pues tras las primeras luces del alba los vampiros mueren convertidos en ceniza.<\/p>\n<p>A lo largo de la partida, los jugadores deber\u00e1n decidir si invierten sus puntos de movimiento en correr por el mapa o si los emplean para cazar. Si sacian su ansia de sangre, los vampiros avanzar\u00e1n m\u00e1s lentamente, con lo que ser\u00e1 m\u00e1s complicado alcanzar nuevas metas o incluso volver al castillo. De los jugadores depender\u00e1 hasta donde est\u00e1n dispuestos a forzar su suerte.<\/p>\n<p>Los jugadores explorar\u00e1n un escenario repleto de zonas y rutas distintas para recolectar valiosas recompensas, a medida que construyen su mano de cartas. Cada vez que cazan a un humano o encuentren a un familiar, por ejemplo, a\u00f1adir\u00e1n su carta a su mazo personal. Algunas cartas sumar\u00e1n poderosas habilidades o puntos de victoria, pero en otros casos habr\u00e1 penalizaciones o ciertas restricciones. \u00a1Pensad muy bien a quien dar caza!<\/p>\n<p>Al final del turno 15, el vampiro superviviente que sume m\u00e1s puntos de victoria ganar\u00e1 la partida. Con unas mec\u00e1nicas que recuerdan a los t\u00edtulos de la famosa saga\u00a0<i>Clank!<\/i>,\u00a0<i>El ansia<\/i>\u00a0es una carrera fren\u00e9tica a contrarreloj en la que la estrategia ser\u00e1 vital para lograr la victoria.<\/p>\n<p>Apto para todo tipo de jugadores, desde los m\u00e1s experimentados a los m\u00e1s espor\u00e1dicos,\u00a0<i>El ansia<\/i>\u00a0cuenta con dos modos de juego para adaptar el nivel de dificultad a cualquier grupo de participantes. Una experiencia que encantar\u00e1 a los amantes de los g\u00e9neros g\u00f3tico y oscuro, pero tambi\u00e9n a los aficionados a los juegos con mec\u00e1nicas de construcci\u00f3n de mazos o push your luck. \u00bfLograr\u00e9is encontrar el equilibrio entre el ansia y la gula, sumar m\u00e1s puntos y llegar de una pieza al castillo antes del alba?<\/p>\n","protected":false},"excerpt":{"rendered":"<p>Obra del legendario creador de juegos Richard Garfield, autor de t\u00edtulos c\u00e9lebres como\u00a0Magic: The Gathering,\u00a0King of Tokyo,\u00a0Treasure Hunter\u00a0o\u00a0Bunny Kingdom,\u00a0El ansia\u00a0es un juego con mec\u00e1nicas de construcci\u00f3n de mazos y push your luck (fuerza la suerte) que nos pone en la piel de temibles vampiros sedientos de sangre. Pueden participar de 2 a 6 jugadores, a [&hellip;]<\/p>\n","protected":false},"featured_media":64521,"template":"","meta":{"_acf_changed":false},"product_brand":[],"product_cat":[2344,1653,1180],"product_tag":[],"class_list":{"0":"post-64527","1":"product","2":"type-product","3":"status-publish","4":"has-post-thumbnail","6":"product_cat-devir-es","7":"product_cat-boardgames","8":"product_cat-retail-products-es","10":"first","11":"onbackorder","12":"sale","13":"taxable","14":"shipping-taxable","15":"purchasable","16":"product-type-simple"},"exclude_global_add_ons":[],"addons":[],"acf":[],"_links":{"self":[{"href":"https:\/\/www.customeeple.com\/es\/wp-json\/wp\/v2\/product\/64527","targetHints":{"allow":["GET"]}}],"collection":[{"href":"https:\/\/www.customeeple.com\/es\/wp-json\/wp\/v2\/product"}],"about":[{"href":"https:\/\/www.customeeple.com\/es\/wp-json\/wp\/v2\/types\/product"}],"wp:featuredmedia":[{"embeddable":true,"href":"https:\/\/www.customeeple.com\/es\/wp-json\/wp\/v2\/media\/64521"}],"wp:attachment":[{"href":"https:\/\/www.customeeple.com\/es\/wp-json\/wp\/v2\/media?parent=64527"}],"wp:term":[{"taxonomy":"product_brand","embeddable":true,"href":"https:\/\/www.customeeple.com\/es\/wp-json\/wp\/v2\/product_brand?post=64527"},{"taxonomy":"product_cat","embeddable":true,"href":"https:\/\/www.customeeple.com\/es\/wp-json\/wp\/v2\/product_cat?post=64527"},{"taxonomy":"product_tag","embeddable":true,"href":"https:\/\/www.customeeple.com\/es\/wp-json\/wp\/v2\/product_tag?post=64527"}],"curies":[{"name":"wp","href":"https:\/\/api.w.org\/{rel}","templated":true}]}}