{"id":64518,"date":"2022-08-31T19:49:45","date_gmt":"2022-08-31T18:49:45","guid":{"rendered":"https:\/\/www.customeeple.com\/product\/clank\/"},"modified":"2022-08-31T19:49:45","modified_gmt":"2022-08-31T18:49:45","slug":"clank","status":"publish","type":"product","link":"https:\/\/www.customeeple.com\/es\/producto\/clank\/","title":{"rendered":"Clank! (SPA)"},"content":{"rendered":"<p><a href=\"https:\/\/devir.es\/trailer-clank\">Clank!<\/a>, dise\u00f1ado por Paul Dennen e ilustrado por Rayph Beisner, Raul Ramos y Nate Storm en 2016, combina de una forma innovadora las mec\u00e1nicas de\u00a0<a href=\"https:\/\/devir.es\/devirpedia\/construccion-de-mazos\">construcci\u00f3n de mazos<\/a>\u00a0con movimientos en un tablero. Es un juego donde tendremos que saquear la guarida de un drag\u00f3n antes de que despierte, se ponga de mal humor y devore a los aventureros. Entra y consigue escapar con tesoros inimaginables.<\/p>\n<p><a href=\"https:\/\/devir.es\/como-jugar-a-clank\">Clank!\u00a0<\/a>es el pr\u00f3ximo paso en tu aventura de juegos de mesa, combinando sencillamente la exploraci\u00f3n de calabozos con la<a href=\"https:\/\/devir.es\/devirpedia\/construccion-de-mazos\">\u00a0construcci\u00f3n de mazos<\/a>\u00a0con una mezcla innovadora de mec\u00e1nicas. Avent\u00farate dentro de la mazmorra en la que un drag\u00f3n guarda su tesoro, pero intenta no hacer mucho ruido, ya que ninguno de los hasta 4 aventureros que van en b\u00fasqueda de tesoros inimaginables quiere que el drac\u00f3nico guardi\u00e1n despierte y los convierta en su almuerzo. Como en todos los juegos de construcci\u00f3n de mazos, cada aventurero comenzar\u00e1 con las mismas herramientas que los dem\u00e1s. Estos mazos de 10 cartas iniciales se ir\u00e1n personalizando durante la partida, con las nuevas cartas compradas desde una fila de cartas \u00fanicas en medio de la mesa. Usualmente, en los juegos de construcci\u00f3n de mazos los efectos de las cartas que se juegan afectan principalmente a 3 cosas: una cuenta de dinero virtual para comprar cartas nuevas que se agregan a tu mazo, las cartas que un jugador puede robar en el turno, y las manos o mazos de los oponentes. En\u00a0<a href=\"https:\/\/devir.es\/trailer-clank\">Clank!<\/a>, adem\u00e1s, veremos que las cartas que jugamos cada turno tambi\u00e9n afectan al tablero que representa la mazmorra, donde nuestros h\u00e9roes encontrar\u00e1n diferentes salas con obst\u00e1culos, enemigos a los que enfrentarse y tesoros que recolectar.<\/p>\n<p>Los obst\u00e1culos pueden ser puertas cerradas, para las que ser\u00e1 necesario encontrar la llave, o cavernas de dif\u00edcil acceso que evitan que nos movamos m\u00e1s casillas durante el turno en el que llegamos. Los monstruos pueden hacer ruido o darnos algo de oro cuando los derrotamos. Dentro de las profundidades de la mazmorra encontraremos algunos objetos con mucho valor, pero este ser\u00e1 proporcional al riesgo que corramos al introducirnos dentro de la mazmorra \u00a1Luego tendremos que salir corriendo para hacer que nuestros tesoros cuenten! Tambi\u00e9n tendremos que observar los movimientos de los dem\u00e1s jugadores para intentar salir de las profundidades del escondite del drag\u00f3n antes que nos quedemos atrapados con \u00e9l.\u00a0<a href=\"https:\/\/devir.es\/como-jugar-a-clank\">Clank!<\/a>\u00a0es un gran\u00a0<a href=\"https:\/\/devir.es\/devirpedia\/familiar\">juego familiar<\/a>\u00a0de complejidad media. Si ya conoces las mec\u00e1nicas de construcci\u00f3n de mazos, comenzar a jugar es muy sencillo. \u00a1Descubre reliquias y oro dentro de las cuevas del drag\u00f3n!<\/p>\n<p>Clank! tiene una aproximaci\u00f3n innovadora a los juegos de \u00ab<a href=\"https:\/\/devir.es\/devirpedia\/push-your-luck\">push your luck<\/a>\u00bb y de\u00a0<a href=\"https:\/\/devir.es\/devirpedia\/construccion-de-mazos\">construcci\u00f3n de mazos.<\/a>\u00a0Es b\u00e1sicamente una carrera por entrar y salir de la mazmorra con los tesoros m\u00e1s valiosos, mientras gestionamos un mazo de cartas con el que nos movemos por el tablero. \u00a1Ya disponible en castellano!<\/p>\n","protected":false},"excerpt":{"rendered":"<p>Clank!, dise\u00f1ado por Paul Dennen e ilustrado por Rayph Beisner, Raul Ramos y Nate Storm en 2016, combina de una forma innovadora las mec\u00e1nicas de\u00a0construcci\u00f3n de mazos\u00a0con movimientos en un tablero. Es un juego donde tendremos que saquear la guarida de un drag\u00f3n antes de que despierte, se ponga de mal humor y devore a [&hellip;]<\/p>\n","protected":false},"featured_media":64517,"template":"","meta":{"_acf_changed":false},"product_brand":[],"product_cat":[2344,1557,1653,1180],"product_tag":[],"class_list":{"0":"post-64518","1":"product","2":"type-product","3":"status-publish","4":"has-post-thumbnail","6":"product_cat-devir-es","7":"product_cat-card-game-es","8":"product_cat-boardgames","9":"product_cat-retail-products-es","11":"first","12":"onbackorder","13":"sale","14":"taxable","15":"shipping-taxable","16":"purchasable","17":"product-type-simple"},"exclude_global_add_ons":[],"addons":[],"acf":[],"_links":{"self":[{"href":"https:\/\/www.customeeple.com\/es\/wp-json\/wp\/v2\/product\/64518","targetHints":{"allow":["GET"]}}],"collection":[{"href":"https:\/\/www.customeeple.com\/es\/wp-json\/wp\/v2\/product"}],"about":[{"href":"https:\/\/www.customeeple.com\/es\/wp-json\/wp\/v2\/types\/product"}],"wp:featuredmedia":[{"embeddable":true,"href":"https:\/\/www.customeeple.com\/es\/wp-json\/wp\/v2\/media\/64517"}],"wp:attachment":[{"href":"https:\/\/www.customeeple.com\/es\/wp-json\/wp\/v2\/media?parent=64518"}],"wp:term":[{"taxonomy":"product_brand","embeddable":true,"href":"https:\/\/www.customeeple.com\/es\/wp-json\/wp\/v2\/product_brand?post=64518"},{"taxonomy":"product_cat","embeddable":true,"href":"https:\/\/www.customeeple.com\/es\/wp-json\/wp\/v2\/product_cat?post=64518"},{"taxonomy":"product_tag","embeddable":true,"href":"https:\/\/www.customeeple.com\/es\/wp-json\/wp\/v2\/product_tag?post=64518"}],"curies":[{"name":"wp","href":"https:\/\/api.w.org\/{rel}","templated":true}]}}