{"id":64441,"date":"2022-08-24T19:47:59","date_gmt":"2022-08-24T18:47:59","guid":{"rendered":"https:\/\/www.customeeple.com\/product\/centaurion-marshal\/"},"modified":"2024-07-13T00:00:22","modified_gmt":"2024-07-12T23:00:22","slug":"centaurion-marshal","status":"publish","type":"product","link":"https:\/\/www.customeeple.com\/es\/producto\/centaurion-marshal\/","title":{"rendered":"Centaurion Marshal"},"content":{"rendered":"<p>Los Centauriones son criaturas aterradoras, que perfeccionaron su fuerza y \u200b\u200bhabilidad en los pozos de guerra de Varanspire. Cargando de cabeza en la refriega con cascos duros como el hierro, los Centauriones causan estragos con cada una de las armas mortales que sujetan en sus cuatro brazos, atrapando, ensartando, golpeando y pisoteando a cualquiera que se interponga frente a ellos. Los Marshals son los m\u00e1s fuertes de su clase, ascendidos de la arena a las filas de poderosas partidas de guerra y legiones; sin embargo, a pesar de su ferocidad bestial, tambi\u00e9n son criaturas de gran astucia y sutileza, que han jurado reunir partidas de guerra en el oscuro servicio de su Se\u00f1or Oscuro.<\/p>\n<p>Con este kit multicomponente de pl\u00e1stico puedes montar un Mariscal Centauri\u00f3n, un enorme guerrero de ocho extremidades armado con una gran variedad de armas. Levant\u00e1ndose sobre sus patas traseras, con la cola y el mo\u00f1o balance\u00e1ndose tras \u00e9l, esta miniatura es una adici\u00f3n llamativa para cualquier colecci\u00f3n del Caos, y el estilo gladiador de su armadura encaja perfectamente con los otros habitantes de los fosos de combate de Archaon, como el resto de Legionarios del Caos que comparten su culto a Be&#8217;lakor.<\/p>\n<p>El Mariscal Centauri\u00f3n puede unirse a cualquier banda del Caos en partidas de Warcry, utilizando las cartas de guerrero y de habilidad incluidas (en ingl\u00e9s, franc\u00e9s, italiano, alem\u00e1n, castellano, chino, japon\u00e9s y ruso). Tambi\u00e9n puede desplegarse como un poderoso h\u00e9roe para los ej\u00e9rcitos de Esclavos de la Oscuridad en Warhammer Age of Sigmar usando las reglas disponibles como descarga gratuita en el sitio web de\u00a0<a href=\"https:\/\/www.warhammer-community.com\/downloads\/#warhammer-age-of-sigmar\">Warhammer Community.<\/a><\/p>\n<p>Esta caja consta de 22 piezas de pl\u00e1stico y se suministra con una peana redonda Citadel de 80 mm, as\u00ed como una carta de luchador y una carta de habilidad para usar el Mariscal Centauri\u00f3n en tus partidas de Warcry. Esta miniatura se suministra sin pintar y requiere montaje. Recomendamos utilizar Pegamento para pl\u00e1sticos Citadel y pinturas Citadel.<\/p>\n","protected":false},"excerpt":{"rendered":"<p>Los Centauriones son criaturas aterradoras, que perfeccionaron su fuerza y \u200b\u200bhabilidad en los pozos de guerra de Varanspire. Cargando de cabeza en la refriega con cascos duros como el hierro, los Centauriones causan estragos con cada una de las armas mortales que sujetan en sus cuatro brazos, atrapando, ensartando, golpeando y pisoteando a cualquiera que [&hellip;]<\/p>\n","protected":false},"featured_media":64431,"template":"","meta":{"_acf_changed":false},"product_brand":[],"product_cat":[1177,1180,1688,1623],"product_tag":[],"class_list":{"0":"post-64441","1":"product","2":"type-product","3":"status-publish","4":"has-post-thumbnail","6":"product_cat-games-workshop-es","7":"product_cat-retail-products-es","8":"product_cat-warcry-es","9":"product_cat-wargames-es-2","11":"first","12":"onbackorder","13":"sale","14":"taxable","15":"shipping-taxable","16":"purchasable","17":"product-type-simple"},"exclude_global_add_ons":[],"addons":[],"acf":[],"_links":{"self":[{"href":"https:\/\/www.customeeple.com\/es\/wp-json\/wp\/v2\/product\/64441","targetHints":{"allow":["GET"]}}],"collection":[{"href":"https:\/\/www.customeeple.com\/es\/wp-json\/wp\/v2\/product"}],"about":[{"href":"https:\/\/www.customeeple.com\/es\/wp-json\/wp\/v2\/types\/product"}],"wp:featuredmedia":[{"embeddable":true,"href":"https:\/\/www.customeeple.com\/es\/wp-json\/wp\/v2\/media\/64431"}],"wp:attachment":[{"href":"https:\/\/www.customeeple.com\/es\/wp-json\/wp\/v2\/media?parent=64441"}],"wp:term":[{"taxonomy":"product_brand","embeddable":true,"href":"https:\/\/www.customeeple.com\/es\/wp-json\/wp\/v2\/product_brand?post=64441"},{"taxonomy":"product_cat","embeddable":true,"href":"https:\/\/www.customeeple.com\/es\/wp-json\/wp\/v2\/product_cat?post=64441"},{"taxonomy":"product_tag","embeddable":true,"href":"https:\/\/www.customeeple.com\/es\/wp-json\/wp\/v2\/product_tag?post=64441"}],"curies":[{"name":"wp","href":"https:\/\/api.w.org\/{rel}","templated":true}]}}