{"id":64440,"date":"2022-08-17T19:54:38","date_gmt":"2022-08-17T18:54:38","guid":{"rendered":"https:\/\/www.customeeple.com\/product\/contemptor-dreadnought\/"},"modified":"2024-07-13T00:00:21","modified_gmt":"2024-07-12T23:00:21","slug":"contemptor-dreadnought","status":"publish","type":"product","link":"https:\/\/www.customeeple.com\/es\/producto\/contemptor-dreadnought\/","title":{"rendered":"Contemptor Dreadnought"},"content":{"rendered":"<p>Quiz\u00e1s el motor Dreadnought m\u00e1s avanzado del arsenal de la Gran Cruzada, el Dreadnought Contemptor fusiona tecnolog\u00edas tradicionales con conocimientos cibern\u00e9ticos arcanos. Un poderoso reactor at\u00f3mico alimenta la impresionante velocidad y fuerza del Dreadnought, al mismo tiempo que proporciona los campos de energ\u00eda defensivos que aumentan a\u00fan m\u00e1s su durabilidad en el campo de batalla. Equipado con un vers\u00e1til arsenal de armas que le permite servir como plataforma m\u00f3vil de armas pesadas, potencia de asalto o rompel\u00edneas vers\u00e1til, el Contemptor ha encontrado un lugar dentro de cada Legi\u00f3n, sin importar sus t\u00e1cticas preferidas.<\/p>\n<p>Con este kit de pl\u00e1stico multicomponente puedes montar un Dreadnought Contemptor, un impresionante b\u00edpode de combate con un gran n\u00famero de opciones de armas. El kit te proporciona ocho armas a distancia diferentes entre las que elegir: un ca\u00f1\u00f3n de haz de conversi\u00f3n, un ca\u00f1\u00f3n autom\u00e1tico Gravis, un ca\u00f1\u00f3n b\u00f3lter Gravis, un ca\u00f1\u00f3n l\u00e1ser Gravis, un ca\u00f1\u00f3n de fusi\u00f3n Gravis, un ca\u00f1\u00f3n de plasma Gravis, un ca\u00f1\u00f3n de asalto Kheres y una culebrina dual volkite, cada una de las cuales se puede montar en cualquiera de los brazos del Contemptor. El kit tambi\u00e9n incluye dos pu\u00f1os de combate, cada uno de los cuales se puede montar como un pu\u00f1o de energ\u00eda Gravis o un pu\u00f1o sierra Gravis, y tiene el arma incorporada que elijas: un combi-b\u00f3lter, una pistola de gravitones, un lanzallamas pesado, una pistola de fusi\u00f3n o un bl\u00e1ster de plasma. La miniatura puede incluso montarse con un lanzaestragos montado en el casco o una matriz de orientaci\u00f3n helicoidal montada en la cabeza.<\/p>\n<p>Tambi\u00e9n encontrar\u00e1s una variedad de piezas alternativas y opciones cosm\u00e9ticas, que incluyen dos cabezas, cuatro dise\u00f1os de caparaz\u00f3n diferentes, una selecci\u00f3n de garras o dedos para los pu\u00f1os de combate y accesorios de volutas y escudos basculantes. Las articulaciones, la cabeza y los dedos del pu\u00f1o de energ\u00eda de la miniatura se pueden montar en una amplia gama de poses, asegurando que no haya dos Contemptors iguales.<\/p>\n<p>Este kit consta de 164 piezas de pl\u00e1stico y se suministra con una peana redonda Citadel de 60 mm, as\u00ed como una hoja de calcoman\u00edas de veh\u00edculos de Legiones Astartes que contiene 44 marcas e iconos opcionales para las Legiones de los Hijos de Horus y los Pu\u00f1os Imperiales. Esta miniatura se suministra sin pintar y requiere montaje. Recomendamos utilizar pegamento para pl\u00e1stico Citadel y pinturas Citadel.<\/p>\n<p>Este kit es compatible con las matrices de armas de Dreadnought Contemptor lo que te permite equipar tu Dreadnought con dos armas a distancia iguales montadas en el brazo.<\/p>\n","protected":false},"excerpt":{"rendered":"<p>Quiz\u00e1s el motor Dreadnought m\u00e1s avanzado del arsenal de la Gran Cruzada, el Dreadnought Contemptor fusiona tecnolog\u00edas tradicionales con conocimientos cibern\u00e9ticos arcanos. Un poderoso reactor at\u00f3mico alimenta la impresionante velocidad y fuerza del Dreadnought, al mismo tiempo que proporciona los campos de energ\u00eda defensivos que aumentan a\u00fan m\u00e1s su durabilidad en el campo de batalla. [&hellip;]<\/p>\n","protected":false},"featured_media":64435,"template":"","meta":{"_acf_changed":false},"product_brand":[],"product_cat":[1177,1180,1623,1229],"product_tag":[],"class_list":{"0":"post-64440","1":"product","2":"type-product","3":"status-publish","4":"has-post-thumbnail","6":"product_cat-games-workshop-es","7":"product_cat-retail-products-es","8":"product_cat-wargames-es-2","9":"product_cat-warhammer-40k-es","11":"first","12":"onbackorder","13":"sale","14":"taxable","15":"shipping-taxable","16":"purchasable","17":"product-type-simple"},"exclude_global_add_ons":[],"addons":[],"acf":[],"_links":{"self":[{"href":"https:\/\/www.customeeple.com\/es\/wp-json\/wp\/v2\/product\/64440","targetHints":{"allow":["GET"]}}],"collection":[{"href":"https:\/\/www.customeeple.com\/es\/wp-json\/wp\/v2\/product"}],"about":[{"href":"https:\/\/www.customeeple.com\/es\/wp-json\/wp\/v2\/types\/product"}],"wp:featuredmedia":[{"embeddable":true,"href":"https:\/\/www.customeeple.com\/es\/wp-json\/wp\/v2\/media\/64435"}],"wp:attachment":[{"href":"https:\/\/www.customeeple.com\/es\/wp-json\/wp\/v2\/media?parent=64440"}],"wp:term":[{"taxonomy":"product_brand","embeddable":true,"href":"https:\/\/www.customeeple.com\/es\/wp-json\/wp\/v2\/product_brand?post=64440"},{"taxonomy":"product_cat","embeddable":true,"href":"https:\/\/www.customeeple.com\/es\/wp-json\/wp\/v2\/product_cat?post=64440"},{"taxonomy":"product_tag","embeddable":true,"href":"https:\/\/www.customeeple.com\/es\/wp-json\/wp\/v2\/product_tag?post=64440"}],"curies":[{"name":"wp","href":"https:\/\/api.w.org\/{rel}","templated":true}]}}