{"id":64438,"date":"2022-08-24T19:48:07","date_gmt":"2022-08-24T18:48:07","guid":{"rendered":"https:\/\/www.customeeple.com\/product\/drekki-flint\/"},"modified":"2023-11-23T00:00:20","modified_gmt":"2023-11-22T23:00:20","slug":"drekki-flint","status":"publish","type":"product","link":"https:\/\/www.customeeple.com\/es\/producto\/drekki-flint\/","title":{"rendered":"Drekki Flynt"},"content":{"rendered":"<p>Seg\u00fan algunos, Drekki Flynt es el Capit\u00e1n Arkanaut m\u00e1s elegante de todos los Skyshoals. Seg\u00fan otros, es un charlat\u00e1n in\u00fatil, un pirata desenfrenado y les debe dinero. Siempre en busca de su pr\u00f3xima aventura, el se\u00f1or de los Aelsling es un piloto a\u00e9reo de raro talento y audacia que habla mucho, se jacta escandalosamente y navega cerca de los vientos del peligro. Un p\u00edcaro y un ladr\u00f3n, pero, aunque lo oculta bien, un h\u00e9roe de coraz\u00f3n, cuando llega el momento de la verdad, se puede confiar en que Drekki har\u00e1 lo correcto. Finalmente.<\/p>\n<p>Con este kit de pl\u00e1stico multicomponente puedes montar a Drekki Flynt, extraordinario piloto a\u00e9reo intr\u00e9pido y estrella de ficci\u00f3n de Black Library, incluida su propia novela de larga duraci\u00f3n, The Arkanaut&#8217;s Oath. Armado con Karon, su pistola ecualizadora et\u00e9rea de tres ca\u00f1ones y el hacha de Grunnsson, una combinaci\u00f3n de hacha y arp\u00f3n, creada por el herrero r\u00fanico de su nave, es un oponente formidable en el campo de batalla. De pie sobre el tent\u00e1culo cercenado de una monstruosa bestia celestial, el aerotraje personalizado de Drekki est\u00e1 adornado con dise\u00f1os \u00fanicos que lo hacen destacar entre la multitud, que es justo lo que le gusta.<\/p>\n<p>Este kit consta de 12 piezas de pl\u00e1stico y se suministra con una peana redonda Citadel de 32 mm. Esta miniatura se suministra sin pintar y requiere montaje. Recomendamos usar pegamento para pl\u00e1stico Citadel y pinturas Citadel Color. Las reglas para usar a Drekki Flynt en partidas de Warhammer Age of Sigmar se pueden descargar desde el sitio web de la\u00a0<a href=\"https:\/\/www.warhammer-community.com\/downloads\/#warhammer-age-of-sigmar\">comunidad de Warhammer.<\/a><\/p>\n","protected":false},"excerpt":{"rendered":"<p>Seg\u00fan algunos, Drekki Flynt es el Capit\u00e1n Arkanaut m\u00e1s elegante de todos los Skyshoals. Seg\u00fan otros, es un charlat\u00e1n in\u00fatil, un pirata desenfrenado y les debe dinero. Siempre en busca de su pr\u00f3xima aventura, el se\u00f1or de los Aelsling es un piloto a\u00e9reo de raro talento y audacia que habla mucho, se jacta escandalosamente y [&hellip;]<\/p>\n","protected":false},"featured_media":64437,"template":"","meta":{"_acf_changed":false},"product_brand":[],"product_cat":[1177,1180,1623,1654],"product_tag":[],"class_list":{"0":"post-64438","1":"product","2":"type-product","3":"status-publish","4":"has-post-thumbnail","6":"product_cat-games-workshop-es","7":"product_cat-retail-products-es","8":"product_cat-wargames-es-2","9":"product_cat-warhammer-age-of-sigmar-es-2","11":"first","12":"onbackorder","13":"sale","14":"taxable","15":"shipping-taxable","16":"purchasable","17":"product-type-simple"},"exclude_global_add_ons":[],"addons":[],"acf":[],"_links":{"self":[{"href":"https:\/\/www.customeeple.com\/es\/wp-json\/wp\/v2\/product\/64438","targetHints":{"allow":["GET"]}}],"collection":[{"href":"https:\/\/www.customeeple.com\/es\/wp-json\/wp\/v2\/product"}],"about":[{"href":"https:\/\/www.customeeple.com\/es\/wp-json\/wp\/v2\/types\/product"}],"wp:featuredmedia":[{"embeddable":true,"href":"https:\/\/www.customeeple.com\/es\/wp-json\/wp\/v2\/media\/64437"}],"wp:attachment":[{"href":"https:\/\/www.customeeple.com\/es\/wp-json\/wp\/v2\/media?parent=64438"}],"wp:term":[{"taxonomy":"product_brand","embeddable":true,"href":"https:\/\/www.customeeple.com\/es\/wp-json\/wp\/v2\/product_brand?post=64438"},{"taxonomy":"product_cat","embeddable":true,"href":"https:\/\/www.customeeple.com\/es\/wp-json\/wp\/v2\/product_cat?post=64438"},{"taxonomy":"product_tag","embeddable":true,"href":"https:\/\/www.customeeple.com\/es\/wp-json\/wp\/v2\/product_tag?post=64438"}],"curies":[{"name":"wp","href":"https:\/\/api.w.org\/{rel}","templated":true}]}}