{"id":64415,"date":"2022-08-25T09:21:57","date_gmt":"2022-08-25T08:21:57","guid":{"rendered":"https:\/\/www.customeeple.com\/?post_type=product&#038;p=64415"},"modified":"2022-08-25T10:32:19","modified_gmt":"2022-08-25T09:32:19","slug":"marcadores-de-zona-de-despliegue-kill-team","status":"publish","type":"product","link":"https:\/\/www.customeeple.com\/es\/producto\/marcadores-de-zona-de-despliegue-kill-team\/","title":{"rendered":"Marcadores de zona de despliegue Kill Team (5 Uds)"},"content":{"rendered":"<p>Un conjunto de marcadores para ayudarte a definir el \u00e1rea de despliegue de <a href=\"https:\/\/warhammer40000.com\/kill-team\/\"><strong>Kill Team<\/strong><\/a><\/p>\n<p>El pack contiene 5 marcadores para delimitar las zonas de despliegue del ej\u00e9rcito en los diferentes escenarios. 4 marcadores de l\u00ednea y 1 marcador de esquina.<\/p>\n<p>Los marcadores est\u00e1 fabricada en acr\u00edlico transparente y se puede comprar en una variedad de colores. Para comprobar los diferentes colores, visite nuestra p\u00e1gina de materiales.<\/p>\n<div class=\"moreinfo\">\n<p><strong style=\"font-size: 14px; line-height: 1.5em;\">Material: <\/strong>Metacrilato fluorescente<\/p>\n<p dir=\"ltr\"><strong>Espesor:<\/strong>\u00a03 mm<\/p>\n<p dir=\"ltr\"><strong>Tama\u00f1o:<\/strong>Varia<\/p>\n<p dir=\"ltr\"><strong>Cantidad:\u00a0<\/strong>5 marcadores de despliegue<\/p>\n<p>Kill Team es un juego publicado por Games Workshop Customeeple no est\u00e1 afiliado a esta empresa y este producto no est\u00e1 respaldado por ellos.<\/p>\n<\/div>\n<div class=\"infopreorder\"><strong>Nota:<\/strong>\u00a0El color del metacrilato de las piezas puede variar ligeramente al de las fotos<\/div>\n","protected":false},"excerpt":{"rendered":"<p>Marcadores para delimitar un \u00e1rea de juego y despliegue en <a href=\"https:\/\/warhammer40000.com\/kill-team\/\"><strong>Kill Team<\/strong><\/a><\/p>\n","protected":false},"featured_media":64396,"template":"","meta":{"_acf_changed":false},"product_brand":[],"product_cat":[191,1122,1370,1177,1427,1229],"product_tag":[],"class_list":{"0":"post-64415","1":"product","2":"type-product","3":"status-publish","4":"has-post-thumbnail","6":"product_cat-accesorios","7":"product_cat-sw-es","8":"product_cat-customeeple-es","9":"product_cat-games-workshop-es","10":"product_cat-kill-team-es","11":"product_cat-warhammer-40k-es","12":"pa_methacrylate-colors-mtye-es","13":"pa_methacrylate-colors-azul-fluor-mfbl-es","14":"pa_methacrylate-colors-mobi-es","15":"pa_methacrylate-colors-azul-oscuro-mobd","16":"pa_methacrylate-colors-beis-mocr","17":"pa_methacrylate-colors-mad","18":"pa_methacrylate-colors-naranja-fluor-mfor-es-2","19":"pa_methacrylate-colors-roble","20":"pa_methacrylate-colors-rosa-helado-mspi","21":"pa_methacrylate-colors-moma","22":"pa_methacrylate-colors-blancohielo-mtiw","23":"pa_methacrylate-colors-smoke-grey-mtsm-es","24":"pa_methacrylate-colors-naranja-fluor-mfor-es","25":"pa_methacrylate-colors-dm","26":"pa_methacrylate-colors-verde-fluor-mfgr","27":"pa_methacrylate-colors-amarill-fluor-mfye","28":"pa_methacrylate-colors-rojotrans-mtre","29":"pa_methacrylate-colors-azul-trans-mtbl","30":"pa_methacrylate-colors-magenta-fluor-mfma-es","31":"pa_methacrylate-colors-naranja-trans-mtor","32":"pa_methacrylate-colors-rojo-more","33":"pa_methacrylate-colors-transparente-mttr","34":"pa_methacrylate-colors-verde-trans-mtgr","35":"pa_methacrylate-colors-dorado-mogo","36":"pa_methacrylate-colors-humo-trans-mtsm","37":"pa_methacrylate-colors-azul-mobl","38":"pa_methacrylate-colors-verde-mogr","39":"pa_methacrylate-colors-gris-mogy","40":"pa_methacrylate-colors-plata-mosi","41":"pa_methacrylate-colors-violeta-movi","42":"pa_methacrylate-colors-amarillo-moye","43":"pa_methacrylate-colors-negro-moba","44":"pa_methacrylate-colors-balnco-mowh","46":"first","47":"instock","48":"taxable","49":"shipping-taxable","50":"purchasable","51":"product-type-variable"},"exclude_global_add_ons":[],"addons":[],"acf":[],"_links":{"self":[{"href":"https:\/\/www.customeeple.com\/es\/wp-json\/wp\/v2\/product\/64415","targetHints":{"allow":["GET"]}}],"collection":[{"href":"https:\/\/www.customeeple.com\/es\/wp-json\/wp\/v2\/product"}],"about":[{"href":"https:\/\/www.customeeple.com\/es\/wp-json\/wp\/v2\/types\/product"}],"wp:featuredmedia":[{"embeddable":true,"href":"https:\/\/www.customeeple.com\/es\/wp-json\/wp\/v2\/media\/64396"}],"wp:attachment":[{"href":"https:\/\/www.customeeple.com\/es\/wp-json\/wp\/v2\/media?parent=64415"}],"wp:term":[{"taxonomy":"product_brand","embeddable":true,"href":"https:\/\/www.customeeple.com\/es\/wp-json\/wp\/v2\/product_brand?post=64415"},{"taxonomy":"product_cat","embeddable":true,"href":"https:\/\/www.customeeple.com\/es\/wp-json\/wp\/v2\/product_cat?post=64415"},{"taxonomy":"product_tag","embeddable":true,"href":"https:\/\/www.customeeple.com\/es\/wp-json\/wp\/v2\/product_tag?post=64415"}],"curies":[{"name":"wp","href":"https:\/\/api.w.org\/{rel}","templated":true}]}}