{"id":64408,"date":"2022-08-04T09:53:21","date_gmt":"2022-08-04T08:53:21","guid":{"rendered":"https:\/\/www.customeeple.com\/product\/cortex-challenge-4\/"},"modified":"2022-08-04T09:53:21","modified_gmt":"2022-08-04T08:53:21","slug":"cortex-challenge-4","status":"publish","type":"product","link":"https:\/\/www.customeeple.com\/es\/producto\/cortex-challenge-4\/","title":{"rendered":"Cortex Challenge (SPA)"},"content":{"rendered":"<p><em>Cortex<\/em>\u00a0pone a juego tu agilidad visual, tu coordinaci\u00f3n, tu memoria, capacidad de razonamiento &#8230; \u00a1incluso la sensibilidad de tu tacto!<\/p>\n<p>\u00a1Desaf\u00eda a tu cerebro con un divertido juego que pondr\u00e1 a prueba tu razonamiento, memoria y rapidez! Compite con los dem\u00e1s jugadores en 8 tipos de retos que estimular\u00e1n tus habilidades cognitivas: pruebas t\u00e1ctiles, observaci\u00f3n, an\u00e1lisis, laberintos, coordinaci\u00f3n\u2026<\/p>\n<p><strong>CONTENIDO<\/strong><br \/>\n90 cartas (74 cartas Prueba, 6 cartas Desaf\u00edo t\u00e1ctil, 10 cartas t\u00e1ctiles en relieve), 6 puzzle-cerebro (24 piezas) e instrucciones.<\/p>\n","protected":false},"excerpt":{"rendered":"<p>Cortex\u00a0pone a juego tu agilidad visual, tu coordinaci\u00f3n, tu memoria, capacidad de razonamiento &#8230; \u00a1incluso la sensibilidad de tu tacto! \u00a1Desaf\u00eda a tu cerebro con un divertido juego que pondr\u00e1 a prueba tu razonamiento, memoria y rapidez! Compite con los dem\u00e1s jugadores en 8 tipos de retos que estimular\u00e1n tus habilidades cognitivas: pruebas t\u00e1ctiles, observaci\u00f3n, [&hellip;]<\/p>\n","protected":false},"featured_media":64405,"template":"","meta":{"_acf_changed":false},"product_brand":[],"product_cat":[1561,2004,1653,1180],"product_tag":[],"class_list":{"0":"post-64408","1":"product","2":"type-product","3":"status-publish","4":"has-post-thumbnail","6":"product_cat-familiar-es","7":"product_cat-party-game-es","8":"product_cat-boardgames","9":"product_cat-retail-products-es","11":"first","12":"onbackorder","13":"sale","14":"taxable","15":"shipping-taxable","16":"purchasable","17":"product-type-simple"},"exclude_global_add_ons":[],"addons":[],"acf":[],"_links":{"self":[{"href":"https:\/\/www.customeeple.com\/es\/wp-json\/wp\/v2\/product\/64408","targetHints":{"allow":["GET"]}}],"collection":[{"href":"https:\/\/www.customeeple.com\/es\/wp-json\/wp\/v2\/product"}],"about":[{"href":"https:\/\/www.customeeple.com\/es\/wp-json\/wp\/v2\/types\/product"}],"wp:featuredmedia":[{"embeddable":true,"href":"https:\/\/www.customeeple.com\/es\/wp-json\/wp\/v2\/media\/64405"}],"wp:attachment":[{"href":"https:\/\/www.customeeple.com\/es\/wp-json\/wp\/v2\/media?parent=64408"}],"wp:term":[{"taxonomy":"product_brand","embeddable":true,"href":"https:\/\/www.customeeple.com\/es\/wp-json\/wp\/v2\/product_brand?post=64408"},{"taxonomy":"product_cat","embeddable":true,"href":"https:\/\/www.customeeple.com\/es\/wp-json\/wp\/v2\/product_cat?post=64408"},{"taxonomy":"product_tag","embeddable":true,"href":"https:\/\/www.customeeple.com\/es\/wp-json\/wp\/v2\/product_tag?post=64408"}],"curies":[{"name":"wp","href":"https:\/\/api.w.org\/{rel}","templated":true}]}}