{"id":64379,"date":"2022-08-23T12:44:44","date_gmt":"2022-08-23T11:44:44","guid":{"rendered":"https:\/\/www.customeeple.com\/?post_type=product&#038;p=64379"},"modified":"2022-08-23T20:31:40","modified_gmt":"2022-08-23T19:31:40","slug":"arkham-horror-lcg-revised-ed-compatible-insert-v2-es","status":"publish","type":"product","link":"https:\/\/www.customeeple.com\/es\/producto\/arkham-horror-lcg-revised-ed-compatible-insert-v2-es\/","title":{"rendered":"Inserto compatible Edici\u00f3n revisada de Arkham Horror (24,4 x 28,2 x 6,5 cm)"},"content":{"rendered":"<p>\u00bfEst\u00e1s cansado de los huecos de aire en las cajas de los juegos?\u00bfjuegos que vienen con insertos que molestan m\u00e1s que organizan? Esta es tu soluci\u00f3n, compra tu propio inserto a medida. Nunca m\u00e1s rodar\u00e1n las piezas por la caja y podr\u00e1s tener organizadas las cartas de un juego.<\/p>\n<p>Este es un inserto de juego dise\u00f1ado para caber dentro de la caja de la Edici\u00f3n revisada de Arkham Horror LCG (y tambi\u00e9n las expansiones de campa\u00f1a)\u00a0 para que puedas tener en el orden correcto todas las cartas que vinieron con el juego. El inserto separa la caja en 2 columnas de 6,4 para tarjetas, e incluye 14 separadores para el espacio de las tarjetas, y dos peque\u00f1os para el espacio central para marcadores y diales. Adicionalmente puedes comprar <a href=\"https:\/\/www.customeeple.com\/?p=33454\">separadores extra<\/a>.<\/p>\n<p>Puedes comprar el inserto solo o con un pr\u00e1ctico paquete de caja para almacenar todas las fichas del juego y usarlo durante el juego para mantener todo ordenado mientras juegas.<\/p>\n<p><strong>Nota<\/strong>: Comprueba que tu caja de juego tenga espacio suficiente para el inserto. Podemos fabricar f\u00e1cilmente insertos en otros tama\u00f1os, solo<strong>\u00a0<\/strong><strong><a href=\"..\/contact-us\/\">contacta con nosotros<\/a>.<\/strong><\/p>\n<div class=\"moreinfo\"><strong>Material: <\/strong>DM<\/div>\n<div class=\"moreinfo\"><strong>Espesor:<\/strong> 2,5 mm<br \/>\n<strong>Tama\u00f1o:<\/strong> 24,4 x 28,2 x 6,5 cm<\/div>\n<div class=\"moreinfo\">\n<p dir=\"ltr\"><strong>Cantidad:<\/strong> 1 inserto y 14+2 separadores.<\/p>\n<p><strong>Arkham Horror<\/strong> es un juego publicado por <strong><a title=\"Fantasy Flight Games\" href=\"https:\/\/boardgamegeek.com\/boardgamepublisher\/17\/fantasy-flight-games\">Fantasy Flight Games<\/a>\u00a0<\/strong>. <strong>Customeeple<\/strong>\u00a0no mantiene ninguna relaci\u00f3n con esta compa\u00f1\u00eda y este producto no esta apoyado por ellos de ninguna forma.<\/p>\n<\/div>\n","protected":false},"excerpt":{"rendered":"<p>Un resistente inserto pensado para cajas de <strong>24,9 x 24,9 x 4,6 cm\u00a0<\/strong><\/p>\n","protected":false},"featured_media":64388,"template":"","meta":{"_acf_changed":false},"product_brand":[],"product_cat":[191,1303,1370,1395,1648,1391],"product_tag":[656,332,1455],"class_list":{"0":"post-64379","1":"product","2":"type-product","3":"status-publish","4":"has-post-thumbnail","6":"product_cat-accesorios","7":"product_cat-ada","8":"product_cat-customeeple-es","9":"product_cat-insertos","10":"product_cat-marvel-champions-es","11":"product_cat-deck-holders-es","12":"product_tag-arkham-horror-es-2","13":"product_tag-insert-es","14":"product_tag-lgc-es","16":"first","17":"instock","18":"taxable","19":"shipping-taxable","20":"purchasable","21":"product-type-variable"},"exclude_global_add_ons":[],"addons":[],"acf":[],"_links":{"self":[{"href":"https:\/\/www.customeeple.com\/es\/wp-json\/wp\/v2\/product\/64379","targetHints":{"allow":["GET"]}}],"collection":[{"href":"https:\/\/www.customeeple.com\/es\/wp-json\/wp\/v2\/product"}],"about":[{"href":"https:\/\/www.customeeple.com\/es\/wp-json\/wp\/v2\/types\/product"}],"wp:featuredmedia":[{"embeddable":true,"href":"https:\/\/www.customeeple.com\/es\/wp-json\/wp\/v2\/media\/64388"}],"wp:attachment":[{"href":"https:\/\/www.customeeple.com\/es\/wp-json\/wp\/v2\/media?parent=64379"}],"wp:term":[{"taxonomy":"product_brand","embeddable":true,"href":"https:\/\/www.customeeple.com\/es\/wp-json\/wp\/v2\/product_brand?post=64379"},{"taxonomy":"product_cat","embeddable":true,"href":"https:\/\/www.customeeple.com\/es\/wp-json\/wp\/v2\/product_cat?post=64379"},{"taxonomy":"product_tag","embeddable":true,"href":"https:\/\/www.customeeple.com\/es\/wp-json\/wp\/v2\/product_tag?post=64379"}],"curies":[{"name":"wp","href":"https:\/\/api.w.org\/{rel}","templated":true}]}}